{"id":8868,"date":"2021-06-29T13:15:22","date_gmt":"2021-06-29T11:15:22","guid":{"rendered":"https:\/\/yulcom-technologies.com\/dev\/yulcom\/?page_id=8868"},"modified":"2022-03-06T13:53:19","modified_gmt":"2022-03-06T12:53:19","slug":"youmani-jerome-lankoande-ceo-yulcom-technologies-2","status":"publish","type":"page","link":"https:\/\/yulcom-technologies.com\/en\/youmani-jerome-lankoande-ceo-yulcom-technologies-2\/","title":{"rendered":"Youmani  Jerome Lankoande CEO Yulcom-technologies"},"content":{"rendered":"<section id=\"bt_bb_section6a085c0ab8ec7\"  class=\"bt_bb_section bt_bb_top_spacing_medium bt_bb_bottom_spacing_normal bt_bb_layout_boxed_1200 bt_bb_vertical_align_top\" ><div class=\"bt_bb_port\"><div class=\"bt_bb_cell\"><div class=\"bt_bb_cell_inner\"><div class=\"bt_bb_row_wrapper\"><div  class=\"bt_bb_row\"  data-bt-override-class=\"{}\"><div  class=\"bt_bb_column col-xl-12 col-xs-12 col-sm-12 col-md-12 col-lg-12 bt_bb_align_left bt_bb_vertical_align_top bt_bb_padding_normal\"  data-width=\"12\" data-bt-override-class=\"{}\"><div class=\"bt_bb_column_content\"><header class=\"bt_bb_headline bt_bb_dash_none bt_bb_subheadline bt_bb_size_medium bt_bb_align_center\" data-bt-override-class=\"{&quot;bt_bb_size_&quot;:{&quot;current_class&quot;:&quot;bt_bb_size_medium&quot;,&quot;xxl&quot;:&quot;medium&quot;,&quot;xl&quot;:&quot;medium&quot;},&quot;bt_bb_align_&quot;:{&quot;current_class&quot;:&quot;bt_bb_align_center&quot;,&quot;xxl&quot;:&quot;center&quot;,&quot;xl&quot;:&quot;center&quot;}}\"><h2 class=\"bt_bb_headline_tag\"><span class=\"bt_bb_headline_content\"><span>Youmani J\u00e9r\u00f4me LANKOAND\u00c9<br \/>\r\nPr\u00e9sident-directeur g\u00e9n\u00e9ral<\/span><\/span><\/h2><div class=\"bt_bb_headline_subheadline\">BIOGRAPHIE<\/div><\/header><\/div><\/div><\/div><\/div><div class=\"bt_bb_row_wrapper\"><div  class=\"bt_bb_row\"  data-bt-override-class=\"{}\"><div  class=\"bt_bb_column col-xl-6 col-xs-12 col-sm-6 col-md-6 col-lg-6 bt_bb_align_left bt_bb_vertical_align_top bt_bb_padding_normal\"  data-width=\"6\" data-bt-override-class=\"{}\"><div class=\"bt_bb_column_content\"><div class=\"bt_bb_separator bt_bb_border_style_none bt_bb_top_spacing_normal bt_bb_bottom_spacing_normal\" data-bt-override-class=\"null\"><\/div><div  class=\"bt_bb_text\" ><p><span style=\"font-size: 12pt;\">\u00c9conomiste et entrepreneur, Youmani J\u00e9r\u00f4me Lankoand\u00e9 est PDG de YULCOM Technologies Inc., une soci\u00e9t\u00e9 d\u2019ing\u00e9nierie et de d\u00e9veloppement informatique bas\u00e9e \u00e0 Montr\u00e9al. M. Lankoand\u00e9 est administrateur \u00e0 l\u2019Office Qu\u00e9bec Monde pour la Jeunesse. Il a agi \u00e0 titre de vice-pr\u00e9sident du conseil de la Caisse Desjardins de Saint-Laurent (2017-2018). En 2015 il a \u00e9t\u00e9 s\u00e9lectionn\u00e9 parmi le top 20 des jeunes leaders du Canada par Action Canada.<\/span><\/p>\n<p><span style=\"font-size: 12pt;\">Il cumule plus de dix ann\u00e9es d\u2019exp\u00e9rience de recherche interdisciplinaire sur l\u2019innovation technologique au Canada et aux \u00c9tats-Unis. Il est chercheur invit\u00e9 \u00e0 ATHGO International (Los Angeles).<\/span><\/p>\n<p><span style=\"font-size: 12pt;\">Avant de se lancer en affaires, M. Lankoand\u00e9 \u00e9tait analyste \u00e9conomique \u00e0 Partenariat International. Titulaire d\u2019une ma\u00eetrise en \u00e9conomie politique de l\u2019Universit\u00e9 Laval, il a particip\u00e9 \u00e0 de nombreuses publications et donn\u00e9 des conf\u00e9rences sur l\u2019innovation technologique. Il est auteur de l\u2019ouvrage \u00ab\u00c9conomie politique des investissements directs de la Chine en Afrique\u00bb publi\u00e9 en 2011 aux \u00e9ditions universitaires europ\u00e9ennes.<\/span><\/p>\n<p><span style=\"font-size: 12pt;\">Dans le cadre de ses activit\u00e9s d\u2019affaires il a \u00e9t\u00e9 re\u00e7u en entrevue par plusieurs m\u00e9dias nationaux et internationaux incluant Radio-Canada, China Daily USA, Radio France Internationale, Africa 24 Magazine, TVA et le Journal de Montr\u00e9al.<\/span><\/p>\n<p><span style=\"font-size: 12pt;\">Monsieur Lankoand\u00e9 a \u00e9t\u00e9 pr\u00e9sident de la Jeune Chambre de commerce et d\u2019industrie de Saint-Laurent (2012-2014) et a si\u00e9g\u00e9 sur le conseil d\u2019administration de plusieurs organisations incluant l\u2019Universit\u00e9 Laval (2007-2009), Force Jeunesse (2009-2010), la Caisse Desjardins de Saint-Laurent (2015-2018) et la Chambre de commerce et d\u2019industrie de Saint-Laurent \u2013 Mont-Royal (2017-2018).<\/span><\/p>\n<p><span style=\"font-size: 12pt;\">Dans le cadre de ses voyages d\u2019affaires il a visit\u00e9 les \u00c9tats-Unis, la Chine, l\u2019Allemagne, le Royaume-Uni, la France, la Suisse, la Belgique, les Pays-Bas, l\u2019Autriche, la Slovaquie, l\u2019Espagne, le Luxembourg, les \u00c9mirats Arabes Unis, le Maroc,\u00a0 le Gabon, le Cameroun, le S\u00e9n\u00e9gal, le Mali, le Burkina Faso, le Togo, le B\u00e9nin, la C\u00f4te d\u2019Ivoire, la Guin\u00e9e Conakry, et le Ghana.<\/span><\/p>\n<\/div><\/div><\/div><div  class=\"bt_bb_column col-xl-6 col-xs-12 col-sm-6 col-md-6 col-lg-6 bt_bb_align_left bt_bb_vertical_align_top bt_bb_padding_normal\"  data-width=\"6\" data-bt-override-class=\"{}\"><div class=\"bt_bb_column_content\"><div class=\"bt_bb_separator bt_bb_border_style_none bt_bb_bottom_spacing_medium\" data-bt-override-class=\"null\"><\/div><div class=\"bt_bb_image bt_bb_shape_square bt_bb_target_self bt_bb_align_center bt_bb_hover_style_simple bt_bb_content_display_always bt_bb_content_align_middle bt_bb_fill_background_color_full\" data-bt-override-class=\"{&quot;bt_bb_align_&quot;:{&quot;current_class&quot;:&quot;bt_bb_align_center&quot;,&quot;xxl&quot;:&quot;center&quot;,&quot;xl&quot;:&quot;center&quot;}}\"><span><img fetchpriority=\"high\" decoding=\"async\" width=\"716\" height=\"960\" src=\"https:\/\/yulcom-technologies.com\/wp-content\/uploads\/2021\/05\/Photo-Youmani-Jerome-Lankoande-.jpg\" class=\"attachment-full size-full\" alt=\"https:\/\/yulcom-technologies.com\/wp-content\/uploads\/2021\/05\/Photo-Youmani-Jerome-Lankoande-.jpg\" data-full_image_src=\"https:\/\/yulcom-technologies.com\/wp-content\/uploads\/2021\/05\/Photo-Youmani-Jerome-Lankoande-.jpg\"  srcset=\"https:\/\/yulcom-technologies.com\/wp-content\/uploads\/2021\/05\/Photo-Youmani-Jerome-Lankoande-.jpg 716w, https:\/\/yulcom-technologies.com\/wp-content\/uploads\/2021\/05\/Photo-Youmani-Jerome-Lankoande--640x858.jpg 640w, https:\/\/yulcom-technologies.com\/wp-content\/uploads\/2021\/05\/Photo-Youmani-Jerome-Lankoande--9x12.jpg 9w, https:\/\/yulcom-technologies.com\/wp-content\/uploads\/2021\/05\/Photo-Youmani-Jerome-Lankoande--320x429.jpg 320w\" sizes=\"(max-width: 716px) 100vw, 716px\" \/><\/span><\/div><\/div><\/div><\/div><\/div><\/div><\/div><\/div><\/section><section id=\"bt_bb_section6a085c0ab9766\"  class=\"bt_bb_section bt_bb_layout_boxed_1600 bt_bb_vertical_align_top\" style=\";background-color:rgb(245,245,245);\"><div class=\"bt_bb_port\"><div class=\"bt_bb_cell\"><div class=\"bt_bb_cell_inner\"><div class=\"bt_bb_row_wrapper\"><div  class=\"bt_bb_row\"  data-bt-override-class=\"{}\"><div  class=\"bt_bb_column col-xl-12 col-xs-12 col-sm-12 col-md-12 col-lg-12 bt_bb_align_left bt_bb_vertical_align_top bt_bb_padding_normal\"  data-width=\"12\" data-bt-override-class=\"{}\"><div class=\"bt_bb_column_content\"><div class=\"bt_bb_separator bt_bb_border_style_none bt_bb_top_spacing_normal bt_bb_bottom_spacing_normal\" data-bt-override-class=\"null\"><\/div><header class=\"bt_bb_headline bt_bb_dash_none bt_bb_size_normal bt_bb_align_center\" data-bt-override-class=\"{&quot;bt_bb_size_&quot;:{&quot;current_class&quot;:&quot;bt_bb_size_normal&quot;,&quot;xxl&quot;:&quot;normal&quot;,&quot;xl&quot;:&quot;normal&quot;},&quot;bt_bb_align_&quot;:{&quot;current_class&quot;:&quot;bt_bb_align_center&quot;,&quot;xxl&quot;:&quot;center&quot;,&quot;xl&quot;:&quot;center&quot;}}\"><h2 class=\"bt_bb_headline_tag\"><span class=\"bt_bb_headline_content\"><span>M\u00e9dias et actualit\u00e9s de M. Youmani J\u00e9r\u00f4me Lankoand\u00e9<\/span><\/span><\/h2><\/header><\/div><\/div><\/div><\/div><div class=\"bt_bb_row_wrapper\"><div  class=\"bt_bb_row\"  data-bt-override-class=\"{}\"><div  class=\"bt_bb_column col-xl-6 col-xs-12 col-sm-6 col-md-6 col-lg-6 bt_bb_align_left bt_bb_vertical_align_top bt_bb_padding_normal\"  data-width=\"6\" data-bt-override-class=\"{}\"><div class=\"bt_bb_column_content\"><div class=\"bt_bb_separator bt_bb_border_style_none bt_bb_top_spacing_normal\" data-bt-override-class=\"null\"><\/div><div class=\"bt_bb_row_wrapper\"><div  class=\"bt_bb_row_inner bt_bb_column_inner_gap_5\"  data-bt-override-class=\"{}\"><div  class=\"bt_bb_column_inner col-xl-3 col-xs-12 col-sm-12 col-md-12 col-lg-3 bt_bb_align_left bt_bb_vertical_align_top\"  data-width=\"3\" data-bt-override-class=\"{}\"><div class=\"bt_bb_column_inner_content\"><\/div><\/div><div  class=\"bt_bb_column_inner col-xl-9 col-xs-12 col-sm-12 col-md-12 col-lg-9 bt_bb_align_left bt_bb_vertical_align_top\"  data-width=\"9\" data-bt-override-class=\"{}\"><div class=\"bt_bb_column_inner_content\"><div class=\"bt_bb_separator bt_bb_border_style_none bt_bb_top_spacing_normal\" data-bt-override-class=\"null\"><\/div><\/div><\/div><\/div><\/div><div class=\"bt_bb_separator bt_bb_border_style_none bt_bb_top_spacing_normal\" data-bt-override-class=\"null\"><\/div><\/div><\/div><div  class=\"bt_bb_column col-xl-6 col-xs-12 col-sm-6 col-md-6 col-lg-6 bt_bb_align_left bt_bb_vertical_align_top bt_bb_padding_normal\"  data-width=\"6\" data-bt-override-class=\"{}\"><div class=\"bt_bb_column_content\"><div class=\"bt_bb_separator bt_bb_border_style_none bt_bb_top_spacing_medium bt_bb_bottom_spacing_large\" data-bt-override-class=\"null\"><\/div><div  class=\"bt_bb_text\" ><h3><strong>CONF\u00c9RENCE<\/strong><\/h3>\n<p><span style=\"font-size: 12pt;\">Le PDG de YULCOM Technologies, Youmani J\u00e9r\u00f4me Lankoand\u00e9, co-animera un panel sur l\u2019innovation num\u00e9rique en compagnie des experts suivants:<\/span><\/p>\n<ul class=\"ul1\">\n<li class=\"li1\"><span style=\"font-size: 12pt;\"><strong>Noah Redler<\/strong>\u00a0(Fondateur d\u2019Arche Innovation);<\/span><\/li>\n<\/ul>\n<ul class=\"ul1\">\n<li class=\"li1\"><span style=\"font-size: 12pt;\"><strong>Bruno Guglielminetti<\/strong>\u00a0(Consultant Num\u00e9rique);<\/span><\/li>\n<\/ul>\n<ul class=\"ul1\">\n<li class=\"li1\"><span style=\"font-size: 12pt;\"><strong>J\u00e9r\u00f4me Lankoand\u00e9<\/strong>\u00a0(Fondateur de Innovation Qu\u00e9bec\u00a0&amp;\u00a0PDG de YUL-COM Technologies)<\/span><\/li>\n<\/ul>\n<ul class=\"ul1\">\n<li class=\"li1\"><span style=\"font-size: 12pt;\"><strong>Noor Elhuda El Bawab<\/strong>\u00a0(District 3, General Manager)<\/span><\/li>\n<\/ul>\n<p><span style=\"font-size: 12pt;\">L\u2019\u00e9v\u00e9nement organis\u00e9 par POLY-TEA de l\u2019\u00e9cole Polytechnique de Montr\u00e9al se tiendra le 09 f\u00e9vrier\u00a0dans les locaux de OVH Canada \u00e0 18h00.<\/span><\/p>\n<p><span style=\"font-size: 12pt;\">Pour participer \u00e0 l\u2019\u00e9v\u00e9nement vous, cliquez\u00a0<a href=\"https:\/\/www.eventbrite.ca\/e\/conference-annuelle-poly-tea-economie-numerique-tickets-41927607603?aff=eac2\">ICI<\/a>\u00a0.<\/span><\/p>\n<\/div><\/div><\/div><\/div><\/div><\/div><\/div><\/div><\/section><section id=\"bt_bb_section6a085c0ab9d33\"  class=\"bt_bb_section bt_bb_top_spacing_normal bt_bb_layout_boxed_1200 bt_bb_vertical_align_top\" ><div class=\"bt_bb_port\"><div class=\"bt_bb_cell\"><div class=\"bt_bb_cell_inner\"><div class=\"bt_bb_row_wrapper\"><div  class=\"bt_bb_row\"  data-bt-override-class=\"{}\"><div  class=\"bt_bb_column col-xl-12 col-xs-12 col-sm-12 col-md-12 col-lg-12 bt_bb_align_left bt_bb_vertical_align_top bt_bb_padding_normal\"  data-width=\"12\" data-bt-override-class=\"{}\"><div class=\"bt_bb_column_content\"><header class=\"bt_bb_headline bt_bb_dash_none bt_bb_size_normal bt_bb_align_center\" data-bt-override-class=\"{&quot;bt_bb_size_&quot;:{&quot;current_class&quot;:&quot;bt_bb_size_normal&quot;,&quot;xxl&quot;:&quot;normal&quot;,&quot;xl&quot;:&quot;normal&quot;},&quot;bt_bb_align_&quot;:{&quot;current_class&quot;:&quot;bt_bb_align_center&quot;,&quot;xxl&quot;:&quot;center&quot;,&quot;xl&quot;:&quot;center&quot;}}\"><h2 class=\"bt_bb_headline_tag\"><span class=\"bt_bb_headline_content\"><span>Les articles les plus lus<\/span><\/span><\/h2><\/header><div class=\"bt_bb_separator bt_bb_border_style_none bt_bb_top_spacing_medium\" data-bt-override-class=\"null\"><\/div><\/div><\/div><\/div><\/div><div class=\"bt_bb_row_wrapper\"><div  class=\"bt_bb_row\"  data-bt-override-class=\"{}\"><div  class=\"bt_bb_column col-xl-12 col-xs-12 col-sm-12 col-md-12 col-lg-12 bt_bb_align_left bt_bb_vertical_align_top bt_bb_padding_normal\"  data-width=\"12\" data-bt-override-class=\"{}\"><div class=\"bt_bb_column_content\"><div class=\"bt_bb_masonry_post_grid bt_bb_grid_container bt_bb_columns_4 bt_bb_gap_small bt_bb_look_image_above bt_bb_date_design_rounded bt_bb_show_dash_true bt_bb_show_read_more_show_share\" data-columns=\"4\"><div class=\"bt_bb_masonry_post_post_grid_content bt_bb_masonry_post_grid_content bt_bb_grid_hide\" data-bt-nonce=\"f5ad390b1b\" data-number=\"4\" data-category=\"\" data-show=\"a%3A7%3A%7Bs%3A8%3A%22category%22%3Bb%3A1%3Bs%3A4%3A%22date%22%3Bb%3A1%3Bs%3A6%3A%22author%22%3Bb%3A0%3Bs%3A8%3A%22comments%22%3Bb%3A1%3Bs%3A7%3A%22excerpt%22%3Bb%3A1%3Bs%3A5%3A%22share%22%3Bb%3A0%3Bs%3A9%3A%22read_more%22%3Bb%3A1%3B%7D\" data-auto-loading=\"\" data-date-design=\"rounded\"  data-target=\"_self\"><div class=\"bt_bb_grid_sizer\"><\/div><\/div><div class=\"bt_bb_post_grid_loader\"><span class=\"box1\"><\/span><span class=\"box2\"><\/span><span class=\"box3\"><\/span><span class=\"box4\"><\/span><span class=\"box5\"><\/span><\/div><\/div><\/div><\/div><\/div><\/div><\/div><\/div><\/div><\/section>","protected":false},"excerpt":{"rendered":"","protected":false},"author":9,"featured_media":0,"parent":0,"menu_order":0,"comment_status":"closed","ping_status":"closed","template":"","meta":{"footnotes":""},"class_list":["post-8868","page","type-page","status-publish","hentry"],"yoast_head":"<!-- This site is optimized with the Yoast SEO plugin v21.5 - https:\/\/yoast.com\/wordpress\/plugins\/seo\/ -->\n<title>Youmani Jerome Lankoande CEO Yulcom-technologies - YULCOM<\/title>\n<meta name=\"description\" content=\"YULCOM Technologies est une firme multinationale canadienne sp\u00e9cialis\u00e9e dans l\u2019ing\u00e9nierie informatique, la strat\u00e9gie num\u00e9rique, l\u2019acquisition et l\u2019installation d\u2019outils de technologies de l\u2019information.\" \/>\n<meta name=\"robots\" content=\"index, follow, max-snippet:-1, max-image-preview:large, max-video-preview:-1\" \/>\n<link rel=\"canonical\" href=\"https:\/\/yulcom-technologies.com\/en\/youmani-jerome-lankoande-ceo-yulcom-technologies-2\/\" \/>\n<meta property=\"og:locale\" content=\"en_US\" \/>\n<meta property=\"og:type\" content=\"article\" \/>\n<meta property=\"og:title\" content=\"Youmani Jerome Lankoande CEO Yulcom-technologies - YULCOM\" \/>\n<meta property=\"og:description\" content=\"YULCOM Technologies est une firme multinationale canadienne sp\u00e9cialis\u00e9e dans l\u2019ing\u00e9nierie informatique, la strat\u00e9gie num\u00e9rique, l\u2019acquisition et l\u2019installation d\u2019outils de technologies de l\u2019information.\" \/>\n<meta property=\"og:url\" content=\"https:\/\/yulcom-technologies.com\/en\/youmani-jerome-lankoande-ceo-yulcom-technologies-2\/\" \/>\n<meta property=\"og:site_name\" content=\"YULCOM\" \/>\n<meta property=\"article:modified_time\" content=\"2022-03-06T12:53:19+00:00\" \/>\n<meta name=\"twitter:card\" content=\"summary_large_image\" \/>\n<meta name=\"twitter:label1\" content=\"Est. reading time\" \/>\n\t<meta name=\"twitter:data1\" content=\"8 minutes\" \/>\n<script type=\"application\/ld+json\" class=\"yoast-schema-graph\">{\"@context\":\"https:\/\/schema.org\",\"@graph\":[{\"@type\":\"WebPage\",\"@id\":\"https:\/\/yulcom-technologies.com\/en\/youmani-jerome-lankoande-ceo-yulcom-technologies-2\/\",\"url\":\"https:\/\/yulcom-technologies.com\/en\/youmani-jerome-lankoande-ceo-yulcom-technologies-2\/\",\"name\":\"Youmani Jerome Lankoande CEO Yulcom-technologies - YULCOM\",\"isPartOf\":{\"@id\":\"https:\/\/yulcom-technologies.com\/en\/#website\"},\"datePublished\":\"2021-06-29T11:15:22+00:00\",\"dateModified\":\"2022-03-06T12:53:19+00:00\",\"description\":\"YULCOM Technologies est une firme multinationale canadienne sp\u00e9cialis\u00e9e dans l\u2019ing\u00e9nierie informatique, la strat\u00e9gie num\u00e9rique, l\u2019acquisition et l\u2019installation d\u2019outils de technologies de l\u2019information.\",\"breadcrumb\":{\"@id\":\"https:\/\/yulcom-technologies.com\/en\/youmani-jerome-lankoande-ceo-yulcom-technologies-2\/#breadcrumb\"},\"inLanguage\":\"en-CA\",\"potentialAction\":[{\"@type\":\"ReadAction\",\"target\":[\"https:\/\/yulcom-technologies.com\/en\/youmani-jerome-lankoande-ceo-yulcom-technologies-2\/\"]}]},{\"@type\":\"BreadcrumbList\",\"@id\":\"https:\/\/yulcom-technologies.com\/en\/youmani-jerome-lankoande-ceo-yulcom-technologies-2\/#breadcrumb\",\"itemListElement\":[{\"@type\":\"ListItem\",\"position\":1,\"name\":\"Accueil\",\"item\":\"https:\/\/yulcom-technologies.com\/en\/\"},{\"@type\":\"ListItem\",\"position\":2,\"name\":\"Youmani Jerome Lankoande CEO Yulcom-technologies\"}]},{\"@type\":\"WebSite\",\"@id\":\"https:\/\/yulcom-technologies.com\/en\/#website\",\"url\":\"https:\/\/yulcom-technologies.com\/en\/\",\"name\":\"YULCOM\",\"description\":\"\",\"publisher\":{\"@id\":\"https:\/\/yulcom-technologies.com\/en\/#organization\"},\"potentialAction\":[{\"@type\":\"SearchAction\",\"target\":{\"@type\":\"EntryPoint\",\"urlTemplate\":\"https:\/\/yulcom-technologies.com\/en\/?s={search_term_string}\"},\"query-input\":\"required name=search_term_string\"}],\"inLanguage\":\"en-CA\"},{\"@type\":\"Organization\",\"@id\":\"https:\/\/yulcom-technologies.com\/en\/#organization\",\"name\":\"YULCOM\",\"url\":\"https:\/\/yulcom-technologies.com\/en\/\",\"logo\":{\"@type\":\"ImageObject\",\"inLanguage\":\"en-CA\",\"@id\":\"https:\/\/yulcom-technologies.com\/en\/#\/schema\/logo\/image\/\",\"url\":\"https:\/\/yulcom-technologies.com\/wp-content\/uploads\/2021\/07\/logo.png\",\"contentUrl\":\"https:\/\/yulcom-technologies.com\/wp-content\/uploads\/2021\/07\/logo.png\",\"width\":1500,\"height\":514,\"caption\":\"YULCOM\"},\"image\":{\"@id\":\"https:\/\/yulcom-technologies.com\/en\/#\/schema\/logo\/image\/\"}}]}<\/script>\n<!-- \/ Yoast SEO plugin. -->","yoast_head_json":{"title":"Youmani Jerome Lankoande CEO Yulcom-technologies - YULCOM","description":"YULCOM Technologies est une firme multinationale canadienne sp\u00e9cialis\u00e9e dans l\u2019ing\u00e9nierie informatique, la strat\u00e9gie num\u00e9rique, l\u2019acquisition et l\u2019installation d\u2019outils de technologies de l\u2019information.","robots":{"index":"index","follow":"follow","max-snippet":"max-snippet:-1","max-image-preview":"max-image-preview:large","max-video-preview":"max-video-preview:-1"},"canonical":"https:\/\/yulcom-technologies.com\/en\/youmani-jerome-lankoande-ceo-yulcom-technologies-2\/","og_locale":"en_US","og_type":"article","og_title":"Youmani Jerome Lankoande CEO Yulcom-technologies - YULCOM","og_description":"YULCOM Technologies est une firme multinationale canadienne sp\u00e9cialis\u00e9e dans l\u2019ing\u00e9nierie informatique, la strat\u00e9gie num\u00e9rique, l\u2019acquisition et l\u2019installation d\u2019outils de technologies de l\u2019information.","og_url":"https:\/\/yulcom-technologies.com\/en\/youmani-jerome-lankoande-ceo-yulcom-technologies-2\/","og_site_name":"YULCOM","article_modified_time":"2022-03-06T12:53:19+00:00","twitter_card":"summary_large_image","twitter_misc":{"Est. reading time":"8 minutes"},"schema":{"@context":"https:\/\/schema.org","@graph":[{"@type":"WebPage","@id":"https:\/\/yulcom-technologies.com\/en\/youmani-jerome-lankoande-ceo-yulcom-technologies-2\/","url":"https:\/\/yulcom-technologies.com\/en\/youmani-jerome-lankoande-ceo-yulcom-technologies-2\/","name":"Youmani Jerome Lankoande CEO Yulcom-technologies - YULCOM","isPartOf":{"@id":"https:\/\/yulcom-technologies.com\/en\/#website"},"datePublished":"2021-06-29T11:15:22+00:00","dateModified":"2022-03-06T12:53:19+00:00","description":"YULCOM Technologies est une firme multinationale canadienne sp\u00e9cialis\u00e9e dans l\u2019ing\u00e9nierie informatique, la strat\u00e9gie num\u00e9rique, l\u2019acquisition et l\u2019installation d\u2019outils de technologies de l\u2019information.","breadcrumb":{"@id":"https:\/\/yulcom-technologies.com\/en\/youmani-jerome-lankoande-ceo-yulcom-technologies-2\/#breadcrumb"},"inLanguage":"en-CA","potentialAction":[{"@type":"ReadAction","target":["https:\/\/yulcom-technologies.com\/en\/youmani-jerome-lankoande-ceo-yulcom-technologies-2\/"]}]},{"@type":"BreadcrumbList","@id":"https:\/\/yulcom-technologies.com\/en\/youmani-jerome-lankoande-ceo-yulcom-technologies-2\/#breadcrumb","itemListElement":[{"@type":"ListItem","position":1,"name":"Accueil","item":"https:\/\/yulcom-technologies.com\/en\/"},{"@type":"ListItem","position":2,"name":"Youmani Jerome Lankoande CEO Yulcom-technologies"}]},{"@type":"WebSite","@id":"https:\/\/yulcom-technologies.com\/en\/#website","url":"https:\/\/yulcom-technologies.com\/en\/","name":"YULCOM","description":"","publisher":{"@id":"https:\/\/yulcom-technologies.com\/en\/#organization"},"potentialAction":[{"@type":"SearchAction","target":{"@type":"EntryPoint","urlTemplate":"https:\/\/yulcom-technologies.com\/en\/?s={search_term_string}"},"query-input":"required name=search_term_string"}],"inLanguage":"en-CA"},{"@type":"Organization","@id":"https:\/\/yulcom-technologies.com\/en\/#organization","name":"YULCOM","url":"https:\/\/yulcom-technologies.com\/en\/","logo":{"@type":"ImageObject","inLanguage":"en-CA","@id":"https:\/\/yulcom-technologies.com\/en\/#\/schema\/logo\/image\/","url":"https:\/\/yulcom-technologies.com\/wp-content\/uploads\/2021\/07\/logo.png","contentUrl":"https:\/\/yulcom-technologies.com\/wp-content\/uploads\/2021\/07\/logo.png","width":1500,"height":514,"caption":"YULCOM"},"image":{"@id":"https:\/\/yulcom-technologies.com\/en\/#\/schema\/logo\/image\/"}}]}},"_links":{"self":[{"href":"https:\/\/yulcom-technologies.com\/en\/wp-json\/wp\/v2\/pages\/8868","targetHints":{"allow":["GET"]}}],"collection":[{"href":"https:\/\/yulcom-technologies.com\/en\/wp-json\/wp\/v2\/pages"}],"about":[{"href":"https:\/\/yulcom-technologies.com\/en\/wp-json\/wp\/v2\/types\/page"}],"author":[{"embeddable":true,"href":"https:\/\/yulcom-technologies.com\/en\/wp-json\/wp\/v2\/users\/9"}],"replies":[{"embeddable":true,"href":"https:\/\/yulcom-technologies.com\/en\/wp-json\/wp\/v2\/comments?post=8868"}],"version-history":[{"count":2,"href":"https:\/\/yulcom-technologies.com\/en\/wp-json\/wp\/v2\/pages\/8868\/revisions"}],"predecessor-version":[{"id":10927,"href":"https:\/\/yulcom-technologies.com\/en\/wp-json\/wp\/v2\/pages\/8868\/revisions\/10927"}],"wp:attachment":[{"href":"https:\/\/yulcom-technologies.com\/en\/wp-json\/wp\/v2\/media?parent=8868"}],"curies":[{"name":"wp","href":"https:\/\/api.w.org\/{rel}","templated":true}]}}