{"id":7743,"date":"2021-06-17T16:12:38","date_gmt":"2021-06-17T14:12:38","guid":{"rendered":"https:\/\/yulcom-technologies.com\/dev\/yulcom\/?page_id=7743"},"modified":"2024-07-15T15:53:47","modified_gmt":"2024-07-15T13:53:47","slug":"services-en","status":"publish","type":"page","link":"https:\/\/yulcom-technologies.com\/en\/services-en\/","title":{"rendered":"Services"},"content":{"rendered":"<section id=\"bt_bb_section69e47ce90b431\"  class=\"bt_bb_section bt_bb_top_spacing_medium bt_bb_bottom_spacing_medium bt_bb_layout_boxed_1100 bt_bb_vertical_align_top\" ><div class=\"bt_bb_port\"><div class=\"bt_bb_cell\"><div class=\"bt_bb_cell_inner\"><div class=\"bt_bb_row_wrapper\"><div  class=\"bt_bb_row bt_bb_column_gap_0\"  data-bt-override-class=\"{}\"><div  class=\"bt_bb_column col-xl-12 col-xs-12 col-sm-12 col-md-12 col-lg-12 bt_bb_align_left bt_bb_vertical_align_top bt_bb_padding_normal\"  data-width=\"12\" data-bt-override-class=\"{}\"><div class=\"bt_bb_column_content\"><header class=\"bt_bb_headline bt_bb_dash_bottom bt_bb_size_extralarge bt_bb_align_center\" data-bt-override-class=\"{&quot;bt_bb_size_&quot;:{&quot;current_class&quot;:&quot;bt_bb_size_extralarge&quot;,&quot;xxl&quot;:&quot;extralarge&quot;,&quot;xl&quot;:&quot;extralarge&quot;},&quot;bt_bb_align_&quot;:{&quot;current_class&quot;:&quot;bt_bb_align_center&quot;,&quot;xxl&quot;:&quot;center&quot;,&quot;xl&quot;:&quot;center&quot;}}\"><h2 class=\"bt_bb_headline_tag\"><span class=\"bt_bb_headline_content\"><span>Our <u>Services<\/u><\/span><\/span><\/h2><\/header><div class=\"bt_bb_separator bt_bb_border_style_none bt_bb_bottom_spacing_medium\" data-bt-override-class=\"null\"><\/div><\/div><\/div><\/div><\/div><div class=\"bt_bb_row_wrapper\"><div  class=\"bt_bb_row bt_bb_column_gap_normal\"  data-bt-override-class=\"{}\"><div  class=\"bt_bb_column col-xl-6 col-xs-12 col-sm-6 col-md-6 col-lg-6 bt_bb_align_left bt_bb_vertical_align_top bt_bb_padding_normal\"  data-width=\"6\" data-bt-override-class=\"{}\"><div class=\"bt_bb_column_content\"><div class=\"bt_bb_raw_content\"><div class=\"grid-do_more col-md-12 col-sm-12 col-xs-12 wow fadeInUp animated\" style=\"visibility: visible; -webkit-animation-delay: 0.6s; -moz-animation-delay: 0.6s; animation-delay: 0.6s;\" data-wow-delay=\"0.6s\">\n<div class=\"col-lg-6 col-md-6 col-sm-6 col-xs-12 mb-xs-20 p0 ctrl-width-mob\">\n<a href=\"https:\/\/yulcom-technologies.com\/en\/artificial-intelligence\/\" >\n<figure class=\"img-effect\"><img decoding=\"async\" class=\"img-responsive\" src=\"http:\/\/yulcom-technologies.com\/wp-content\/uploads\/2021\/06\/formation-ia.jpeg\" alt=\"Artificial intelligence\" \/>\n<div class=\"bottom-gradient-do_more\"><\/div>\n<figcaption>\n<h2 class=\"do_more-grid-title\">Artificial Intelligence<\/h2>\n<p class=\"do_more-grid-desc\"><strong><\/strong> <span class=\"hidden-1024\"><\/span><\/p>\n<\/figcaption><\/figure>\n   <\/a>\n<\/div>\n<\/div><\/div><div class=\"bt_bb_separator bt_bb_border_style_none bt_bb_top_spacing_none bt_bb_bottom_spacing_normal\" data-bt-override-class=\"{&quot;bt_bb_top_spacing_&quot;:{&quot;current_class&quot;:&quot;bt_bb_top_spacing_none&quot;,&quot;xxl&quot;:&quot;none&quot;,&quot;xl&quot;:&quot;none&quot;},&quot;bt_bb_bottom_spacing_&quot;:{&quot;current_class&quot;:&quot;bt_bb_bottom_spacing_normal&quot;,&quot;xxl&quot;:&quot;normal&quot;,&quot;xl&quot;:&quot;normal&quot;}}\"><\/div><\/div><\/div><div  class=\"bt_bb_column col-xl-6 col-xs-12 col-sm-6 col-md-6 col-lg-6 bt_bb_align_left bt_bb_vertical_align_top bt_bb_padding_normal\"  data-width=\"6\" data-bt-override-class=\"{}\"><div class=\"bt_bb_column_content\"><div class=\"bt_bb_raw_content\"><div class=\"grid-do_more col-md-12 col-sm-12 col-xs-12 wow fadeInUp animated\" style=\"visibility: visible; -webkit-animation-delay: 0.6s; -moz-animation-delay: 0.6s; animation-delay: 0.6s;\" data-wow-delay=\"0.6s\">\n<div class=\"col-lg-6 col-md-6 col-sm-6 col-xs-12 mb-xs-20 p0 ctrl-width-mob\">\n<a href=\"https:\/\/yulcom-technologies.com\/en\/web-and-mobile-applications\/\" >\n<figure class=\"img-effect\"><img decoding=\"async\" class=\"img-responsive\" src=\"http:\/\/yulcom-technologies.com\/wp-content\/uploads\/2021\/06\/pexels-thisisengineering-38619675.jpg\" alt=\"Web and Mobile Development\" \/>\n<div class=\"bottom-gradient-do_more\"><\/div>\n<figcaption>\n<h2 class=\"do_more-grid-title\">Web and Mobile Development<\/h2>\n<p class=\"do_more-grid-desc\"><strong><\/strong> <span class=\"hidden-1024\"><\/span><\/p>\n<\/figcaption><\/figure>\n   <\/a>\n<\/div>\n<\/div><\/div><div class=\"bt_bb_separator bt_bb_border_style_none bt_bb_top_spacing_none bt_bb_bottom_spacing_normal\" data-bt-override-class=\"{&quot;bt_bb_top_spacing_&quot;:{&quot;current_class&quot;:&quot;bt_bb_top_spacing_none&quot;,&quot;xxl&quot;:&quot;none&quot;,&quot;xl&quot;:&quot;none&quot;},&quot;bt_bb_bottom_spacing_&quot;:{&quot;current_class&quot;:&quot;bt_bb_bottom_spacing_normal&quot;,&quot;xxl&quot;:&quot;normal&quot;,&quot;xl&quot;:&quot;normal&quot;}}\"><\/div><\/div><\/div><\/div><\/div><div class=\"bt_bb_row_wrapper\"><div  class=\"bt_bb_row bt_bb_column_gap_normal\"  data-bt-override-class=\"{}\"><div  class=\"bt_bb_column col-xl-6 col-xs-12 col-sm-6 col-md-6 col-lg-6 bt_bb_align_left bt_bb_vertical_align_top bt_bb_padding_normal\"  data-width=\"6\" data-bt-override-class=\"{}\"><div class=\"bt_bb_column_content\"><div class=\"bt_bb_raw_content\"><div class=\"grid-do_more col-md-12 col-sm-12 col-xs-12 wow fadeInUp animated\" style=\"visibility: visible; -webkit-animation-delay: 0.6s; -moz-animation-delay: 0.6s; animation-delay: 0.6s;\" data-wow-delay=\"0.6s\">\n<div class=\"col-lg-6 col-md-6 col-sm-6 col-xs-12 mb-xs-20 p0 ctrl-width-mob\">\n<a href=\"https:\/\/yulcom-technologies.com\/en\/software-and-project-management\/\" >\n<figure class=\"img-effect\"><img decoding=\"async\" class=\"img-responsive\" src=\"http:\/\/yulcom-technologies.com\/wp-content\/uploads\/2021\/07\/pexels-fauxels-3184465-2.jpg\" alt=\"IT Project Management\" \/>\n<div class=\"bottom-gradient-do_more\"><\/div>\n<figcaption>\n<h2 class=\"do_more-grid-title\">IT Project Management<\/h2>\n<p class=\"do_more-grid-desc\"><strong><\/strong> <span class=\"hidden-1024\"><\/span><\/p>\n<\/figcaption><\/figure>\n   <\/a>\n<\/div>\n<\/div><\/div><div class=\"bt_bb_separator bt_bb_border_style_none bt_bb_top_spacing_none bt_bb_bottom_spacing_normal\" data-bt-override-class=\"{&quot;bt_bb_top_spacing_&quot;:{&quot;current_class&quot;:&quot;bt_bb_top_spacing_none&quot;,&quot;xxl&quot;:&quot;none&quot;,&quot;xl&quot;:&quot;none&quot;},&quot;bt_bb_bottom_spacing_&quot;:{&quot;current_class&quot;:&quot;bt_bb_bottom_spacing_normal&quot;,&quot;xxl&quot;:&quot;normal&quot;,&quot;xl&quot;:&quot;normal&quot;}}\"><\/div><\/div><\/div><div  class=\"bt_bb_column col-xl-6 col-xs-12 col-sm-6 col-md-6 col-lg-6 bt_bb_align_left bt_bb_vertical_align_top bt_bb_padding_normal\"  data-width=\"6\" data-bt-override-class=\"{}\"><div class=\"bt_bb_column_content\"><div class=\"bt_bb_raw_content\"><div class=\"grid-do_more col-md-12 col-sm-12 col-xs-12 wow fadeInUp animated\" style=\"visibility: visible; -webkit-animation-delay: 0.6s; -moz-animation-delay: 0.6s; animation-delay: 0.6s;\" data-wow-delay=\"0.6s\">\n<div class=\"col-lg-6 col-md-6 col-sm-6 col-xs-12 mb-xs-20 p0 ctrl-width-mob\">\n<a href=\"https:\/\/yulcom-technologies.com\/en\/cloud-hosting\/\" >\n<figure class=\"img-effect\"><img decoding=\"async\" class=\"img-responsive\" src=\"https:\/\/yulcom-technologies.com\/wp-content\/uploads\/2021\/06\/pexels-christina-morillo-1181316-scaled-e1623937014637.jpg\" alt=\"Cloud Hosting\" \/>\n<div class=\"bottom-gradient-do_more\"><\/div>\n<figcaption>\n<h2 class=\"do_more-grid-title\">Cloud Hosting<\/h2>\n<p class=\"do_more-grid-desc\"><strong><\/strong> <span class=\"hidden-1024\"><\/span><\/p>\n<\/figcaption><\/figure>\n   <\/a>\n<\/div>\n<\/div><\/div><div class=\"bt_bb_separator bt_bb_border_style_none bt_bb_top_spacing_none bt_bb_bottom_spacing_normal\" data-bt-override-class=\"{&quot;bt_bb_top_spacing_&quot;:{&quot;current_class&quot;:&quot;bt_bb_top_spacing_none&quot;,&quot;xxl&quot;:&quot;none&quot;,&quot;xl&quot;:&quot;none&quot;},&quot;bt_bb_bottom_spacing_&quot;:{&quot;current_class&quot;:&quot;bt_bb_bottom_spacing_normal&quot;,&quot;xxl&quot;:&quot;normal&quot;,&quot;xl&quot;:&quot;normal&quot;}}\"><\/div><\/div><\/div><\/div><\/div><\/div><\/div><\/div><\/section>","protected":false},"excerpt":{"rendered":"","protected":false},"author":9,"featured_media":7862,"parent":0,"menu_order":0,"comment_status":"closed","ping_status":"closed","template":"","meta":{"footnotes":""},"class_list":["post-7743","page","type-page","status-publish","has-post-thumbnail","hentry"],"yoast_head":"<!-- This site is optimized with the Yoast SEO plugin v21.5 - https:\/\/yoast.com\/wordpress\/plugins\/seo\/ -->\n<title>Services - YULCOM<\/title>\n<meta name=\"description\" content=\"YULCOM Technologies est une firme multinationale canadienne sp\u00e9cialis\u00e9e dans l\u2019ing\u00e9nierie informatique, la strat\u00e9gie num\u00e9rique, l\u2019acquisition et l\u2019installation d\u2019outils de technologies de l\u2019information.\" \/>\n<meta name=\"robots\" content=\"index, follow, max-snippet:-1, max-image-preview:large, max-video-preview:-1\" \/>\n<link rel=\"canonical\" href=\"https:\/\/yulcom-technologies.com\/en\/services-en\/\" \/>\n<meta property=\"og:locale\" content=\"en_US\" \/>\n<meta property=\"og:type\" content=\"article\" \/>\n<meta property=\"og:title\" content=\"Services - YULCOM\" \/>\n<meta property=\"og:description\" content=\"YULCOM Technologies est une firme multinationale canadienne sp\u00e9cialis\u00e9e dans l\u2019ing\u00e9nierie informatique, la strat\u00e9gie num\u00e9rique, l\u2019acquisition et l\u2019installation d\u2019outils de technologies de l\u2019information.\" \/>\n<meta property=\"og:url\" content=\"https:\/\/yulcom-technologies.com\/en\/services-en\/\" \/>\n<meta property=\"og:site_name\" content=\"YULCOM\" \/>\n<meta property=\"article:modified_time\" content=\"2024-07-15T13:53:47+00:00\" \/>\n<meta property=\"og:image\" content=\"https:\/\/yulcom-technologies.com\/wp-content\/uploads\/2021\/06\/eisn_services.jpg\" \/>\n\t<meta property=\"og:image:width\" content=\"1000\" \/>\n\t<meta property=\"og:image:height\" content=\"644\" \/>\n\t<meta property=\"og:image:type\" content=\"image\/jpeg\" \/>\n<meta name=\"twitter:card\" content=\"summary_large_image\" \/>\n<meta name=\"twitter:label1\" content=\"Est. reading time\" \/>\n\t<meta name=\"twitter:data1\" content=\"1 minute\" \/>\n<script type=\"application\/ld+json\" class=\"yoast-schema-graph\">{\"@context\":\"https:\/\/schema.org\",\"@graph\":[{\"@type\":\"WebPage\",\"@id\":\"https:\/\/yulcom-technologies.com\/en\/services-en\/\",\"url\":\"https:\/\/yulcom-technologies.com\/en\/services-en\/\",\"name\":\"Services - YULCOM\",\"isPartOf\":{\"@id\":\"https:\/\/yulcom-technologies.com\/en\/#website\"},\"datePublished\":\"2021-06-17T14:12:38+00:00\",\"dateModified\":\"2024-07-15T13:53:47+00:00\",\"description\":\"YULCOM Technologies est une firme multinationale canadienne sp\u00e9cialis\u00e9e dans l\u2019ing\u00e9nierie informatique, la strat\u00e9gie num\u00e9rique, l\u2019acquisition et l\u2019installation d\u2019outils de technologies de l\u2019information.\",\"breadcrumb\":{\"@id\":\"https:\/\/yulcom-technologies.com\/en\/services-en\/#breadcrumb\"},\"inLanguage\":\"en-CA\",\"potentialAction\":[{\"@type\":\"ReadAction\",\"target\":[\"https:\/\/yulcom-technologies.com\/en\/services-en\/\"]}]},{\"@type\":\"BreadcrumbList\",\"@id\":\"https:\/\/yulcom-technologies.com\/en\/services-en\/#breadcrumb\",\"itemListElement\":[{\"@type\":\"ListItem\",\"position\":1,\"name\":\"Accueil\",\"item\":\"https:\/\/yulcom-technologies.com\/en\/\"},{\"@type\":\"ListItem\",\"position\":2,\"name\":\"Services\"}]},{\"@type\":\"WebSite\",\"@id\":\"https:\/\/yulcom-technologies.com\/en\/#website\",\"url\":\"https:\/\/yulcom-technologies.com\/en\/\",\"name\":\"YULCOM\",\"description\":\"\",\"publisher\":{\"@id\":\"https:\/\/yulcom-technologies.com\/en\/#organization\"},\"potentialAction\":[{\"@type\":\"SearchAction\",\"target\":{\"@type\":\"EntryPoint\",\"urlTemplate\":\"https:\/\/yulcom-technologies.com\/en\/?s={search_term_string}\"},\"query-input\":\"required name=search_term_string\"}],\"inLanguage\":\"en-CA\"},{\"@type\":\"Organization\",\"@id\":\"https:\/\/yulcom-technologies.com\/en\/#organization\",\"name\":\"YULCOM\",\"url\":\"https:\/\/yulcom-technologies.com\/en\/\",\"logo\":{\"@type\":\"ImageObject\",\"inLanguage\":\"en-CA\",\"@id\":\"https:\/\/yulcom-technologies.com\/en\/#\/schema\/logo\/image\/\",\"url\":\"https:\/\/yulcom-technologies.com\/wp-content\/uploads\/2021\/07\/logo.png\",\"contentUrl\":\"https:\/\/yulcom-technologies.com\/wp-content\/uploads\/2021\/07\/logo.png\",\"width\":1500,\"height\":514,\"caption\":\"YULCOM\"},\"image\":{\"@id\":\"https:\/\/yulcom-technologies.com\/en\/#\/schema\/logo\/image\/\"}}]}<\/script>\n<!-- \/ Yoast SEO plugin. -->","yoast_head_json":{"title":"Services - YULCOM","description":"YULCOM Technologies est une firme multinationale canadienne sp\u00e9cialis\u00e9e dans l\u2019ing\u00e9nierie informatique, la strat\u00e9gie num\u00e9rique, l\u2019acquisition et l\u2019installation d\u2019outils de technologies de l\u2019information.","robots":{"index":"index","follow":"follow","max-snippet":"max-snippet:-1","max-image-preview":"max-image-preview:large","max-video-preview":"max-video-preview:-1"},"canonical":"https:\/\/yulcom-technologies.com\/en\/services-en\/","og_locale":"en_US","og_type":"article","og_title":"Services - YULCOM","og_description":"YULCOM Technologies est une firme multinationale canadienne sp\u00e9cialis\u00e9e dans l\u2019ing\u00e9nierie informatique, la strat\u00e9gie num\u00e9rique, l\u2019acquisition et l\u2019installation d\u2019outils de technologies de l\u2019information.","og_url":"https:\/\/yulcom-technologies.com\/en\/services-en\/","og_site_name":"YULCOM","article_modified_time":"2024-07-15T13:53:47+00:00","og_image":[{"width":1000,"height":644,"url":"https:\/\/yulcom-technologies.com\/wp-content\/uploads\/2021\/06\/eisn_services.jpg","type":"image\/jpeg"}],"twitter_card":"summary_large_image","twitter_misc":{"Est. reading time":"1 minute"},"schema":{"@context":"https:\/\/schema.org","@graph":[{"@type":"WebPage","@id":"https:\/\/yulcom-technologies.com\/en\/services-en\/","url":"https:\/\/yulcom-technologies.com\/en\/services-en\/","name":"Services - YULCOM","isPartOf":{"@id":"https:\/\/yulcom-technologies.com\/en\/#website"},"datePublished":"2021-06-17T14:12:38+00:00","dateModified":"2024-07-15T13:53:47+00:00","description":"YULCOM Technologies est une firme multinationale canadienne sp\u00e9cialis\u00e9e dans l\u2019ing\u00e9nierie informatique, la strat\u00e9gie num\u00e9rique, l\u2019acquisition et l\u2019installation d\u2019outils de technologies de l\u2019information.","breadcrumb":{"@id":"https:\/\/yulcom-technologies.com\/en\/services-en\/#breadcrumb"},"inLanguage":"en-CA","potentialAction":[{"@type":"ReadAction","target":["https:\/\/yulcom-technologies.com\/en\/services-en\/"]}]},{"@type":"BreadcrumbList","@id":"https:\/\/yulcom-technologies.com\/en\/services-en\/#breadcrumb","itemListElement":[{"@type":"ListItem","position":1,"name":"Accueil","item":"https:\/\/yulcom-technologies.com\/en\/"},{"@type":"ListItem","position":2,"name":"Services"}]},{"@type":"WebSite","@id":"https:\/\/yulcom-technologies.com\/en\/#website","url":"https:\/\/yulcom-technologies.com\/en\/","name":"YULCOM","description":"","publisher":{"@id":"https:\/\/yulcom-technologies.com\/en\/#organization"},"potentialAction":[{"@type":"SearchAction","target":{"@type":"EntryPoint","urlTemplate":"https:\/\/yulcom-technologies.com\/en\/?s={search_term_string}"},"query-input":"required name=search_term_string"}],"inLanguage":"en-CA"},{"@type":"Organization","@id":"https:\/\/yulcom-technologies.com\/en\/#organization","name":"YULCOM","url":"https:\/\/yulcom-technologies.com\/en\/","logo":{"@type":"ImageObject","inLanguage":"en-CA","@id":"https:\/\/yulcom-technologies.com\/en\/#\/schema\/logo\/image\/","url":"https:\/\/yulcom-technologies.com\/wp-content\/uploads\/2021\/07\/logo.png","contentUrl":"https:\/\/yulcom-technologies.com\/wp-content\/uploads\/2021\/07\/logo.png","width":1500,"height":514,"caption":"YULCOM"},"image":{"@id":"https:\/\/yulcom-technologies.com\/en\/#\/schema\/logo\/image\/"}}]}},"_links":{"self":[{"href":"https:\/\/yulcom-technologies.com\/en\/wp-json\/wp\/v2\/pages\/7743","targetHints":{"allow":["GET"]}}],"collection":[{"href":"https:\/\/yulcom-technologies.com\/en\/wp-json\/wp\/v2\/pages"}],"about":[{"href":"https:\/\/yulcom-technologies.com\/en\/wp-json\/wp\/v2\/types\/page"}],"author":[{"embeddable":true,"href":"https:\/\/yulcom-technologies.com\/en\/wp-json\/wp\/v2\/users\/9"}],"replies":[{"embeddable":true,"href":"https:\/\/yulcom-technologies.com\/en\/wp-json\/wp\/v2\/comments?post=7743"}],"version-history":[{"count":16,"href":"https:\/\/yulcom-technologies.com\/en\/wp-json\/wp\/v2\/pages\/7743\/revisions"}],"predecessor-version":[{"id":17806,"href":"https:\/\/yulcom-technologies.com\/en\/wp-json\/wp\/v2\/pages\/7743\/revisions\/17806"}],"wp:featuredmedia":[{"embeddable":true,"href":"https:\/\/yulcom-technologies.com\/en\/wp-json\/wp\/v2\/media\/7862"}],"wp:attachment":[{"href":"https:\/\/yulcom-technologies.com\/en\/wp-json\/wp\/v2\/media?parent=7743"}],"curies":[{"name":"wp","href":"https:\/\/api.w.org\/{rel}","templated":true}]}}