{"id":5883,"date":"2021-05-31T16:28:44","date_gmt":"2021-05-31T14:28:44","guid":{"rendered":"https:\/\/yulcom-technologies.com\/dev\/yulcom\/?page_id=5883"},"modified":"2023-04-25T12:56:03","modified_gmt":"2023-04-25T10:56:03","slug":"mali-en","status":"publish","type":"page","link":"https:\/\/yulcom-technologies.com\/en\/mali-en\/","title":{"rendered":"MALI"},"content":{"rendered":"<section id=\"bt_bb_section69d29f5e399da\"  class=\"bt_bb_section bt_bb_top_spacing_medium bt_bb_bottom_spacing_medium bt_bb_layout_boxed_1200 bt_bb_vertical_align_top\" ><div class=\"bt_bb_port\"><div class=\"bt_bb_cell\"><div class=\"bt_bb_cell_inner\"><div class=\"bt_bb_row_wrapper\"><div  class=\"bt_bb_row bt_bb_column_gap_large\"  data-bt-override-class=\"{}\"><div  class=\"bt_bb_column col-xl-6 col-xs-12 col-sm-12 col-md-6 col-lg-6 bt_bb_align_left bt_bb_vertical_align_top bt_bb_padding_normal\"  data-width=\"6\" data-bt-override-class=\"{}\"><div class=\"bt_bb_column_content\"><div class=\"bt_bb_separator bt_bb_border_style_none bt_bb_top_spacing_normal\" data-bt-override-class=\"null\"><\/div><div  class=\"bt_bb_text\" ><div class=\"bt_bb_text\" data-base=\"bt_bb_text\" data-bt-bb-fe-atts=\"&quot;&quot;\" data-fe-id=\"6\" data-content=\"YULCOM MALI SARL est la repr\u00e9sentation nationale de YULCOM Technologies. Depuis sa cr\u00e9ation, YULCOM Technologies a eu le plaisir de servir des dizaines de compagnies africaines, asiatiques, europ\u00e9ennes et nordam\u00e9ricaines dans leur transformation num\u00e9rique. Nous serons tr\u00e8s honor\u00e9s de partager notre expertise et notre exp\u00e9rience en services num\u00e9riques avec vous.\">\n<p>Since its creation, YULCOM Technologies has had the pleasure of serving dozens of African, Asian, European and North American companies in their digital transformation. We will be very honored to share our expertise and experience in digital services with you.<\/p>\n<\/div>\n<p>YULCOM MALI is the national representation of YULCOM Technologies.<\/p>\n<\/div><div class=\"bt_bb_separator bt_bb_border_style_solid bt_bb_top_spacing_medium bt_bb_bottom_spacing_medium\" data-bt-override-class=\"{&quot;bt_bb_top_spacing_&quot;:{&quot;current_class&quot;:&quot;bt_bb_top_spacing_medium&quot;,&quot;xxl&quot;:&quot;medium&quot;,&quot;xl&quot;:&quot;medium&quot;},&quot;bt_bb_bottom_spacing_&quot;:{&quot;current_class&quot;:&quot;bt_bb_bottom_spacing_medium&quot;,&quot;xxl&quot;:&quot;medium&quot;,&quot;xl&quot;:&quot;medium&quot;}}\"><\/div><div class=\"bt_bb_row_wrapper\"><div  class=\"bt_bb_row_inner\"  data-bt-override-class=\"{}\"><div  class=\"bt_bb_column_inner col-xl-12 col-xs-12 col-sm-12 col-md-12 col-lg-12 bt_bb_align_left bt_bb_vertical_align_top\"  data-width=\"12\" data-bt-override-class=\"{}\"><div class=\"bt_bb_column_inner_content\"><div data-bb-version=\"4.5.4\" class=\"bt_bb_icon bt_bb_color_scheme_3 bt_bb_style_borderless bt_bb_size_large bt_bb_shape_round bt_bb_align_left\" data-bt-override-class=\"{&quot;bt_bb_size_&quot;:{&quot;current_class&quot;:&quot;bt_bb_size_large&quot;,&quot;xxl&quot;:&quot;large&quot;},&quot;bt_bb_align_&quot;:{&quot;current_class&quot;:&quot;bt_bb_align_left&quot;,&quot;xxl&quot;:&quot;left&quot;}}\"><span  data-ico-corporatemanagement=\"&#xe912;\" class=\"bt_bb_icon_holder\"><span>2nd floor, Saouna bldg, Fank\u00e9l\u00e9 Diarra road, Bamako Coura, Bamako, Mali<\/span><\/span><\/div><\/div><\/div><\/div><\/div><div class=\"bt_bb_separator bt_bb_border_style_none bt_bb_top_spacing_normal bt_bb_bottom_spacing_none\" data-bt-override-class=\"{&quot;bt_bb_top_spacing_&quot;:{&quot;current_class&quot;:&quot;bt_bb_top_spacing_normal&quot;,&quot;xxl&quot;:&quot;normal&quot;,&quot;xl&quot;:&quot;normal&quot;},&quot;bt_bb_bottom_spacing_&quot;:{&quot;current_class&quot;:&quot;bt_bb_bottom_spacing_none&quot;,&quot;xxl&quot;:&quot;none&quot;,&quot;xl&quot;:&quot;none&quot;}}\"><\/div><div class=\"bt_bb_row_wrapper\"><div  class=\"bt_bb_row_inner\"  data-bt-override-class=\"{}\"><div  class=\"bt_bb_column_inner col-xl-6 col-xs-12 col-sm-6 col-md-6 col-lg-6 bt_bb_align_left bt_bb_vertical_align_top\"  data-width=\"6\" data-bt-override-class=\"{}\"><div class=\"bt_bb_column_inner_content\"><div data-bb-version=\"4.5.4\" class=\"bt_bb_icon bt_bb_color_scheme_3 bt_bb_style_borderless bt_bb_size_large bt_bb_shape_round bt_bb_align_left\" data-bt-override-class=\"{&quot;bt_bb_size_&quot;:{&quot;current_class&quot;:&quot;bt_bb_size_large&quot;,&quot;xxl&quot;:&quot;large&quot;},&quot;bt_bb_align_&quot;:{&quot;current_class&quot;:&quot;bt_bb_align_left&quot;,&quot;xxl&quot;:&quot;left&quot;}}\"><a href=\"tel: 22384018695\"  target=\"_blank\"    data-ico-businessandfinance=\"&#xe912;\" class=\"bt_bb_icon_holder\"><span>+223 84 01 86 95<\/span><\/a><\/div><\/div><\/div><div  class=\"bt_bb_column_inner col-xl-6 col-xs-12 col-sm-6 col-md-6 col-lg-6 bt_bb_align_left bt_bb_vertical_align_top\"  data-width=\"6\" data-bt-override-class=\"{}\"><div class=\"bt_bb_column_inner_content\"><div class=\"bt_bb_icon bt_bb_color_scheme_3 bt_bb_style_borderless bt_bb_size_large bt_bb_shape_round bt_bb_align_left\" data-bt-override-class=\"{&quot;bt_bb_size_&quot;:{&quot;current_class&quot;:&quot;bt_bb_size_large&quot;,&quot;xxl&quot;:&quot;large&quot;,&quot;xl&quot;:&quot;large&quot;},&quot;bt_bb_align_&quot;:{&quot;current_class&quot;:&quot;bt_bb_align_left&quot;,&quot;xxl&quot;:&quot;left&quot;,&quot;xl&quot;:&quot;left&quot;}}\"><a href=\"mailto:mali@yulcom-technologies.com\"  target=\"_blank\"    data-ico-development=\"&#xf11d;\" class=\"bt_bb_icon_holder\"><span>mali@yulcom-technologies.com<\/span><\/a><\/div><\/div><\/div><\/div><\/div><\/div><\/div><div  class=\"bt_bb_column col-xl-6 col-xs-12 col-sm-12 col-md-6 col-lg-6 bt_bb_align_left bt_bb_vertical_align_top bt_bb_animation_fade_in move_up animate bt_bb_padding_normal bt_bb_animation_fade_in bt_bb_animation_move_up animate\" style=\"position: relative;\" data-width=\"6\" data-bt-override-class=\"{&quot;bt_bb_align_&quot;:{&quot;current_class&quot;:&quot;bt_bb_align_left&quot;,&quot;xxl&quot;:&quot;left&quot;,&quot;xl&quot;:&quot;left&quot;}}\"><div class=\"bt_bb_column_content\"><div class=\"bt_bb_row_wrapper\"><div  class=\"bt_bb_row_inner\"  data-bt-override-class=\"{}\"><div  class=\"bt_bb_column_inner col-xl-12 col-xs-12 col-sm-12 col-md-12 col-lg-12 bt_bb_align_left bt_bb_vertical_align_top bt_bb_padding_normal\" style=\"box-shadow: 0 20px 50px rgba(0,0,0,.1); margin-top: 35px; position: relative;\" data-width=\"12\" data-bt-override-class=\"{&quot;bt_bb_align_&quot;:{&quot;current_class&quot;:&quot;bt_bb_align_left&quot;,&quot;xxl&quot;:&quot;left&quot;,&quot;xl&quot;:&quot;left&quot;}}\"><div class=\"bt_bb_column_inner_content\"><header class=\"bt_bb_headline bt_bb_dash_none bt_bb_subheadline bt_bb_size_medium bt_bb_align_inherit\" data-bt-override-class=\"{&quot;bt_bb_size_&quot;:{&quot;current_class&quot;:&quot;bt_bb_size_medium&quot;,&quot;xxl&quot;:&quot;medium&quot;,&quot;xl&quot;:&quot;medium&quot;},&quot;bt_bb_align_&quot;:{&quot;current_class&quot;:&quot;bt_bb_align_inherit&quot;,&quot;xxl&quot;:&quot;inherit&quot;,&quot;xl&quot;:&quot;inherit&quot;}}\"><h5 class=\"bt_bb_headline_tag\"><span class=\"bt_bb_headline_content\"><span>Contact us<\/span><\/span><\/h5><div class=\"bt_bb_headline_subheadline\">If you would like to speak to our team of consultants, contact us through the form and we will get back to you as soon as possible.<\/div><\/header><div class=\"bt_bb_separator bt_bb_border_style_none bt_bb_top_spacing_normal\" data-bt-override-class=\"null\"><\/div><div class=\"bt_bb_contact_form_7\">\n<div class=\"wpcf7 no-js\" id=\"wpcf7-f2812-o1\" lang=\"en-US\" dir=\"ltr\">\n<div class=\"screen-reader-response\"><p role=\"status\" aria-live=\"polite\" aria-atomic=\"true\"><\/p> <ul><\/ul><\/div>\n<form action=\"\/en\/wp-json\/wp\/v2\/pages\/5883#wpcf7-f2812-o1\" method=\"post\" class=\"wpcf7-form init\" aria-label=\"Contact form\" novalidate=\"novalidate\" data-status=\"init\" data-trp-original-action=\"\/en\/wp-json\/wp\/v2\/pages\/5883#wpcf7-f2812-o1\">\n<div style=\"display: none;\">\n<input type=\"hidden\" name=\"_wpcf7\" value=\"2812\" \/>\n<input type=\"hidden\" name=\"_wpcf7_version\" value=\"5.8.2\" \/>\n<input type=\"hidden\" name=\"_wpcf7_locale\" value=\"en_US\" \/>\n<input type=\"hidden\" name=\"_wpcf7_unit_tag\" value=\"wpcf7-f2812-o1\" \/>\n<input type=\"hidden\" name=\"_wpcf7_container_post\" value=\"0\" \/>\n<input type=\"hidden\" name=\"_wpcf7_posted_data_hash\" value=\"\" \/>\n<input type=\"hidden\" name=\"_wpcf7_recaptcha_response\" value=\"\" \/>\n<\/div>\n<p><span class=\"wpcf7-form-control-wrap\" data-name=\"text-348\"><input size=\"40\" class=\"wpcf7-form-control wpcf7-text wpcf7-validates-as-required\" aria-required=\"true\" aria-invalid=\"false\" placeholder=\"Name\" value=\"\" type=\"text\" name=\"text-348\" \/><\/span><br \/>\n<span class=\"wpcf7-form-control-wrap\" data-name=\"email-685\"><input size=\"40\" class=\"wpcf7-form-control wpcf7-email wpcf7-validates-as-required wpcf7-text wpcf7-validates-as-email\" aria-required=\"true\" aria-invalid=\"false\" placeholder=\"Email address\" value=\"\" type=\"email\" name=\"email-685\" \/><\/span><br \/>\n<span class=\"wpcf7-form-control-wrap\" data-name=\"phonetext-529\"><input size=\"40\" class=\"wpcf7-form-control wpcf7-phonetext wpcf7-text wpcf7-validates-as-phonetext\" aria-invalid=\"false\" placeholder=\"Phone number\" value=\"\" type=\"text\" name=\"phonetext-529\" \/><input type=\"hidden\" name=\"phonetext-529-country-code\" class=\"wpcf7-phonetext-country-code\" \/><\/span><br \/>\n<span class=\"wpcf7-form-control-wrap\" data-name=\"text-349\"><input size=\"40\" class=\"wpcf7-form-control wpcf7-text wpcf7-validates-as-required\" aria-required=\"true\" aria-invalid=\"false\" placeholder=\"Subject\" value=\"\" type=\"text\" name=\"text-349\" \/><\/span><br \/>\n<span class=\"wpcf7-form-control-wrap\" data-name=\"textarea-742\"><textarea cols=\"40\" rows=\"10\" class=\"wpcf7-form-control wpcf7-textarea\" aria-invalid=\"false\" placeholder=\"Message\" name=\"textarea-742\"><\/textarea><\/span><br \/>\n<input class=\"wpcf7-form-control wpcf7-submit has-spinner\" type=\"submit\" value=\"Submit\" \/>\n<\/p><p style=\"display: none !important;\"><label>&#916;<textarea name=\"_wpcf7_ak_hp_textarea\" cols=\"45\" rows=\"8\" maxlength=\"100\"><\/textarea><\/label><input type=\"hidden\" id=\"ak_js_1\" name=\"_wpcf7_ak_js\" value=\"229\"\/><script>document.getElementById( \"ak_js_1\" ).setAttribute( \"value\", ( new Date() ).getTime() );<\/script><\/p><div class=\"wpcf7-response-output\" aria-hidden=\"true\"><\/div>\n<input type=\"hidden\" name=\"trp-form-language\" value=\"en\"\/><\/form>\n<\/div>\n<\/div><\/div><\/div><\/div><\/div><\/div><\/div><\/div><\/div><\/div><\/div><\/div><\/section>","protected":false},"excerpt":{"rendered":"","protected":false},"author":9,"featured_media":7857,"parent":0,"menu_order":0,"comment_status":"closed","ping_status":"closed","template":"","meta":{"footnotes":""},"class_list":["post-5883","page","type-page","status-publish","has-post-thumbnail","hentry"],"yoast_head":"<!-- This site is optimized with the Yoast SEO plugin v21.5 - https:\/\/yoast.com\/wordpress\/plugins\/seo\/ -->\n<title>MALI - YULCOM<\/title>\n<meta name=\"description\" content=\"YULCOM Technologies est une firme multinationale canadienne sp\u00e9cialis\u00e9e dans l\u2019ing\u00e9nierie informatique, la strat\u00e9gie num\u00e9rique, l\u2019acquisition et l\u2019installation d\u2019outils de technologies de l\u2019information.\" \/>\n<meta name=\"robots\" content=\"index, follow, max-snippet:-1, max-image-preview:large, max-video-preview:-1\" \/>\n<link rel=\"canonical\" href=\"https:\/\/yulcom-technologies.com\/en\/mali-en\/\" \/>\n<meta property=\"og:locale\" content=\"en_US\" \/>\n<meta property=\"og:type\" content=\"article\" \/>\n<meta property=\"og:title\" content=\"MALI - YULCOM\" \/>\n<meta property=\"og:description\" content=\"YULCOM Technologies est une firme multinationale canadienne sp\u00e9cialis\u00e9e dans l\u2019ing\u00e9nierie informatique, la strat\u00e9gie num\u00e9rique, l\u2019acquisition et l\u2019installation d\u2019outils de technologies de l\u2019information.\" \/>\n<meta property=\"og:url\" content=\"https:\/\/yulcom-technologies.com\/en\/mali-en\/\" \/>\n<meta property=\"og:site_name\" content=\"YULCOM\" \/>\n<meta property=\"article:modified_time\" content=\"2023-04-25T10:56:03+00:00\" \/>\n<meta property=\"og:image\" content=\"https:\/\/yulcom-technologies.com\/wp-content\/uploads\/2021\/06\/pexels-timur-saglambilek-87223-scaled.jpg\" \/>\n\t<meta property=\"og:image:width\" content=\"2560\" \/>\n\t<meta property=\"og:image:height\" content=\"1549\" \/>\n\t<meta property=\"og:image:type\" content=\"image\/jpeg\" \/>\n<meta name=\"twitter:card\" content=\"summary_large_image\" \/>\n<meta name=\"twitter:label1\" content=\"Est. reading time\" \/>\n\t<meta name=\"twitter:data1\" content=\"4 minutes\" \/>\n<script type=\"application\/ld+json\" class=\"yoast-schema-graph\">{\"@context\":\"https:\/\/schema.org\",\"@graph\":[{\"@type\":\"WebPage\",\"@id\":\"https:\/\/yulcom-technologies.com\/en\/mali-en\/\",\"url\":\"https:\/\/yulcom-technologies.com\/en\/mali-en\/\",\"name\":\"MALI - YULCOM\",\"isPartOf\":{\"@id\":\"https:\/\/yulcom-technologies.com\/en\/#website\"},\"datePublished\":\"2021-05-31T14:28:44+00:00\",\"dateModified\":\"2023-04-25T10:56:03+00:00\",\"description\":\"YULCOM Technologies est une firme multinationale canadienne sp\u00e9cialis\u00e9e dans l\u2019ing\u00e9nierie informatique, la strat\u00e9gie num\u00e9rique, l\u2019acquisition et l\u2019installation d\u2019outils de technologies de l\u2019information.\",\"breadcrumb\":{\"@id\":\"https:\/\/yulcom-technologies.com\/en\/mali-en\/#breadcrumb\"},\"inLanguage\":\"en-CA\",\"potentialAction\":[{\"@type\":\"ReadAction\",\"target\":[\"https:\/\/yulcom-technologies.com\/en\/mali-en\/\"]}]},{\"@type\":\"BreadcrumbList\",\"@id\":\"https:\/\/yulcom-technologies.com\/en\/mali-en\/#breadcrumb\",\"itemListElement\":[{\"@type\":\"ListItem\",\"position\":1,\"name\":\"Accueil\",\"item\":\"https:\/\/yulcom-technologies.com\/en\/\"},{\"@type\":\"ListItem\",\"position\":2,\"name\":\"MALI\"}]},{\"@type\":\"WebSite\",\"@id\":\"https:\/\/yulcom-technologies.com\/en\/#website\",\"url\":\"https:\/\/yulcom-technologies.com\/en\/\",\"name\":\"YULCOM\",\"description\":\"\",\"publisher\":{\"@id\":\"https:\/\/yulcom-technologies.com\/en\/#organization\"},\"potentialAction\":[{\"@type\":\"SearchAction\",\"target\":{\"@type\":\"EntryPoint\",\"urlTemplate\":\"https:\/\/yulcom-technologies.com\/en\/?s={search_term_string}\"},\"query-input\":\"required name=search_term_string\"}],\"inLanguage\":\"en-CA\"},{\"@type\":\"Organization\",\"@id\":\"https:\/\/yulcom-technologies.com\/en\/#organization\",\"name\":\"YULCOM\",\"url\":\"https:\/\/yulcom-technologies.com\/en\/\",\"logo\":{\"@type\":\"ImageObject\",\"inLanguage\":\"en-CA\",\"@id\":\"https:\/\/yulcom-technologies.com\/en\/#\/schema\/logo\/image\/\",\"url\":\"https:\/\/yulcom-technologies.com\/wp-content\/uploads\/2021\/07\/logo.png\",\"contentUrl\":\"https:\/\/yulcom-technologies.com\/wp-content\/uploads\/2021\/07\/logo.png\",\"width\":1500,\"height\":514,\"caption\":\"YULCOM\"},\"image\":{\"@id\":\"https:\/\/yulcom-technologies.com\/en\/#\/schema\/logo\/image\/\"}}]}<\/script>\n<!-- \/ Yoast SEO plugin. -->","yoast_head_json":{"title":"MALI - YULCOM","description":"YULCOM Technologies est une firme multinationale canadienne sp\u00e9cialis\u00e9e dans l\u2019ing\u00e9nierie informatique, la strat\u00e9gie num\u00e9rique, l\u2019acquisition et l\u2019installation d\u2019outils de technologies de l\u2019information.","robots":{"index":"index","follow":"follow","max-snippet":"max-snippet:-1","max-image-preview":"max-image-preview:large","max-video-preview":"max-video-preview:-1"},"canonical":"https:\/\/yulcom-technologies.com\/en\/mali-en\/","og_locale":"en_US","og_type":"article","og_title":"MALI - YULCOM","og_description":"YULCOM Technologies est une firme multinationale canadienne sp\u00e9cialis\u00e9e dans l\u2019ing\u00e9nierie informatique, la strat\u00e9gie num\u00e9rique, l\u2019acquisition et l\u2019installation d\u2019outils de technologies de l\u2019information.","og_url":"https:\/\/yulcom-technologies.com\/en\/mali-en\/","og_site_name":"YULCOM","article_modified_time":"2023-04-25T10:56:03+00:00","og_image":[{"width":2560,"height":1549,"url":"https:\/\/yulcom-technologies.com\/wp-content\/uploads\/2021\/06\/pexels-timur-saglambilek-87223-scaled.jpg","type":"image\/jpeg"}],"twitter_card":"summary_large_image","twitter_misc":{"Est. reading time":"4 minutes"},"schema":{"@context":"https:\/\/schema.org","@graph":[{"@type":"WebPage","@id":"https:\/\/yulcom-technologies.com\/en\/mali-en\/","url":"https:\/\/yulcom-technologies.com\/en\/mali-en\/","name":"MALI - YULCOM","isPartOf":{"@id":"https:\/\/yulcom-technologies.com\/en\/#website"},"datePublished":"2021-05-31T14:28:44+00:00","dateModified":"2023-04-25T10:56:03+00:00","description":"YULCOM Technologies est une firme multinationale canadienne sp\u00e9cialis\u00e9e dans l\u2019ing\u00e9nierie informatique, la strat\u00e9gie num\u00e9rique, l\u2019acquisition et l\u2019installation d\u2019outils de technologies de l\u2019information.","breadcrumb":{"@id":"https:\/\/yulcom-technologies.com\/en\/mali-en\/#breadcrumb"},"inLanguage":"en-CA","potentialAction":[{"@type":"ReadAction","target":["https:\/\/yulcom-technologies.com\/en\/mali-en\/"]}]},{"@type":"BreadcrumbList","@id":"https:\/\/yulcom-technologies.com\/en\/mali-en\/#breadcrumb","itemListElement":[{"@type":"ListItem","position":1,"name":"Accueil","item":"https:\/\/yulcom-technologies.com\/en\/"},{"@type":"ListItem","position":2,"name":"MALI"}]},{"@type":"WebSite","@id":"https:\/\/yulcom-technologies.com\/en\/#website","url":"https:\/\/yulcom-technologies.com\/en\/","name":"YULCOM","description":"","publisher":{"@id":"https:\/\/yulcom-technologies.com\/en\/#organization"},"potentialAction":[{"@type":"SearchAction","target":{"@type":"EntryPoint","urlTemplate":"https:\/\/yulcom-technologies.com\/en\/?s={search_term_string}"},"query-input":"required name=search_term_string"}],"inLanguage":"en-CA"},{"@type":"Organization","@id":"https:\/\/yulcom-technologies.com\/en\/#organization","name":"YULCOM","url":"https:\/\/yulcom-technologies.com\/en\/","logo":{"@type":"ImageObject","inLanguage":"en-CA","@id":"https:\/\/yulcom-technologies.com\/en\/#\/schema\/logo\/image\/","url":"https:\/\/yulcom-technologies.com\/wp-content\/uploads\/2021\/07\/logo.png","contentUrl":"https:\/\/yulcom-technologies.com\/wp-content\/uploads\/2021\/07\/logo.png","width":1500,"height":514,"caption":"YULCOM"},"image":{"@id":"https:\/\/yulcom-technologies.com\/en\/#\/schema\/logo\/image\/"}}]}},"_links":{"self":[{"href":"https:\/\/yulcom-technologies.com\/en\/wp-json\/wp\/v2\/pages\/5883","targetHints":{"allow":["GET"]}}],"collection":[{"href":"https:\/\/yulcom-technologies.com\/en\/wp-json\/wp\/v2\/pages"}],"about":[{"href":"https:\/\/yulcom-technologies.com\/en\/wp-json\/wp\/v2\/types\/page"}],"author":[{"embeddable":true,"href":"https:\/\/yulcom-technologies.com\/en\/wp-json\/wp\/v2\/users\/9"}],"replies":[{"embeddable":true,"href":"https:\/\/yulcom-technologies.com\/en\/wp-json\/wp\/v2\/comments?post=5883"}],"version-history":[{"count":10,"href":"https:\/\/yulcom-technologies.com\/en\/wp-json\/wp\/v2\/pages\/5883\/revisions"}],"predecessor-version":[{"id":15227,"href":"https:\/\/yulcom-technologies.com\/en\/wp-json\/wp\/v2\/pages\/5883\/revisions\/15227"}],"wp:featuredmedia":[{"embeddable":true,"href":"https:\/\/yulcom-technologies.com\/en\/wp-json\/wp\/v2\/media\/7857"}],"wp:attachment":[{"href":"https:\/\/yulcom-technologies.com\/en\/wp-json\/wp\/v2\/media?parent=5883"}],"curies":[{"name":"wp","href":"https:\/\/api.w.org\/{rel}","templated":true}]}}