{"id":5730,"date":"2021-05-31T11:31:21","date_gmt":"2021-05-31T09:31:21","guid":{"rendered":"https:\/\/yulcom-technologies.com\/dev\/yulcom\/?page_id=5730"},"modified":"2024-04-01T12:41:03","modified_gmt":"2024-04-01T10:41:03","slug":"our-offices","status":"publish","type":"page","link":"https:\/\/yulcom-technologies.com\/en\/our-offices\/","title":{"rendered":"Our Offices"},"content":{"rendered":"<section id=\"bt_bb_section69e1b6d83f272\"  class=\"bt_bb_section bt_bb_top_spacing_medium bt_bb_bottom_spacing_normal bt_bb_layout_boxed_1100 bt_bb_vertical_align_top\" ><div class=\"bt_bb_port\"><div class=\"bt_bb_cell\"><div class=\"bt_bb_cell_inner\"><div class=\"bt_bb_row_wrapper\"><div  class=\"bt_bb_row bt_bb_column_gap_10\"  data-bt-override-class=\"{}\"><div  class=\"bt_bb_column col-xl-12 col-xs-12 col-sm-12 col-md-12 col-lg-12 bt_bb_align_left bt_bb_vertical_align_top bt_bb_padding_normal\"  data-width=\"12\" data-bt-override-class=\"{}\"><div class=\"bt_bb_column_content\"><div class=\"bt_bb_row_wrapper\"><div  class=\"bt_bb_row_inner bt_bb_column_inner_gap_10\"  data-bt-override-class=\"{}\"><div  class=\"bt_bb_column_inner col-xl-4 col-xs-12 col-sm-12 col-md-12 col-lg-4 bt_bb_align_left bt_bb_vertical_align_top bt_bb_animation_fade_in animate bt_bb_padding_normal bt_bb_animation_fade_in animate\"  data-width=\"4\" data-bt-override-class=\"{&quot;bt_bb_align_&quot;:{&quot;current_class&quot;:&quot;bt_bb_align_left&quot;,&quot;xxl&quot;:&quot;left&quot;,&quot;xl&quot;:&quot;left&quot;}}\"><div class=\"bt_bb_column_inner_content\"><div class=\"bt_bb_raw_content\"><figure class=\"locations-image-grid-entry-figure\"><div class=\"locations-image-grid-entry-img  locations-image-hover fade-out\"><a href=\"https:\/\/yulcom-technologies.com\/en\/canada-en\/\"><img fetchpriority=\"high\" decoding=\"async\" alt=\"CANADA\" src=\"https:\/\/yulcom-technologies.com\/wp-content\/uploads\/2024\/04\/canada.png\" data-no-retina=\"\" width=\"300\" height=\"500\"><\/a>\n<\/div>\n\n<figcaption class=\"locations-image-grid-entry-title\"><h2 class=\"entry-title\">CANADA<\/h2><\/figcaption><\/figure><\/div><div class=\"bt_bb_separator bt_bb_border_style_none bt_bb_top_spacing_normal\" data-bt-override-class=\"null\"><\/div><\/div><\/div><div  class=\"bt_bb_column_inner col-xl-4 col-xs-12 col-sm-12 col-md-12 col-lg-4 bt_bb_align_left bt_bb_vertical_align_top bt_bb_animation_fade_in animate bt_bb_padding_normal bt_bb_animation_fade_in animate\"  data-width=\"4\" data-bt-override-class=\"{&quot;bt_bb_align_&quot;:{&quot;current_class&quot;:&quot;bt_bb_align_left&quot;,&quot;xxl&quot;:&quot;left&quot;,&quot;xl&quot;:&quot;left&quot;}}\"><div class=\"bt_bb_column_inner_content\"><div class=\"bt_bb_raw_content\"><figure class=\"locations-image-grid-entry-figure\"><div class=\"locations-image-grid-entry-img  locations-image-hover fade-out\"><a href=\"https:\/\/yulcom-technologies.com\/en\/usa-en\/\"><img decoding=\"async\" alt=\"USA\" src=\"https:\/\/yulcom-technologies.com\/wp-content\/uploads\/2024\/04\/usa.png\" data-no-retina=\"\" width=\"500\" height=\"500\"><\/a><\/div><figcaption class=\"locations-image-grid-entry-title\"><h2 class=\"entry-title\">USA<\/h2><\/figcaption><\/figure><\/div><div class=\"bt_bb_separator bt_bb_border_style_none bt_bb_top_spacing_normal\" data-bt-override-class=\"null\"><\/div><\/div><\/div><div  class=\"bt_bb_column_inner col-xl-4 col-xs-12 col-sm-12 col-md-12 col-lg-4 bt_bb_align_left bt_bb_vertical_align_top bt_bb_animation_fade_in animate bt_bb_padding_normal bt_bb_animation_fade_in animate\"  data-width=\"4\" data-bt-override-class=\"{&quot;bt_bb_align_&quot;:{&quot;current_class&quot;:&quot;bt_bb_align_left&quot;,&quot;xxl&quot;:&quot;left&quot;,&quot;xl&quot;:&quot;left&quot;}}\"><div class=\"bt_bb_column_inner_content\"><div class=\"bt_bb_raw_content\"><figure class=\"locations-image-grid-entry-figure\"><div class=\"locations-image-grid-entry-img  locations-image-hover fade-out\"><a href=\"https:\/\/yulcom-technologies.com\/en\/colombia\/\"><img decoding=\"async\" alt=\"GUIN\u00c9E\" src=\"https:\/\/yulcom-technologies.com\/wp-content\/uploads\/2024\/04\/columbia.png\" data-no-retina=\"\" width=\"500\" height=\"500\"><\/a>\n<\/div>\n\n<figcaption class=\"locations-image-grid-entry-title\"><h2 class=\"entry-title\">COLOMBIA<\/h2><\/figcaption><\/figure><\/div><div class=\"bt_bb_separator bt_bb_border_style_none bt_bb_top_spacing_normal\" data-bt-override-class=\"null\"><\/div><\/div><\/div><\/div><\/div><div class=\"bt_bb_row_wrapper\"><div  class=\"bt_bb_row_inner bt_bb_column_inner_gap_10\"  data-bt-override-class=\"{}\"><div  class=\"bt_bb_column_inner col-xl-4 col-xs-12 col-sm-12 col-md-12 col-lg-4 bt_bb_align_left bt_bb_vertical_align_top bt_bb_animation_fade_in animate bt_bb_padding_normal bt_bb_animation_fade_in animate\"  data-width=\"4\" data-bt-override-class=\"{&quot;bt_bb_align_&quot;:{&quot;current_class&quot;:&quot;bt_bb_align_left&quot;,&quot;xxl&quot;:&quot;left&quot;,&quot;xl&quot;:&quot;left&quot;}}\"><div class=\"bt_bb_column_inner_content\"><div class=\"bt_bb_raw_content\"><figure class=\"locations-image-grid-entry-figure\"><div class=\"locations-image-grid-entry-img  locations-image-hover fade-out\"><a href=\" http:\/\/yulcom-technologies.com\/en\/belgium\/\"><img loading=\"lazy\" decoding=\"async\" alt=\"BELGIUM\" src=\"https:\/\/yulcom-technologies.com\/wp-content\/uploads\/2024\/04\/belgium.png\" data-no-retina=\"\" width=\"500\" height=\"500\"><\/a>\n<\/div>\n\n<figcaption class=\"locations-image-grid-entry-title\"><h2 class=\"entry-title\">BELGIUM<\/h2><\/figcaption><\/figure><\/div><div class=\"bt_bb_separator bt_bb_border_style_none bt_bb_top_spacing_normal\" data-bt-override-class=\"null\"><\/div><\/div><\/div><div  class=\"bt_bb_column_inner col-xl-4 col-xs-12 col-sm-12 col-md-12 col-lg-4 bt_bb_align_left bt_bb_vertical_align_top bt_bb_animation_fade_in animate bt_bb_padding_normal bt_bb_animation_fade_in animate\"  data-width=\"4\" data-bt-override-class=\"{&quot;bt_bb_align_&quot;:{&quot;current_class&quot;:&quot;bt_bb_align_left&quot;,&quot;xxl&quot;:&quot;left&quot;,&quot;xl&quot;:&quot;left&quot;}}\"><div class=\"bt_bb_column_inner_content\"><div class=\"bt_bb_raw_content\"><figure class=\"locations-image-grid-entry-figure\"><div class=\"locations-image-grid-entry-img  locations-image-hover fade-out\"><a href=\"http:\/\/yulcom-technologies.com\/en\/morocco\/\"><img loading=\"lazy\" decoding=\"async\" alt=\"MOROCCO\" src=\"https:\/\/yulcom-technologies.com\/wp-content\/uploads\/2024\/04\/morocco.png\" data-no-retina=\" data-no-retina=\"\" width=\"500\" height=\"500\"><\/a>\n<\/div>\n\n<figcaption class=\"locations-image-grid-entry-title\"><h2 class=\"entry-title\">MOROCCO<\/h2><\/figcaption><\/figure><\/div><div class=\"bt_bb_separator bt_bb_border_style_none bt_bb_top_spacing_normal\" data-bt-override-class=\"null\"><\/div><\/div><\/div><div  class=\"bt_bb_column_inner col-xl-4 col-xs-12 col-sm-12 col-md-12 col-lg-4 bt_bb_align_left bt_bb_vertical_align_top bt_bb_animation_fade_in animate bt_bb_padding_normal bt_bb_animation_fade_in animate\"  data-width=\"4\" data-bt-override-class=\"{&quot;bt_bb_align_&quot;:{&quot;current_class&quot;:&quot;bt_bb_align_left&quot;,&quot;xxl&quot;:&quot;left&quot;,&quot;xl&quot;:&quot;left&quot;}}\"><div class=\"bt_bb_column_inner_content\"><div class=\"bt_bb_raw_content\"><figure class=\"locations-image-grid-entry-figure\"><div class=\"locations-image-grid-entry-img  locations-image-hover fade-out\"><a href=\"https:\/\/yulcom-technologies.com\/en\/cote-divoire-en\/\"><img loading=\"lazy\" decoding=\"async\" alt=\"IVORY COAST\" src=\"https:\/\/yulcom-technologies.com\/wp-content\/uploads\/2024\/04\/ivory-coast.png\" data-no-retina=\"\" width=\"500\" height=\"500\"><\/a>\n<\/div>\n\n<figcaption class=\"locations-image-grid-entry-title\"><h2 class=\"entry-title\">IVORY COAST<\/h2><\/figcaption><\/figure><\/div><div class=\"bt_bb_separator bt_bb_border_style_none bt_bb_top_spacing_normal\" data-bt-override-class=\"null\"><\/div><\/div><\/div><\/div><\/div><div class=\"bt_bb_row_wrapper\"><div  class=\"bt_bb_row_inner bt_bb_column_inner_gap_10\"  data-bt-override-class=\"{}\"><div  class=\"bt_bb_column_inner col-xl-4 col-xs-12 col-sm-12 col-md-12 col-lg-4 bt_bb_align_left bt_bb_vertical_align_top bt_bb_animation_fade_in animate bt_bb_padding_normal bt_bb_animation_fade_in animate\"  data-width=\"4\" data-bt-override-class=\"{&quot;bt_bb_align_&quot;:{&quot;current_class&quot;:&quot;bt_bb_align_left&quot;,&quot;xxl&quot;:&quot;left&quot;,&quot;xl&quot;:&quot;left&quot;}}\"><div class=\"bt_bb_column_inner_content\"><div class=\"bt_bb_raw_content\"><figure class=\"locations-image-grid-entry-figure\"><div class=\"locations-image-grid-entry-img  locations-image-hover fade-out\"><a href=\"\/en\/: http:\/\/yulcom-technologies.com\/togo-en\/\"><img loading=\"lazy\" decoding=\"async\" alt=\"TOGO\" src=\"https:\/\/yulcom-technologies.com\/wp-content\/uploads\/2024\/04\/togo.png\" data-no-retina=\"\" width=\"500\" height=\"500\"><\/a><\/div><figcaption class=\"locations-image-grid-entry-title\"><h2 class=\"entry-title\">\nTOGO<\/h2><\/figcaption><\/figure><\/div><div class=\"bt_bb_separator bt_bb_border_style_none bt_bb_top_spacing_normal\" data-bt-override-class=\"null\"><\/div><\/div><\/div><div  class=\"bt_bb_column_inner col-xl-4 col-xs-12 col-sm-12 col-md-12 col-lg-4 bt_bb_align_left bt_bb_vertical_align_top bt_bb_animation_fade_in animate bt_bb_padding_normal bt_bb_animation_fade_in animate\"  data-width=\"4\" data-bt-override-class=\"{&quot;bt_bb_align_&quot;:{&quot;current_class&quot;:&quot;bt_bb_align_left&quot;,&quot;xxl&quot;:&quot;left&quot;,&quot;xl&quot;:&quot;left&quot;}}\"><div class=\"bt_bb_column_inner_content\"><div class=\"bt_bb_raw_content\"><figure class=\"locations-image-grid-entry-figure\"><div class=\"locations-image-grid-entry-img  locations-image-hover fade-out\"><a href=\"https:\/\/yulcom-technologies.com\/en\/mali-en\/\"><img loading=\"lazy\" decoding=\"async\" alt=\"MALI\" src=\"https:\/\/yulcom-technologies.com\/wp-content\/uploads\/2024\/04\/mali.png\" data-no-retina=\"\" width=\"500\" height=\"500\"><\/a><\/div><figcaption class=\"locations-image-grid-entry-title\"><h2 class=\"entry-title\">\nMALI<\/h2><\/figcaption><\/figure><\/div><div class=\"bt_bb_separator bt_bb_border_style_none bt_bb_top_spacing_normal\" data-bt-override-class=\"null\"><\/div><\/div><\/div><div  class=\"bt_bb_column_inner col-xl-4 col-xs-12 col-sm-12 col-md-12 col-lg-4 bt_bb_align_left bt_bb_vertical_align_top bt_bb_animation_fade_in animate bt_bb_padding_normal bt_bb_animation_fade_in animate\"  data-width=\"4\" data-bt-override-class=\"{&quot;bt_bb_align_&quot;:{&quot;current_class&quot;:&quot;bt_bb_align_left&quot;,&quot;xxl&quot;:&quot;left&quot;,&quot;xl&quot;:&quot;left&quot;}}\"><div class=\"bt_bb_column_inner_content\"><div class=\"bt_bb_raw_content\"><figure class=\"locations-image-grid-entry-figure\"><div class=\"locations-image-grid-entry-img  locations-image-hover fade-out\"><a href=\"https:\/\/yulcom-technologies.com\/en\/niger-en\/\"><img loading=\"lazy\" decoding=\"async\" alt=\"NIGER\" src=\"https:\/\/yulcom-technologies.com\/wp-content\/uploads\/2024\/04\/niger.png\" data-no-retina=\"\" width=\"500\" height=\"500\"><\/a>\n<\/div>\n\n<figcaption class=\"locations-image-grid-entry-title\"><h2 class=\"entry-title\">NIGER<\/h2><\/figcaption><\/figure><\/div><div class=\"bt_bb_separator bt_bb_border_style_none bt_bb_top_spacing_normal\" data-bt-override-class=\"null\"><\/div><\/div><\/div><\/div><\/div><div class=\"bt_bb_row_wrapper\"><div  class=\"bt_bb_row_inner bt_bb_column_inner_gap_10\"  data-bt-override-class=\"{}\"><div  class=\"bt_bb_column_inner col-xl-4 col-xs-12 col-sm-12 col-md-12 col-lg-4 bt_bb_align_left bt_bb_vertical_align_top bt_bb_animation_fade_in animate bt_bb_padding_normal bt_bb_animation_fade_in animate\"  data-width=\"4\" data-bt-override-class=\"{&quot;bt_bb_align_&quot;:{&quot;current_class&quot;:&quot;bt_bb_align_left&quot;,&quot;xxl&quot;:&quot;left&quot;,&quot;xl&quot;:&quot;left&quot;}}\"><div class=\"bt_bb_column_inner_content\"><div class=\"bt_bb_raw_content\"><figure class=\"locations-image-grid-entry-figure\"><div class=\"locations-image-grid-entry-img  locations-image-hover fade-out\"><a href=\"https:\/\/yulcom-technologies.com\/en\/burkina-faso-en\/\"><img loading=\"lazy\" decoding=\"async\" alt=\"BURKINA FASO\" src=\"https:\/\/yulcom-technologies.com\/wp-content\/uploads\/2024\/04\/burkina-faso.png\" data-no-retina=\"\" width=\"500\" height=\"500\"><\/a><\/div><figcaption class=\"locations-image-grid-entry-title\"><h2 class=\"entry-title\">\nBURKINA FASO<\/h2><\/figcaption><\/figure><\/div><div class=\"bt_bb_separator bt_bb_border_style_none bt_bb_top_spacing_normal\" data-bt-override-class=\"null\"><\/div><\/div><\/div><div  class=\"bt_bb_column_inner col-xl-4 col-xs-12 col-sm-12 col-md-12 col-lg-4 bt_bb_align_left bt_bb_vertical_align_top bt_bb_animation_fade_in animate bt_bb_padding_normal bt_bb_animation_fade_in animate\"  data-width=\"4\" data-bt-override-class=\"{&quot;bt_bb_align_&quot;:{&quot;current_class&quot;:&quot;bt_bb_align_left&quot;,&quot;xxl&quot;:&quot;left&quot;,&quot;xl&quot;:&quot;left&quot;}}\"><div class=\"bt_bb_column_inner_content\"><div class=\"bt_bb_raw_content\"><figure class=\"locations-image-grid-entry-figure\"><div class=\"locations-image-grid-entry-img  locations-image-hover fade-out\"><a href=\"https:\/\/yulcom-technologies.com\/en\/benin-en\/\"><img loading=\"lazy\" decoding=\"async\" alt=\"BENIN\" src=\"https:\/\/yulcom-technologies.com\/wp-content\/uploads\/2024\/04\/benin.png\" data-no-retina=\"\" width=\"500\" height=\"500\"><\/a>\n<\/div>\n\n<figcaption class=\"locations-image-grid-entry-title\"><h2 class=\"entry-title\">BENIN<\/h2><\/figcaption><\/figure><\/div><div class=\"bt_bb_separator bt_bb_border_style_none bt_bb_top_spacing_normal\" data-bt-override-class=\"null\"><\/div><\/div><\/div><div  class=\"bt_bb_column_inner col-xl-4 col-xs-12 col-sm-12 col-md-12 col-lg-4 bt_bb_align_left bt_bb_vertical_align_top bt_bb_animation_fade_in animate bt_bb_padding_normal bt_bb_animation_fade_in animate\"  data-width=\"4\" data-bt-override-class=\"{&quot;bt_bb_align_&quot;:{&quot;current_class&quot;:&quot;bt_bb_align_left&quot;,&quot;xxl&quot;:&quot;left&quot;,&quot;xl&quot;:&quot;left&quot;}}\"><div class=\"bt_bb_column_inner_content\"><div class=\"bt_bb_raw_content\"><figure class=\"locations-image-grid-entry-figure\"><div class=\"locations-image-grid-entry-img  locations-image-hover fade-out\"><a href=\"https:\/\/yulcom-technologies.com\/en\/guinee-en\/\"><img loading=\"lazy\" decoding=\"async\" alt=\"GUINEA\" src=\"https:\/\/yulcom-technologies.com\/wp-content\/uploads\/2024\/04\/guinea.png\" data-no-retina=\"\" width=\"500\" height=\"500\"><\/a>\n<\/div>\n\n<figcaption class=\"locations-image-grid-entry-title\"><h2 class=\"entry-title\">GUINEA<\/h2><\/figcaption><\/figure><\/div><div class=\"bt_bb_separator bt_bb_border_style_none bt_bb_top_spacing_normal\" data-bt-override-class=\"null\"><\/div><\/div><\/div><\/div><\/div><div class=\"bt_bb_row_wrapper\"><div  class=\"bt_bb_row_inner bt_bb_column_inner_gap_10\"  data-bt-override-class=\"{}\"><div  class=\"bt_bb_column_inner col-xl-4 col-xs-12 col-sm-12 col-md-12 col-lg-4 bt_bb_align_left bt_bb_vertical_align_top bt_bb_animation_fade_in animate bt_bb_padding_normal bt_bb_animation_fade_in animate\"  data-width=\"4\" data-bt-override-class=\"{&quot;bt_bb_align_&quot;:{&quot;current_class&quot;:&quot;bt_bb_align_left&quot;,&quot;xxl&quot;:&quot;left&quot;,&quot;xl&quot;:&quot;left&quot;}}\"><div class=\"bt_bb_column_inner_content\"><div class=\"bt_bb_raw_content\"><figure class=\"locations-image-grid-entry-figure\"><div class=\"locations-image-grid-entry-img  locations-image-hover fade-out\"><a href=\"https:\/\/yulcom-technologies.com\/fr\/senegal\/\"><img loading=\"lazy\" decoding=\"async\" alt=\"S\u00c9N\u00c9GAL\" src=\"https:\/\/yulcom-technologies.com\/wp-content\/uploads\/2024\/04\/senegal.png\" data-no-retina=\" data-no-retina=\"\" width=\"500\" height=\"500\"><\/a>\n<\/div>\n\n<figcaption class=\"locations-image-grid-entry-title\"><h2 class=\"entry-title\">SENEGAL<\/h2><\/figcaption><\/figure><\/div><div class=\"bt_bb_separator bt_bb_border_style_none bt_bb_top_spacing_normal\" data-bt-override-class=\"null\"><\/div><\/div><\/div><div  class=\"bt_bb_column_inner col-xl-4 col-xs-12 col-sm-12 col-md-12 col-lg-4 bt_bb_align_left bt_bb_vertical_align_top bt_bb_animation_fade_in animate bt_bb_padding_normal bt_bb_animation_fade_in animate\"  data-width=\"4\" data-bt-override-class=\"{&quot;bt_bb_align_&quot;:{&quot;current_class&quot;:&quot;bt_bb_align_left&quot;,&quot;xxl&quot;:&quot;left&quot;,&quot;xl&quot;:&quot;left&quot;}}\"><div class=\"bt_bb_column_inner_content\"><div class=\"bt_bb_raw_content\"><figure class=\"locations-image-grid-entry-figure\"><div class=\"locations-image-grid-entry-img  locations-image-hover fade-out\"><a href=\"https:\/\/yulcom-technologies.com\/en\/nigeria-en\/\"><img loading=\"lazy\" decoding=\"async\" alt=\"S\u00c9N\u00c9GAL\" src=\"https:\/\/yulcom-technologies.com\/wp-content\/uploads\/2024\/04\/nigeria.png\" data-no-retina=\" data-no-retina=\"\" width=\"500\" height=\"500\"><\/a>\n<\/div>\n\n<figcaption class=\"locations-image-grid-entry-title\"><h2 class=\"entry-title\">NIGERIA<\/h2><\/figcaption><\/figure><\/div><div class=\"bt_bb_separator bt_bb_border_style_none bt_bb_top_spacing_normal\" data-bt-override-class=\"null\"><\/div><\/div><\/div><div  class=\"bt_bb_column_inner col-xl-4 col-xs-12 col-sm-12 col-md-12 col-lg-4 bt_bb_align_left bt_bb_vertical_align_top bt_bb_animation_fade_in animate bt_bb_padding_normal bt_bb_animation_fade_in animate\"  data-width=\"4\" data-bt-override-class=\"{&quot;bt_bb_align_&quot;:{&quot;current_class&quot;:&quot;bt_bb_align_left&quot;,&quot;xxl&quot;:&quot;left&quot;,&quot;xl&quot;:&quot;left&quot;}}\"><div class=\"bt_bb_column_inner_content\"><\/div><\/div><\/div><\/div><\/div><\/div><\/div><\/div><\/div><\/div><\/div><\/section>","protected":false},"excerpt":{"rendered":"","protected":false},"author":9,"featured_media":7857,"parent":0,"menu_order":0,"comment_status":"closed","ping_status":"closed","template":"","meta":{"footnotes":""},"class_list":["post-5730","page","type-page","status-publish","has-post-thumbnail","hentry"],"yoast_head":"<!-- This site is optimized with the Yoast SEO plugin v21.5 - https:\/\/yoast.com\/wordpress\/plugins\/seo\/ -->\n<title>Our Offices - YULCOM<\/title>\n<meta name=\"description\" content=\"YULCOM Technologies est une firme multinationale canadienne sp\u00e9cialis\u00e9e dans l\u2019ing\u00e9nierie informatique, la strat\u00e9gie num\u00e9rique, l\u2019acquisition et l\u2019installation d\u2019outils de technologies de l\u2019information.\" \/>\n<meta name=\"robots\" content=\"index, follow, max-snippet:-1, max-image-preview:large, max-video-preview:-1\" \/>\n<link rel=\"canonical\" href=\"https:\/\/yulcom-technologies.com\/en\/our-offices\/\" \/>\n<meta property=\"og:locale\" content=\"en_US\" \/>\n<meta property=\"og:type\" content=\"article\" \/>\n<meta property=\"og:title\" content=\"Our Offices - YULCOM\" \/>\n<meta property=\"og:description\" content=\"YULCOM Technologies est une firme multinationale canadienne sp\u00e9cialis\u00e9e dans l\u2019ing\u00e9nierie informatique, la strat\u00e9gie num\u00e9rique, l\u2019acquisition et l\u2019installation d\u2019outils de technologies de l\u2019information.\" \/>\n<meta property=\"og:url\" content=\"https:\/\/yulcom-technologies.com\/en\/our-offices\/\" \/>\n<meta property=\"og:site_name\" content=\"YULCOM\" \/>\n<meta property=\"article:modified_time\" content=\"2024-04-01T10:41:03+00:00\" \/>\n<meta property=\"og:image\" content=\"https:\/\/yulcom-technologies.com\/wp-content\/uploads\/2021\/06\/pexels-timur-saglambilek-87223-scaled.jpg\" \/>\n\t<meta property=\"og:image:width\" content=\"2560\" \/>\n\t<meta property=\"og:image:height\" content=\"1549\" \/>\n\t<meta property=\"og:image:type\" content=\"image\/jpeg\" \/>\n<meta name=\"twitter:card\" content=\"summary_large_image\" \/>\n<meta name=\"twitter:label1\" content=\"Est. reading time\" \/>\n\t<meta name=\"twitter:data1\" content=\"4 minutes\" \/>\n<script type=\"application\/ld+json\" class=\"yoast-schema-graph\">{\"@context\":\"https:\/\/schema.org\",\"@graph\":[{\"@type\":\"WebPage\",\"@id\":\"https:\/\/yulcom-technologies.com\/en\/our-offices\/\",\"url\":\"https:\/\/yulcom-technologies.com\/en\/our-offices\/\",\"name\":\"Our Offices - YULCOM\",\"isPartOf\":{\"@id\":\"https:\/\/yulcom-technologies.com\/en\/#website\"},\"datePublished\":\"2021-05-31T09:31:21+00:00\",\"dateModified\":\"2024-04-01T10:41:03+00:00\",\"description\":\"YULCOM Technologies est une firme multinationale canadienne sp\u00e9cialis\u00e9e dans l\u2019ing\u00e9nierie informatique, la strat\u00e9gie num\u00e9rique, l\u2019acquisition et l\u2019installation d\u2019outils de technologies de l\u2019information.\",\"breadcrumb\":{\"@id\":\"https:\/\/yulcom-technologies.com\/en\/our-offices\/#breadcrumb\"},\"inLanguage\":\"en-CA\",\"potentialAction\":[{\"@type\":\"ReadAction\",\"target\":[\"https:\/\/yulcom-technologies.com\/en\/our-offices\/\"]}]},{\"@type\":\"BreadcrumbList\",\"@id\":\"https:\/\/yulcom-technologies.com\/en\/our-offices\/#breadcrumb\",\"itemListElement\":[{\"@type\":\"ListItem\",\"position\":1,\"name\":\"Accueil\",\"item\":\"https:\/\/yulcom-technologies.com\/en\/\"},{\"@type\":\"ListItem\",\"position\":2,\"name\":\"Our Offices\"}]},{\"@type\":\"WebSite\",\"@id\":\"https:\/\/yulcom-technologies.com\/en\/#website\",\"url\":\"https:\/\/yulcom-technologies.com\/en\/\",\"name\":\"YULCOM\",\"description\":\"\",\"publisher\":{\"@id\":\"https:\/\/yulcom-technologies.com\/en\/#organization\"},\"potentialAction\":[{\"@type\":\"SearchAction\",\"target\":{\"@type\":\"EntryPoint\",\"urlTemplate\":\"https:\/\/yulcom-technologies.com\/en\/?s={search_term_string}\"},\"query-input\":\"required name=search_term_string\"}],\"inLanguage\":\"en-CA\"},{\"@type\":\"Organization\",\"@id\":\"https:\/\/yulcom-technologies.com\/en\/#organization\",\"name\":\"YULCOM\",\"url\":\"https:\/\/yulcom-technologies.com\/en\/\",\"logo\":{\"@type\":\"ImageObject\",\"inLanguage\":\"en-CA\",\"@id\":\"https:\/\/yulcom-technologies.com\/en\/#\/schema\/logo\/image\/\",\"url\":\"https:\/\/yulcom-technologies.com\/wp-content\/uploads\/2021\/07\/logo.png\",\"contentUrl\":\"https:\/\/yulcom-technologies.com\/wp-content\/uploads\/2021\/07\/logo.png\",\"width\":1500,\"height\":514,\"caption\":\"YULCOM\"},\"image\":{\"@id\":\"https:\/\/yulcom-technologies.com\/en\/#\/schema\/logo\/image\/\"}}]}<\/script>\n<!-- \/ Yoast SEO plugin. -->","yoast_head_json":{"title":"Our Offices - YULCOM","description":"YULCOM Technologies est une firme multinationale canadienne sp\u00e9cialis\u00e9e dans l\u2019ing\u00e9nierie informatique, la strat\u00e9gie num\u00e9rique, l\u2019acquisition et l\u2019installation d\u2019outils de technologies de l\u2019information.","robots":{"index":"index","follow":"follow","max-snippet":"max-snippet:-1","max-image-preview":"max-image-preview:large","max-video-preview":"max-video-preview:-1"},"canonical":"https:\/\/yulcom-technologies.com\/en\/our-offices\/","og_locale":"en_US","og_type":"article","og_title":"Our Offices - YULCOM","og_description":"YULCOM Technologies est une firme multinationale canadienne sp\u00e9cialis\u00e9e dans l\u2019ing\u00e9nierie informatique, la strat\u00e9gie num\u00e9rique, l\u2019acquisition et l\u2019installation d\u2019outils de technologies de l\u2019information.","og_url":"https:\/\/yulcom-technologies.com\/en\/our-offices\/","og_site_name":"YULCOM","article_modified_time":"2024-04-01T10:41:03+00:00","og_image":[{"width":2560,"height":1549,"url":"https:\/\/yulcom-technologies.com\/wp-content\/uploads\/2021\/06\/pexels-timur-saglambilek-87223-scaled.jpg","type":"image\/jpeg"}],"twitter_card":"summary_large_image","twitter_misc":{"Est. reading time":"4 minutes"},"schema":{"@context":"https:\/\/schema.org","@graph":[{"@type":"WebPage","@id":"https:\/\/yulcom-technologies.com\/en\/our-offices\/","url":"https:\/\/yulcom-technologies.com\/en\/our-offices\/","name":"Our Offices - YULCOM","isPartOf":{"@id":"https:\/\/yulcom-technologies.com\/en\/#website"},"datePublished":"2021-05-31T09:31:21+00:00","dateModified":"2024-04-01T10:41:03+00:00","description":"YULCOM Technologies est une firme multinationale canadienne sp\u00e9cialis\u00e9e dans l\u2019ing\u00e9nierie informatique, la strat\u00e9gie num\u00e9rique, l\u2019acquisition et l\u2019installation d\u2019outils de technologies de l\u2019information.","breadcrumb":{"@id":"https:\/\/yulcom-technologies.com\/en\/our-offices\/#breadcrumb"},"inLanguage":"en-CA","potentialAction":[{"@type":"ReadAction","target":["https:\/\/yulcom-technologies.com\/en\/our-offices\/"]}]},{"@type":"BreadcrumbList","@id":"https:\/\/yulcom-technologies.com\/en\/our-offices\/#breadcrumb","itemListElement":[{"@type":"ListItem","position":1,"name":"Accueil","item":"https:\/\/yulcom-technologies.com\/en\/"},{"@type":"ListItem","position":2,"name":"Our Offices"}]},{"@type":"WebSite","@id":"https:\/\/yulcom-technologies.com\/en\/#website","url":"https:\/\/yulcom-technologies.com\/en\/","name":"YULCOM","description":"","publisher":{"@id":"https:\/\/yulcom-technologies.com\/en\/#organization"},"potentialAction":[{"@type":"SearchAction","target":{"@type":"EntryPoint","urlTemplate":"https:\/\/yulcom-technologies.com\/en\/?s={search_term_string}"},"query-input":"required name=search_term_string"}],"inLanguage":"en-CA"},{"@type":"Organization","@id":"https:\/\/yulcom-technologies.com\/en\/#organization","name":"YULCOM","url":"https:\/\/yulcom-technologies.com\/en\/","logo":{"@type":"ImageObject","inLanguage":"en-CA","@id":"https:\/\/yulcom-technologies.com\/en\/#\/schema\/logo\/image\/","url":"https:\/\/yulcom-technologies.com\/wp-content\/uploads\/2021\/07\/logo.png","contentUrl":"https:\/\/yulcom-technologies.com\/wp-content\/uploads\/2021\/07\/logo.png","width":1500,"height":514,"caption":"YULCOM"},"image":{"@id":"https:\/\/yulcom-technologies.com\/en\/#\/schema\/logo\/image\/"}}]}},"_links":{"self":[{"href":"https:\/\/yulcom-technologies.com\/en\/wp-json\/wp\/v2\/pages\/5730","targetHints":{"allow":["GET"]}}],"collection":[{"href":"https:\/\/yulcom-technologies.com\/en\/wp-json\/wp\/v2\/pages"}],"about":[{"href":"https:\/\/yulcom-technologies.com\/en\/wp-json\/wp\/v2\/types\/page"}],"author":[{"embeddable":true,"href":"https:\/\/yulcom-technologies.com\/en\/wp-json\/wp\/v2\/users\/9"}],"replies":[{"embeddable":true,"href":"https:\/\/yulcom-technologies.com\/en\/wp-json\/wp\/v2\/comments?post=5730"}],"version-history":[{"count":41,"href":"https:\/\/yulcom-technologies.com\/en\/wp-json\/wp\/v2\/pages\/5730\/revisions"}],"predecessor-version":[{"id":17223,"href":"https:\/\/yulcom-technologies.com\/en\/wp-json\/wp\/v2\/pages\/5730\/revisions\/17223"}],"wp:featuredmedia":[{"embeddable":true,"href":"https:\/\/yulcom-technologies.com\/en\/wp-json\/wp\/v2\/media\/7857"}],"wp:attachment":[{"href":"https:\/\/yulcom-technologies.com\/en\/wp-json\/wp\/v2\/media?parent=5730"}],"curies":[{"name":"wp","href":"https:\/\/api.w.org\/{rel}","templated":true}]}}