{"id":5128,"date":"2021-05-07T10:51:49","date_gmt":"2021-05-07T08:51:49","guid":{"rendered":"https:\/\/yulcom-technologies.com\/dev\/yulcom\/?page_id=5128"},"modified":"2022-05-27T11:30:45","modified_gmt":"2022-05-27T09:30:45","slug":"business-management","status":"publish","type":"page","link":"https:\/\/yulcom-technologies.com\/en\/business-management\/","title":{"rendered":"Business Management"},"content":{"rendered":"<section id=\"bt_bb_section69de01e051f1e\"  class=\"bt_bb_section bt_bb_top_spacing_medium bt_bb_bottom_spacing_medium bt_bb_layout_boxed_1200 bt_bb_vertical_align_top\" ><div class=\"bt_bb_port\"><div class=\"bt_bb_cell\"><div class=\"bt_bb_cell_inner\"><div class=\"bt_bb_row_wrapper\"><div  class=\"bt_bb_row\"  data-bt-override-class=\"{}\"><div  class=\"bt_bb_column col-xl-12 col-xs-12 col-sm-12 col-md-12 col-lg-12 bt_bb_align_center bt_bb_vertical_align_top bt_bb_padding_normal\"  data-width=\"12\" data-bt-override-class=\"{&quot;bt_bb_align_&quot;:{&quot;current_class&quot;:&quot;bt_bb_align_center&quot;,&quot;xxl&quot;:&quot;center&quot;,&quot;xl&quot;:&quot;center&quot;}}\"><div class=\"bt_bb_column_content\"><header class=\"bt_bb_headline bt_bb_dash_none bt_bb_size_normal bt_bb_align_center\" data-bt-override-class=\"{&quot;bt_bb_size_&quot;:{&quot;current_class&quot;:&quot;bt_bb_size_normal&quot;,&quot;xxl&quot;:&quot;normal&quot;,&quot;xl&quot;:&quot;normal&quot;},&quot;bt_bb_align_&quot;:{&quot;current_class&quot;:&quot;bt_bb_align_center&quot;,&quot;xxl&quot;:&quot;center&quot;,&quot;xl&quot;:&quot;center&quot;}}\"><h4 class=\"bt_bb_headline_tag\"><span class=\"bt_bb_headline_content\"><span><u>DISCOVER WHAT YULCOM CAN DO FOR BUSINESS MANAGEMENT<\/u><\/span><\/span><\/h4><\/header><div class=\"bt_bb_separator bt_bb_border_style_none bt_bb_top_spacing_normal\" data-bt-override-class=\"null\"><\/div><div  class=\"bt_bb_text\" ><p>YULCOM helps companies better manage their digital transition, and develop new digital services, and projects.<\/p>\n<div id=\"gtx-trans\" style=\"position: absolute; left: -29px; top: -20px;\">\n<div class=\"gtx-trans-icon\"><\/div>\n<\/div>\n<\/div><\/div><\/div><\/div><\/div><\/div><\/div><\/div><\/section><section id=\"bt_bb_section69de01e0523a6\"  class=\"bt_bb_section bt_bb_bottom_spacing_medium bt_bb_layout_boxed_1200 bt_bb_vertical_align_top bt_bb_section_show_right_boxed_content\" ><div class=\"bt_bb_port\"><div class=\"bt_bb_cell\"><div class=\"bt_bb_cell_inner\"><div class=\"bt_bb_row_wrapper\"><div  class=\"bt_bb_row\"  data-bt-override-class=\"{}\"><div  class=\"bt_bb_column col-xl-7 bt_bb_align_right bt_bb_vertical_align_middle bt_bb_animation_fade_in animate bt_bb_padding_double bt_bb_column_background_image bt_bb_mobile_align_to_both_edges bt_bb_animation_fade_in animate\" style=\"position: relative;background-image:url(&#039;&#039;);background-position:6% 78%;background-size:auto;\" data-width=\"7\" data-bt-override-class=\"{&quot;bt_bb_align_&quot;:{&quot;current_class&quot;:&quot;bt_bb_align_right&quot;,&quot;xxl&quot;:&quot;right&quot;,&quot;xl&quot;:&quot;right&quot;}}\"><div class=\"bt_bb_column_content\"><div class=\"bt_bb_image bt_bb_shape_square bt_bb_target_self bt_bb_align_inherit bt_bb_hover_style_simple bt_bb_content_display_always bt_bb_content_align_middle bt_bb_fill_background_color_full\" style=\"max-width: 760px; position: relative;\" data-bt-override-class=\"{&quot;bt_bb_align_&quot;:{&quot;current_class&quot;:&quot;bt_bb_align_inherit&quot;,&quot;xxl&quot;:&quot;inherit&quot;,&quot;xl&quot;:&quot;inherit&quot;}}\"><span><img fetchpriority=\"high\" decoding=\"async\" width=\"1200\" height=\"742\" src=\"https:\/\/yulcom-technologies.com\/wp-content\/uploads\/2021\/05\/img-consultancy-excellence.png\" class=\"attachment-full size-full\" alt=\"https:\/\/yulcom-technologies.com\/wp-content\/uploads\/2021\/05\/img-consultancy-excellence.png\" data-full_image_src=\"https:\/\/yulcom-technologies.com\/wp-content\/uploads\/2021\/05\/img-consultancy-excellence.png\"  srcset=\"https:\/\/yulcom-technologies.com\/wp-content\/uploads\/2021\/05\/img-consultancy-excellence.png 1200w, https:\/\/yulcom-technologies.com\/wp-content\/uploads\/2021\/05\/img-consultancy-excellence-640x396.png 640w, https:\/\/yulcom-technologies.com\/wp-content\/uploads\/2021\/05\/img-consultancy-excellence-768x475.png 768w, https:\/\/yulcom-technologies.com\/wp-content\/uploads\/2021\/05\/img-consultancy-excellence-16x10.png 16w, https:\/\/yulcom-technologies.com\/wp-content\/uploads\/2021\/05\/img-consultancy-excellence-320x198.png 320w\" sizes=\"(max-width: 1200px) 100vw, 1200px\" \/><\/span><\/div><div class=\"bt_bb_separator bt_bb_border_style_none bt_bb_bottom_spacing_normal bt_bb_hidden_md bt_bb_hidden_lg\" data-bt-override-class=\"null\"><\/div><\/div><\/div><div  class=\"bt_bb_column col-xl-5 bt_bb_align_left bt_bb_vertical_align_middle bt_bb_animation_fade_in animate bt_bb_padding_normal bt_bb_animation_fade_in animate\" style=\"position: Relative;\" data-width=\"5\" data-bt-override-class=\"{&quot;bt_bb_align_&quot;:{&quot;current_class&quot;:&quot;bt_bb_align_left&quot;,&quot;xxl&quot;:&quot;left&quot;,&quot;xl&quot;:&quot;left&quot;}}\"><div class=\"bt_bb_column_content\"><header class=\"bt_bb_headline bt_bb_dash_none bt_bb_size_normal bt_bb_align_left\" data-bt-override-class=\"{&quot;bt_bb_size_&quot;:{&quot;current_class&quot;:&quot;bt_bb_size_normal&quot;,&quot;xxl&quot;:&quot;normal&quot;,&quot;xl&quot;:&quot;normal&quot;},&quot;bt_bb_align_&quot;:{&quot;current_class&quot;:&quot;bt_bb_align_left&quot;,&quot;xxl&quot;:&quot;left&quot;,&quot;xl&quot;:&quot;left&quot;}}\"><h4 class=\"bt_bb_headline_tag\"><span class=\"bt_bb_headline_content\"><span><u>What we do : <\/u><\/span><\/span><\/h4><\/header><div class=\"bt_bb_separator bt_bb_border_style_none bt_bb_bottom_spacing_normal\" data-bt-override-class=\"null\"><\/div><div class=\"bt_bb_row_wrapper\"><div  class=\"bt_bb_row_inner\"  data-bt-override-class=\"{}\"><div  class=\"bt_bb_column_inner col-xl-12 col-xs-12 col-sm-12 col-md-12 col-lg-12 bt_bb_align_left bt_bb_vertical_align_top\"  data-width=\"12\" data-bt-override-class=\"{}\"><div class=\"bt_bb_column_inner_content\"><div  class=\"bt_bb_text\" ><ul>\n<li>Create custom web and mobile platforms<\/li>\n<\/ul>\n<ul>\n<li>Software integration (CRM, ERP,\u2026)<\/li>\n<\/ul>\n<ul>\n<li>Develop E-commerce platform<\/li>\n<\/ul>\n<ul>\n<li>Develop digital strategies<\/li>\n<\/ul>\n<\/div><div class=\"bt_bb_separator bt_bb_border_style_none bt_bb_bottom_spacing_small bt_bb_hidden_md bt_bb_hidden_lg\" data-bt-override-class=\"null\"><\/div><\/div><\/div><\/div><\/div><\/div><\/div><\/div><\/div><\/div><\/div><\/div><\/section><section id=\"bt_bb_section69de01e052b73\"  class=\"bt_bb_section bt_bb_top_spacing_medium bt_bb_bottom_spacing_normal bt_bb_layout_boxed_1300 bt_bb_vertical_align_top\" style=\";background-color:rgb(245,245,245);\"><div class=\"bt_bb_port\"><div class=\"bt_bb_cell\"><div class=\"bt_bb_cell_inner\"><div class=\"bt_bb_row_wrapper\"><div  class=\"bt_bb_row\"  data-bt-override-class=\"{}\"><div  class=\"bt_bb_column col-xl-12 col-xs-12 col-sm-12 col-md-12 col-lg-12 bt_bb_align_left bt_bb_vertical_align_top bt_bb_padding_normal\"  data-width=\"12\" data-bt-override-class=\"{}\"><div class=\"bt_bb_column_content\"><div class=\"bt_bb_row_wrapper\"><div  class=\"bt_bb_row_inner bt_bb_column_inner_gap_25\"  data-bt-override-class=\"{}\"><div  class=\"bt_bb_column_inner col-xl-4 col-xs-12 col-sm-12 col-md-12 col-lg-4 bt_bb_align_left bt_bb_vertical_align_top bt_bb_animation_fade_in animate bt_bb_padding_normal bt_bb_animation_fade_in animate\"  data-width=\"4\" data-bt-override-class=\"{&quot;bt_bb_align_&quot;:{&quot;current_class&quot;:&quot;bt_bb_align_left&quot;,&quot;xxl&quot;:&quot;left&quot;,&quot;xl&quot;:&quot;left&quot;}}\"><div class=\"bt_bb_column_inner_content\"><div class=\"bt_bb_raw_content\"> <div class=\"photo\">\n<a href=\"http:\/\/yulcom-technologies.com\/en\/yulbooks-contracts-management\/\" target=\"_self\" >\n          <img decoding=\"async\" src=\"http:\/\/yulcom-technologies.com\/wp-content\/uploads\/2021\/05\/Yulbooks_Contrats-e1620988358169.jpg\" class=\"img-large\" alt=\"smaple image\">\n<\/a>\n\t\t  <figcaption>\n            <p>\nYulbooks \u2013 Contracts Management is a process automation software for creating, managing and renewing supplier contracts.<\/p>\n          <\/figcaption>\n\n      <\/div><\/div><div class=\"bt_bb_button style-btn-solutions bt_bb_icon_position_left bt_bb_style_outline bt_bb_size_large bt_bb_width_inline bt_bb_shape_square bt_bb_target_self bt_bb_align_center\" data-bt-override-class=\"{&quot;bt_bb_size_&quot;:{&quot;current_class&quot;:&quot;bt_bb_size_large&quot;,&quot;xxl&quot;:&quot;large&quot;,&quot;xl&quot;:&quot;large&quot;},&quot;bt_bb_align_&quot;:{&quot;current_class&quot;:&quot;bt_bb_align_center&quot;,&quot;xxl&quot;:&quot;center&quot;,&quot;xl&quot;:&quot;center&quot;}}\"><a href=\"https:\/\/yulcom-technologies.com\/en\/dev\/yulcom\/yulbooks-contracts-management\/\" target=\"_self\" class=\"bt_bb_link\" ><span class=\"bt_bb_button_text\" >Yulbooks Contracts<\/span><\/a><\/div><\/div><\/div><div  class=\"bt_bb_column_inner col-xl-4 col-xs-12 col-sm-12 col-md-12 col-lg-4 bt_bb_align_left bt_bb_vertical_align_top bt_bb_animation_fade_in animate bt_bb_padding_normal bt_bb_animation_fade_in animate\"  data-width=\"4\" data-bt-override-class=\"{&quot;bt_bb_align_&quot;:{&quot;current_class&quot;:&quot;bt_bb_align_left&quot;,&quot;xxl&quot;:&quot;left&quot;,&quot;xl&quot;:&quot;left&quot;}}\"><div class=\"bt_bb_column_inner_content\"><div class=\"bt_bb_raw_content\"> <div class=\"photo\">\n<a href=\"http:\/\/yulcom-technologies.com\/en\/yulbooks-assets-management-inventory\/\" target=\"_self\" >\n          <img decoding=\"async\" src=\"http:\/\/yulcom-technologies.com\/wp-content\/uploads\/2021\/05\/Yulbooks-Patrimoine.jpg\" class=\"img-fluid\" alt=\"smaple image\"><\/a>\n\t\t    <figcaption>\n\t\t    <p>\nYulbooks \u2013 Assets Management is an asset inventory management software that includes the tangible and intangible assets of businesses and government institutions.<\/p>\n\t\t   <\/figcaption>\n\n      <\/div><\/div><div class=\"bt_bb_button style-btn-solutions bt_bb_icon_position_left bt_bb_style_outline bt_bb_size_large bt_bb_width_inline bt_bb_shape_square bt_bb_target_self bt_bb_align_center\" data-bt-override-class=\"{&quot;bt_bb_size_&quot;:{&quot;current_class&quot;:&quot;bt_bb_size_large&quot;,&quot;xxl&quot;:&quot;large&quot;,&quot;xl&quot;:&quot;large&quot;},&quot;bt_bb_align_&quot;:{&quot;current_class&quot;:&quot;bt_bb_align_center&quot;,&quot;xxl&quot;:&quot;center&quot;,&quot;xl&quot;:&quot;center&quot;}}\"><a href=\"https:\/\/yulcom-technologies.com\/en\/yulbooks-assets-management-inventory\/\" target=\"_self\" class=\"bt_bb_link\" ><span class=\"bt_bb_button_text\" >Yulbooks Assets<\/span><\/a><\/div><\/div><\/div><div  class=\"bt_bb_column_inner col-xl-4 col-xs-12 col-sm-12 col-md-12 col-lg-4 bt_bb_align_left bt_bb_vertical_align_top bt_bb_animation_fade_in animate bt_bb_padding_normal bt_bb_animation_fade_in animate\"  data-width=\"4\" data-bt-override-class=\"{&quot;bt_bb_align_&quot;:{&quot;current_class&quot;:&quot;bt_bb_align_left&quot;,&quot;xxl&quot;:&quot;left&quot;,&quot;xl&quot;:&quot;left&quot;}}\"><div class=\"bt_bb_column_inner_content\"><div class=\"bt_bb_raw_content\"> <div class=\"photo\">\n<a href=\"http:\/\/yulcom-technologies.com\/en\/yulbooks-stocks-management\/\" target=\"_self\" >\n          <img decoding=\"async\" src=\"http:\/\/yulcom-technologies.com\/wp-content\/uploads\/2021\/05\/Yulbooks_Inventaire.jpg\" class=\"img-large\" alt=\"smaple image\"><\/a>\n\t\t    <figcaption>\n\t\t    <p>\nYulbooks \u2013 Stocks Management is a software for managing and monitoring your inventory helping you to streamline your operations and increase your profits.<\/p>\n\t\t   <\/figcaption>\n\n      <\/div><\/div><div class=\"bt_bb_button style-btn-solutions bt_bb_icon_position_left bt_bb_style_outline bt_bb_size_large bt_bb_width_inline bt_bb_shape_square bt_bb_target_self bt_bb_align_center\" data-bt-override-class=\"{&quot;bt_bb_size_&quot;:{&quot;current_class&quot;:&quot;bt_bb_size_large&quot;,&quot;xxl&quot;:&quot;large&quot;,&quot;xl&quot;:&quot;large&quot;},&quot;bt_bb_align_&quot;:{&quot;current_class&quot;:&quot;bt_bb_align_center&quot;,&quot;xxl&quot;:&quot;center&quot;,&quot;xl&quot;:&quot;center&quot;}}\"><a href=\"https:\/\/yulcom-technologies.com\/en\/yulbooks-stocks-management\/\" target=\"_self\" class=\"bt_bb_link\" ><span class=\"bt_bb_button_text\" >Yulbooks Stocks<\/span><\/a><\/div><\/div><\/div><\/div><\/div><div class=\"bt_bb_separator bt_bb_border_style_none bt_bb_bottom_spacing_medium\" data-bt-override-class=\"null\"><\/div><div class=\"bt_bb_row_wrapper\"><div  class=\"bt_bb_row_inner bt_bb_column_inner_gap_25\"  data-bt-override-class=\"{}\"><div  class=\"bt_bb_column_inner col-xl-4 col-xs-12 col-sm-12 col-md-12 col-lg-4 bt_bb_align_left bt_bb_vertical_align_top bt_bb_animation_fade_in animate bt_bb_padding_normal bt_bb_animation_fade_in animate\"  data-width=\"4\" data-bt-override-class=\"{&quot;bt_bb_align_&quot;:{&quot;current_class&quot;:&quot;bt_bb_align_left&quot;,&quot;xxl&quot;:&quot;left&quot;,&quot;xl&quot;:&quot;left&quot;}}\"><div class=\"bt_bb_column_inner_content\"><\/div><\/div><div  class=\"bt_bb_column_inner col-xl-4 col-xs-12 col-sm-12 col-md-12 col-lg-4 bt_bb_align_left bt_bb_vertical_align_top bt_bb_animation_fade_in animate bt_bb_padding_normal bt_bb_animation_fade_in animate\"  data-width=\"4\" data-bt-override-class=\"{&quot;bt_bb_align_&quot;:{&quot;current_class&quot;:&quot;bt_bb_align_left&quot;,&quot;xxl&quot;:&quot;left&quot;,&quot;xl&quot;:&quot;left&quot;}}\"><div class=\"bt_bb_column_inner_content\"><div class=\"bt_bb_raw_content\"> <div class=\"photo\">\n<a href=\"http:\/\/yulcom-technologies.com\/en\/votepad-en\/\" target=\"_self\" >\n          <img decoding=\"async\" src=\"http:\/\/yulcom-technologies.com\/wp-content\/uploads\/2021\/05\/Votepad_software.jpg\" class=\"img-large\" alt=\"smaple image\"><\/a>\n\t\t  <figcaption>\n            <p>Votepad is an application that can be used to perform different types of surveys, polls or votes. It is available on tablet and mobile Android and iOS.<\/p>\n          <\/figcaption>\n\n      <\/div><\/div><div class=\"bt_bb_button style-btn-solutions bt_bb_icon_position_left bt_bb_style_outline bt_bb_size_large bt_bb_width_inline bt_bb_shape_square bt_bb_target_self bt_bb_align_center\" data-bt-override-class=\"{&quot;bt_bb_size_&quot;:{&quot;current_class&quot;:&quot;bt_bb_size_large&quot;,&quot;xxl&quot;:&quot;large&quot;,&quot;xl&quot;:&quot;large&quot;},&quot;bt_bb_align_&quot;:{&quot;current_class&quot;:&quot;bt_bb_align_center&quot;,&quot;xxl&quot;:&quot;center&quot;,&quot;xl&quot;:&quot;center&quot;}}\"><a href=\"https:\/\/yulcom-technologies.com\/en\/votepad-en\/\" target=\"_self\" class=\"bt_bb_link\" ><span class=\"bt_bb_button_text\" >Votepad<\/span><\/a><\/div><\/div><\/div><div  class=\"bt_bb_column_inner col-xl-4 col-xs-12 col-sm-12 col-md-12 col-lg-4 bt_bb_align_left bt_bb_vertical_align_top\"  data-width=\"4\" data-bt-override-class=\"{}\"><div class=\"bt_bb_column_inner_content\"><\/div><\/div><\/div><\/div><\/div><\/div><\/div><\/div><\/div><\/div><\/div><\/section>","protected":false},"excerpt":{"rendered":"","protected":false},"author":9,"featured_media":7889,"parent":0,"menu_order":0,"comment_status":"closed","ping_status":"closed","template":"","meta":{"footnotes":""},"class_list":["post-5128","page","type-page","status-publish","has-post-thumbnail","hentry"],"yoast_head":"<!-- This site is optimized with the Yoast SEO plugin v21.5 - https:\/\/yoast.com\/wordpress\/plugins\/seo\/ -->\n<title>Business Management - YULCOM<\/title>\n<meta name=\"description\" content=\"YULCOM Technologies est une firme multinationale canadienne sp\u00e9cialis\u00e9e dans l\u2019ing\u00e9nierie informatique, la strat\u00e9gie num\u00e9rique, l\u2019acquisition et l\u2019installation d\u2019outils de technologies de l\u2019information.\" \/>\n<meta name=\"robots\" content=\"index, follow, max-snippet:-1, max-image-preview:large, max-video-preview:-1\" \/>\n<link rel=\"canonical\" href=\"https:\/\/yulcom-technologies.com\/en\/business-management\/\" \/>\n<meta property=\"og:locale\" content=\"en_US\" \/>\n<meta property=\"og:type\" content=\"article\" \/>\n<meta property=\"og:title\" content=\"Business Management - YULCOM\" \/>\n<meta property=\"og:description\" content=\"YULCOM Technologies est une firme multinationale canadienne sp\u00e9cialis\u00e9e dans l\u2019ing\u00e9nierie informatique, la strat\u00e9gie num\u00e9rique, l\u2019acquisition et l\u2019installation d\u2019outils de technologies de l\u2019information.\" \/>\n<meta property=\"og:url\" content=\"https:\/\/yulcom-technologies.com\/en\/business-management\/\" \/>\n<meta property=\"og:site_name\" content=\"YULCOM\" \/>\n<meta property=\"article:modified_time\" content=\"2022-05-27T09:30:45+00:00\" \/>\n<meta property=\"og:image\" content=\"https:\/\/yulcom-technologies.com\/wp-content\/uploads\/2021\/06\/pexels-cottonbro-7439134-1.jpg\" \/>\n\t<meta property=\"og:image:width\" content=\"1280\" \/>\n\t<meta property=\"og:image:height\" content=\"1920\" \/>\n\t<meta property=\"og:image:type\" content=\"image\/jpeg\" \/>\n<meta name=\"twitter:card\" content=\"summary_large_image\" \/>\n<meta name=\"twitter:label1\" content=\"Est. reading time\" \/>\n\t<meta name=\"twitter:data1\" content=\"3 minutes\" \/>\n<script type=\"application\/ld+json\" class=\"yoast-schema-graph\">{\"@context\":\"https:\/\/schema.org\",\"@graph\":[{\"@type\":\"WebPage\",\"@id\":\"https:\/\/yulcom-technologies.com\/en\/business-management\/\",\"url\":\"https:\/\/yulcom-technologies.com\/en\/business-management\/\",\"name\":\"Business Management - YULCOM\",\"isPartOf\":{\"@id\":\"https:\/\/yulcom-technologies.com\/en\/#website\"},\"datePublished\":\"2021-05-07T08:51:49+00:00\",\"dateModified\":\"2022-05-27T09:30:45+00:00\",\"description\":\"YULCOM Technologies est une firme multinationale canadienne sp\u00e9cialis\u00e9e dans l\u2019ing\u00e9nierie informatique, la strat\u00e9gie num\u00e9rique, l\u2019acquisition et l\u2019installation d\u2019outils de technologies de l\u2019information.\",\"breadcrumb\":{\"@id\":\"https:\/\/yulcom-technologies.com\/en\/business-management\/#breadcrumb\"},\"inLanguage\":\"en-CA\",\"potentialAction\":[{\"@type\":\"ReadAction\",\"target\":[\"https:\/\/yulcom-technologies.com\/en\/business-management\/\"]}]},{\"@type\":\"BreadcrumbList\",\"@id\":\"https:\/\/yulcom-technologies.com\/en\/business-management\/#breadcrumb\",\"itemListElement\":[{\"@type\":\"ListItem\",\"position\":1,\"name\":\"Accueil\",\"item\":\"https:\/\/yulcom-technologies.com\/en\/\"},{\"@type\":\"ListItem\",\"position\":2,\"name\":\"Business Management\"}]},{\"@type\":\"WebSite\",\"@id\":\"https:\/\/yulcom-technologies.com\/en\/#website\",\"url\":\"https:\/\/yulcom-technologies.com\/en\/\",\"name\":\"YULCOM\",\"description\":\"\",\"publisher\":{\"@id\":\"https:\/\/yulcom-technologies.com\/en\/#organization\"},\"potentialAction\":[{\"@type\":\"SearchAction\",\"target\":{\"@type\":\"EntryPoint\",\"urlTemplate\":\"https:\/\/yulcom-technologies.com\/en\/?s={search_term_string}\"},\"query-input\":\"required name=search_term_string\"}],\"inLanguage\":\"en-CA\"},{\"@type\":\"Organization\",\"@id\":\"https:\/\/yulcom-technologies.com\/en\/#organization\",\"name\":\"YULCOM\",\"url\":\"https:\/\/yulcom-technologies.com\/en\/\",\"logo\":{\"@type\":\"ImageObject\",\"inLanguage\":\"en-CA\",\"@id\":\"https:\/\/yulcom-technologies.com\/en\/#\/schema\/logo\/image\/\",\"url\":\"https:\/\/yulcom-technologies.com\/wp-content\/uploads\/2021\/07\/logo.png\",\"contentUrl\":\"https:\/\/yulcom-technologies.com\/wp-content\/uploads\/2021\/07\/logo.png\",\"width\":1500,\"height\":514,\"caption\":\"YULCOM\"},\"image\":{\"@id\":\"https:\/\/yulcom-technologies.com\/en\/#\/schema\/logo\/image\/\"}}]}<\/script>\n<!-- \/ Yoast SEO plugin. -->","yoast_head_json":{"title":"Business Management - YULCOM","description":"YULCOM Technologies est une firme multinationale canadienne sp\u00e9cialis\u00e9e dans l\u2019ing\u00e9nierie informatique, la strat\u00e9gie num\u00e9rique, l\u2019acquisition et l\u2019installation d\u2019outils de technologies de l\u2019information.","robots":{"index":"index","follow":"follow","max-snippet":"max-snippet:-1","max-image-preview":"max-image-preview:large","max-video-preview":"max-video-preview:-1"},"canonical":"https:\/\/yulcom-technologies.com\/en\/business-management\/","og_locale":"en_US","og_type":"article","og_title":"Business Management - YULCOM","og_description":"YULCOM Technologies est une firme multinationale canadienne sp\u00e9cialis\u00e9e dans l\u2019ing\u00e9nierie informatique, la strat\u00e9gie num\u00e9rique, l\u2019acquisition et l\u2019installation d\u2019outils de technologies de l\u2019information.","og_url":"https:\/\/yulcom-technologies.com\/en\/business-management\/","og_site_name":"YULCOM","article_modified_time":"2022-05-27T09:30:45+00:00","og_image":[{"width":1280,"height":1920,"url":"https:\/\/yulcom-technologies.com\/wp-content\/uploads\/2021\/06\/pexels-cottonbro-7439134-1.jpg","type":"image\/jpeg"}],"twitter_card":"summary_large_image","twitter_misc":{"Est. reading time":"3 minutes"},"schema":{"@context":"https:\/\/schema.org","@graph":[{"@type":"WebPage","@id":"https:\/\/yulcom-technologies.com\/en\/business-management\/","url":"https:\/\/yulcom-technologies.com\/en\/business-management\/","name":"Business Management - YULCOM","isPartOf":{"@id":"https:\/\/yulcom-technologies.com\/en\/#website"},"datePublished":"2021-05-07T08:51:49+00:00","dateModified":"2022-05-27T09:30:45+00:00","description":"YULCOM Technologies est une firme multinationale canadienne sp\u00e9cialis\u00e9e dans l\u2019ing\u00e9nierie informatique, la strat\u00e9gie num\u00e9rique, l\u2019acquisition et l\u2019installation d\u2019outils de technologies de l\u2019information.","breadcrumb":{"@id":"https:\/\/yulcom-technologies.com\/en\/business-management\/#breadcrumb"},"inLanguage":"en-CA","potentialAction":[{"@type":"ReadAction","target":["https:\/\/yulcom-technologies.com\/en\/business-management\/"]}]},{"@type":"BreadcrumbList","@id":"https:\/\/yulcom-technologies.com\/en\/business-management\/#breadcrumb","itemListElement":[{"@type":"ListItem","position":1,"name":"Accueil","item":"https:\/\/yulcom-technologies.com\/en\/"},{"@type":"ListItem","position":2,"name":"Business Management"}]},{"@type":"WebSite","@id":"https:\/\/yulcom-technologies.com\/en\/#website","url":"https:\/\/yulcom-technologies.com\/en\/","name":"YULCOM","description":"","publisher":{"@id":"https:\/\/yulcom-technologies.com\/en\/#organization"},"potentialAction":[{"@type":"SearchAction","target":{"@type":"EntryPoint","urlTemplate":"https:\/\/yulcom-technologies.com\/en\/?s={search_term_string}"},"query-input":"required name=search_term_string"}],"inLanguage":"en-CA"},{"@type":"Organization","@id":"https:\/\/yulcom-technologies.com\/en\/#organization","name":"YULCOM","url":"https:\/\/yulcom-technologies.com\/en\/","logo":{"@type":"ImageObject","inLanguage":"en-CA","@id":"https:\/\/yulcom-technologies.com\/en\/#\/schema\/logo\/image\/","url":"https:\/\/yulcom-technologies.com\/wp-content\/uploads\/2021\/07\/logo.png","contentUrl":"https:\/\/yulcom-technologies.com\/wp-content\/uploads\/2021\/07\/logo.png","width":1500,"height":514,"caption":"YULCOM"},"image":{"@id":"https:\/\/yulcom-technologies.com\/en\/#\/schema\/logo\/image\/"}}]}},"_links":{"self":[{"href":"https:\/\/yulcom-technologies.com\/en\/wp-json\/wp\/v2\/pages\/5128","targetHints":{"allow":["GET"]}}],"collection":[{"href":"https:\/\/yulcom-technologies.com\/en\/wp-json\/wp\/v2\/pages"}],"about":[{"href":"https:\/\/yulcom-technologies.com\/en\/wp-json\/wp\/v2\/types\/page"}],"author":[{"embeddable":true,"href":"https:\/\/yulcom-technologies.com\/en\/wp-json\/wp\/v2\/users\/9"}],"replies":[{"embeddable":true,"href":"https:\/\/yulcom-technologies.com\/en\/wp-json\/wp\/v2\/comments?post=5128"}],"version-history":[{"count":7,"href":"https:\/\/yulcom-technologies.com\/en\/wp-json\/wp\/v2\/pages\/5128\/revisions"}],"predecessor-version":[{"id":11643,"href":"https:\/\/yulcom-technologies.com\/en\/wp-json\/wp\/v2\/pages\/5128\/revisions\/11643"}],"wp:featuredmedia":[{"embeddable":true,"href":"https:\/\/yulcom-technologies.com\/en\/wp-json\/wp\/v2\/media\/7889"}],"wp:attachment":[{"href":"https:\/\/yulcom-technologies.com\/en\/wp-json\/wp\/v2\/media?parent=5128"}],"curies":[{"name":"wp","href":"https:\/\/api.w.org\/{rel}","templated":true}]}}