{"id":4852,"date":"2021-05-20T10:47:16","date_gmt":"2021-05-20T08:47:16","guid":{"rendered":"https:\/\/yulcom-technologies.com\/dev\/yulcom\/?page_id=4852"},"modified":"2021-06-18T11:39:10","modified_gmt":"2021-06-18T09:39:10","slug":"cloud-hosting","status":"publish","type":"page","link":"https:\/\/yulcom-technologies.com\/en\/cloud-hosting\/","title":{"rendered":"Cloud hosting"},"content":{"rendered":"<section id=\"bt_bb_section69e9cb3b1fc17\"  class=\"bt_bb_section bt_bb_top_spacing_large bt_bb_bottom_spacing_large bt_bb_layout_boxed_1200 bt_bb_vertical_align_top bt_bb_section_show_right_boxed_content\" ><div class=\"bt_bb_port\"><div class=\"bt_bb_cell\"><div class=\"bt_bb_cell_inner\"><div class=\"bt_bb_row_wrapper\"><div  class=\"bt_bb_row\"  data-bt-override-class=\"{}\"><div  class=\"bt_bb_column col-xl-7 bt_bb_align_right bt_bb_vertical_align_middle bt_bb_animation_fade_in animate bt_bb_padding_double bt_bb_column_background_image bt_bb_mobile_align_to_both_edges bt_bb_animation_fade_in animate\" style=\"position: relative;background-image:url(&#039;&#039;);background-position:6% 78%;background-size:auto;\" data-width=\"7\" data-bt-override-class=\"{}\"><div class=\"bt_bb_column_content\"><div class=\"bt_bb_image bt_bb_shape_square bt_bb_target_self bt_bb_align_inherit bt_bb_hover_style_simple bt_bb_content_display_always bt_bb_content_align_middle bt_bb_fill_background_color_full\" style=\"max-width: 760px; position: relative;\" data-bt-override-class=\"{&quot;bt_bb_align_&quot;:{&quot;current_class&quot;:&quot;bt_bb_align_inherit&quot;,&quot;xxl&quot;:&quot;inherit&quot;,&quot;xl&quot;:&quot;inherit&quot;}}\"><span><img fetchpriority=\"high\" decoding=\"async\" width=\"1200\" height=\"742\" src=\"https:\/\/yulcom-technologies.com\/wp-content\/uploads\/2021\/05\/img-hebergement.png\" class=\"attachment-full size-full\" alt=\"https:\/\/yulcom-technologies.com\/wp-content\/uploads\/2021\/05\/img-hebergement.png\" data-full_image_src=\"https:\/\/yulcom-technologies.com\/wp-content\/uploads\/2021\/05\/img-hebergement.png\"  srcset=\"https:\/\/yulcom-technologies.com\/wp-content\/uploads\/2021\/05\/img-hebergement.png 1200w, https:\/\/yulcom-technologies.com\/wp-content\/uploads\/2021\/05\/img-hebergement-640x396.png 640w, https:\/\/yulcom-technologies.com\/wp-content\/uploads\/2021\/05\/img-hebergement-768x475.png 768w, https:\/\/yulcom-technologies.com\/wp-content\/uploads\/2021\/05\/img-hebergement-16x10.png 16w, https:\/\/yulcom-technologies.com\/wp-content\/uploads\/2021\/05\/img-hebergement-320x198.png 320w\" sizes=\"(max-width: 1200px) 100vw, 1200px\" \/><\/span><\/div><div class=\"bt_bb_separator bt_bb_border_style_none bt_bb_bottom_spacing_normal bt_bb_hidden_md bt_bb_hidden_lg\" data-bt-override-class=\"null\"><\/div><\/div><\/div><div  class=\"bt_bb_column col-xl-5 bt_bb_align_left bt_bb_vertical_align_middle bt_bb_animation_fade_in animate bt_bb_padding_normal bt_bb_animation_fade_in animate\" style=\"position: relative;\" data-width=\"5\" data-bt-override-class=\"{}\"><div class=\"bt_bb_column_content\"><header class=\"bt_bb_headline bt_bb_font_weight_900 bt_bb_dash_top bt_bb_size_normal bt_bb_align_inherit\" data-bt-override-class=\"{&quot;bt_bb_size_&quot;:{&quot;current_class&quot;:&quot;bt_bb_size_normal&quot;,&quot;xxl&quot;:&quot;normal&quot;,&quot;xl&quot;:&quot;normal&quot;},&quot;bt_bb_align_&quot;:{&quot;current_class&quot;:&quot;bt_bb_align_inherit&quot;,&quot;xxl&quot;:&quot;inherit&quot;,&quot;xl&quot;:&quot;inherit&quot;}}\"><h2 class=\"bt_bb_headline_tag\"><span class=\"bt_bb_headline_content\"><span><u>Web and Cloud Hosting Services<\/u><\/span><\/span><\/h2><\/header><div class=\"bt_bb_separator bt_bb_border_style_none bt_bb_bottom_spacing_normal\" data-bt-override-class=\"null\"><\/div><div class=\"bt_bb_row_wrapper\"><div  class=\"bt_bb_row_inner\"  data-bt-override-class=\"{}\"><div  class=\"bt_bb_column_inner col-xl-12 col-xs-12 col-sm-12 col-md-12 col-lg-12 bt_bb_align_left bt_bb_vertical_align_top\"  data-width=\"12\" data-bt-override-class=\"{}\"><div class=\"bt_bb_column_inner_content\"><div  class=\"bt_bb_text\" ><div class=\"bt_bb_text\">\n<p><span class=\"fontstyle0\"> YULCOM Hosting offers you secure hosting solutions for your websites and web applications and more. The list of our services: <\/span><\/p>\n<ul>\n<li><span class=\"fontstyle0\"> Web hosting <\/span><\/li>\n<li><span class=\"fontstyle0\"> Cloud Servers <\/span><\/li>\n<li><span class=\"fontstyle0\"> Dedicated Servers <\/span><\/li>\n<li><span class=\"fontstyle0\"> SSL certificates <\/span><\/li>\n<li><span class=\"fontstyle0\"> Purchase or transfer of domain name <\/span><\/li>\n<\/ul>\n<\/div>\n<\/div><div class=\"bt_bb_separator bt_bb_border_style_none bt_bb_bottom_spacing_small bt_bb_hidden_md bt_bb_hidden_lg\" data-bt-override-class=\"null\"><\/div><\/div><\/div><\/div><\/div><div class=\"bt_bb_separator bt_bb_border_style_none bt_bb_bottom_spacing_medium bt_bb_hidden_md bt_bb_hidden_lg\" data-bt-override-class=\"null\"><\/div><\/div><\/div><\/div><\/div><\/div><\/div><\/div><\/section>","protected":false},"excerpt":{"rendered":"","protected":false},"author":9,"featured_media":7844,"parent":0,"menu_order":0,"comment_status":"closed","ping_status":"closed","template":"","meta":{"footnotes":""},"class_list":["post-4852","page","type-page","status-publish","has-post-thumbnail","hentry"],"yoast_head":"<!-- This site is optimized with the Yoast SEO plugin v21.5 - https:\/\/yoast.com\/wordpress\/plugins\/seo\/ -->\n<title>Cloud hosting - YULCOM<\/title>\n<meta name=\"description\" content=\"YULCOM Technologies est une firme multinationale canadienne sp\u00e9cialis\u00e9e dans l\u2019ing\u00e9nierie informatique, la strat\u00e9gie num\u00e9rique, l\u2019acquisition et l\u2019installation d\u2019outils de technologies de l\u2019information.\" \/>\n<meta name=\"robots\" content=\"index, follow, max-snippet:-1, max-image-preview:large, max-video-preview:-1\" \/>\n<link rel=\"canonical\" href=\"https:\/\/yulcom-technologies.com\/en\/cloud-hosting\/\" \/>\n<meta property=\"og:locale\" content=\"en_US\" \/>\n<meta property=\"og:type\" content=\"article\" \/>\n<meta property=\"og:title\" content=\"Cloud hosting - YULCOM\" \/>\n<meta property=\"og:description\" content=\"YULCOM Technologies est une firme multinationale canadienne sp\u00e9cialis\u00e9e dans l\u2019ing\u00e9nierie informatique, la strat\u00e9gie num\u00e9rique, l\u2019acquisition et l\u2019installation d\u2019outils de technologies de l\u2019information.\" \/>\n<meta property=\"og:url\" content=\"https:\/\/yulcom-technologies.com\/en\/cloud-hosting\/\" \/>\n<meta property=\"og:site_name\" content=\"YULCOM\" \/>\n<meta property=\"article:modified_time\" content=\"2021-06-18T09:39:10+00:00\" \/>\n<meta property=\"og:image\" content=\"https:\/\/yulcom-technologies.com\/wp-content\/uploads\/2021\/06\/pexels-christina-morillo-1181316-scaled-e1623937014637.jpg\" \/>\n\t<meta property=\"og:image:width\" content=\"2188\" \/>\n\t<meta property=\"og:image:height\" content=\"1260\" \/>\n\t<meta property=\"og:image:type\" content=\"image\/jpeg\" \/>\n<meta name=\"twitter:card\" content=\"summary_large_image\" \/>\n<meta name=\"twitter:label1\" content=\"Est. reading time\" \/>\n\t<meta name=\"twitter:data1\" content=\"3 minutes\" \/>\n<script type=\"application\/ld+json\" class=\"yoast-schema-graph\">{\"@context\":\"https:\/\/schema.org\",\"@graph\":[{\"@type\":\"WebPage\",\"@id\":\"https:\/\/yulcom-technologies.com\/en\/cloud-hosting\/\",\"url\":\"https:\/\/yulcom-technologies.com\/en\/cloud-hosting\/\",\"name\":\"Cloud hosting - YULCOM\",\"isPartOf\":{\"@id\":\"https:\/\/yulcom-technologies.com\/en\/#website\"},\"datePublished\":\"2021-05-20T08:47:16+00:00\",\"dateModified\":\"2021-06-18T09:39:10+00:00\",\"description\":\"YULCOM Technologies est une firme multinationale canadienne sp\u00e9cialis\u00e9e dans l\u2019ing\u00e9nierie informatique, la strat\u00e9gie num\u00e9rique, l\u2019acquisition et l\u2019installation d\u2019outils de technologies de l\u2019information.\",\"breadcrumb\":{\"@id\":\"https:\/\/yulcom-technologies.com\/en\/cloud-hosting\/#breadcrumb\"},\"inLanguage\":\"en-CA\",\"potentialAction\":[{\"@type\":\"ReadAction\",\"target\":[\"https:\/\/yulcom-technologies.com\/en\/cloud-hosting\/\"]}]},{\"@type\":\"BreadcrumbList\",\"@id\":\"https:\/\/yulcom-technologies.com\/en\/cloud-hosting\/#breadcrumb\",\"itemListElement\":[{\"@type\":\"ListItem\",\"position\":1,\"name\":\"Accueil\",\"item\":\"https:\/\/yulcom-technologies.com\/en\/\"},{\"@type\":\"ListItem\",\"position\":2,\"name\":\"Cloud hosting\"}]},{\"@type\":\"WebSite\",\"@id\":\"https:\/\/yulcom-technologies.com\/en\/#website\",\"url\":\"https:\/\/yulcom-technologies.com\/en\/\",\"name\":\"YULCOM\",\"description\":\"\",\"publisher\":{\"@id\":\"https:\/\/yulcom-technologies.com\/en\/#organization\"},\"potentialAction\":[{\"@type\":\"SearchAction\",\"target\":{\"@type\":\"EntryPoint\",\"urlTemplate\":\"https:\/\/yulcom-technologies.com\/en\/?s={search_term_string}\"},\"query-input\":\"required name=search_term_string\"}],\"inLanguage\":\"en-CA\"},{\"@type\":\"Organization\",\"@id\":\"https:\/\/yulcom-technologies.com\/en\/#organization\",\"name\":\"YULCOM\",\"url\":\"https:\/\/yulcom-technologies.com\/en\/\",\"logo\":{\"@type\":\"ImageObject\",\"inLanguage\":\"en-CA\",\"@id\":\"https:\/\/yulcom-technologies.com\/en\/#\/schema\/logo\/image\/\",\"url\":\"https:\/\/yulcom-technologies.com\/wp-content\/uploads\/2021\/07\/logo.png\",\"contentUrl\":\"https:\/\/yulcom-technologies.com\/wp-content\/uploads\/2021\/07\/logo.png\",\"width\":1500,\"height\":514,\"caption\":\"YULCOM\"},\"image\":{\"@id\":\"https:\/\/yulcom-technologies.com\/en\/#\/schema\/logo\/image\/\"}}]}<\/script>\n<!-- \/ Yoast SEO plugin. -->","yoast_head_json":{"title":"Cloud hosting - YULCOM","description":"YULCOM Technologies est une firme multinationale canadienne sp\u00e9cialis\u00e9e dans l\u2019ing\u00e9nierie informatique, la strat\u00e9gie num\u00e9rique, l\u2019acquisition et l\u2019installation d\u2019outils de technologies de l\u2019information.","robots":{"index":"index","follow":"follow","max-snippet":"max-snippet:-1","max-image-preview":"max-image-preview:large","max-video-preview":"max-video-preview:-1"},"canonical":"https:\/\/yulcom-technologies.com\/en\/cloud-hosting\/","og_locale":"en_US","og_type":"article","og_title":"Cloud hosting - YULCOM","og_description":"YULCOM Technologies est une firme multinationale canadienne sp\u00e9cialis\u00e9e dans l\u2019ing\u00e9nierie informatique, la strat\u00e9gie num\u00e9rique, l\u2019acquisition et l\u2019installation d\u2019outils de technologies de l\u2019information.","og_url":"https:\/\/yulcom-technologies.com\/en\/cloud-hosting\/","og_site_name":"YULCOM","article_modified_time":"2021-06-18T09:39:10+00:00","og_image":[{"width":2188,"height":1260,"url":"https:\/\/yulcom-technologies.com\/wp-content\/uploads\/2021\/06\/pexels-christina-morillo-1181316-scaled-e1623937014637.jpg","type":"image\/jpeg"}],"twitter_card":"summary_large_image","twitter_misc":{"Est. reading time":"3 minutes"},"schema":{"@context":"https:\/\/schema.org","@graph":[{"@type":"WebPage","@id":"https:\/\/yulcom-technologies.com\/en\/cloud-hosting\/","url":"https:\/\/yulcom-technologies.com\/en\/cloud-hosting\/","name":"Cloud hosting - YULCOM","isPartOf":{"@id":"https:\/\/yulcom-technologies.com\/en\/#website"},"datePublished":"2021-05-20T08:47:16+00:00","dateModified":"2021-06-18T09:39:10+00:00","description":"YULCOM Technologies est une firme multinationale canadienne sp\u00e9cialis\u00e9e dans l\u2019ing\u00e9nierie informatique, la strat\u00e9gie num\u00e9rique, l\u2019acquisition et l\u2019installation d\u2019outils de technologies de l\u2019information.","breadcrumb":{"@id":"https:\/\/yulcom-technologies.com\/en\/cloud-hosting\/#breadcrumb"},"inLanguage":"en-CA","potentialAction":[{"@type":"ReadAction","target":["https:\/\/yulcom-technologies.com\/en\/cloud-hosting\/"]}]},{"@type":"BreadcrumbList","@id":"https:\/\/yulcom-technologies.com\/en\/cloud-hosting\/#breadcrumb","itemListElement":[{"@type":"ListItem","position":1,"name":"Accueil","item":"https:\/\/yulcom-technologies.com\/en\/"},{"@type":"ListItem","position":2,"name":"Cloud hosting"}]},{"@type":"WebSite","@id":"https:\/\/yulcom-technologies.com\/en\/#website","url":"https:\/\/yulcom-technologies.com\/en\/","name":"YULCOM","description":"","publisher":{"@id":"https:\/\/yulcom-technologies.com\/en\/#organization"},"potentialAction":[{"@type":"SearchAction","target":{"@type":"EntryPoint","urlTemplate":"https:\/\/yulcom-technologies.com\/en\/?s={search_term_string}"},"query-input":"required name=search_term_string"}],"inLanguage":"en-CA"},{"@type":"Organization","@id":"https:\/\/yulcom-technologies.com\/en\/#organization","name":"YULCOM","url":"https:\/\/yulcom-technologies.com\/en\/","logo":{"@type":"ImageObject","inLanguage":"en-CA","@id":"https:\/\/yulcom-technologies.com\/en\/#\/schema\/logo\/image\/","url":"https:\/\/yulcom-technologies.com\/wp-content\/uploads\/2021\/07\/logo.png","contentUrl":"https:\/\/yulcom-technologies.com\/wp-content\/uploads\/2021\/07\/logo.png","width":1500,"height":514,"caption":"YULCOM"},"image":{"@id":"https:\/\/yulcom-technologies.com\/en\/#\/schema\/logo\/image\/"}}]}},"_links":{"self":[{"href":"https:\/\/yulcom-technologies.com\/en\/wp-json\/wp\/v2\/pages\/4852","targetHints":{"allow":["GET"]}}],"collection":[{"href":"https:\/\/yulcom-technologies.com\/en\/wp-json\/wp\/v2\/pages"}],"about":[{"href":"https:\/\/yulcom-technologies.com\/en\/wp-json\/wp\/v2\/types\/page"}],"author":[{"embeddable":true,"href":"https:\/\/yulcom-technologies.com\/en\/wp-json\/wp\/v2\/users\/9"}],"replies":[{"embeddable":true,"href":"https:\/\/yulcom-technologies.com\/en\/wp-json\/wp\/v2\/comments?post=4852"}],"version-history":[{"count":6,"href":"https:\/\/yulcom-technologies.com\/en\/wp-json\/wp\/v2\/pages\/4852\/revisions"}],"predecessor-version":[{"id":6871,"href":"https:\/\/yulcom-technologies.com\/en\/wp-json\/wp\/v2\/pages\/4852\/revisions\/6871"}],"wp:featuredmedia":[{"embeddable":true,"href":"https:\/\/yulcom-technologies.com\/en\/wp-json\/wp\/v2\/media\/7844"}],"wp:attachment":[{"href":"https:\/\/yulcom-technologies.com\/en\/wp-json\/wp\/v2\/media?parent=4852"}],"curies":[{"name":"wp","href":"https:\/\/api.w.org\/{rel}","templated":true}]}}