{"id":16172,"date":"2023-12-16T19:15:01","date_gmt":"2023-12-16T18:15:01","guid":{"rendered":"https:\/\/yulcom-technologies.com\/?page_id=16172"},"modified":"2023-12-16T19:18:03","modified_gmt":"2023-12-16T18:18:03","slug":"sankof-ai","status":"publish","type":"page","link":"https:\/\/yulcom-technologies.com\/en\/sankof-ai\/","title":{"rendered":"SANKOF AI"},"content":{"rendered":"<section id=\"bt_bb_section69d99279334fc\"  class=\"bt_bb_section bt_bb_top_spacing_medium bt_bb_bottom_spacing_normal bt_bb_layout_boxed_1200 bt_bb_vertical_align_top bt_bb_section_show_right_boxed_content\" ><div class=\"bt_bb_port\"><div class=\"bt_bb_cell\"><div class=\"bt_bb_cell_inner\"><div class=\"bt_bb_row_wrapper\"><div  class=\"bt_bb_row\"  data-bt-override-class=\"{}\"><div  class=\"bt_bb_column col-xl-12 col-xs-12 col-sm-12 col-md-12 col-lg-12 bt_bb_align_left bt_bb_vertical_align_middle bt_bb_animation_fade_in animate bt_bb_padding_double bt_bb_column_background_image bt_bb_mobile_align_to_both_edges bt_bb_animation_fade_in animate\" style=\"position: relative;background-image:url(&#039;&#039;);background-position:6% 78%;background-size:auto;\" data-width=\"12\" data-bt-override-class=\"{&quot;bt_bb_align_&quot;:{&quot;current_class&quot;:&quot;bt_bb_align_left&quot;,&quot;xxl&quot;:&quot;left&quot;,&quot;xl&quot;:&quot;left&quot;}}\"><div class=\"bt_bb_column_content\"><div  class=\"bt_bb_text\" ><h2><span style=\"font-size: 38px;\">YULCOM is developing SANKOF AI, an artificial intelligence system to aid diagnosis by multivariate analysis of medical IoT equipment data<\/span><\/h2>\n<\/div><\/div><\/div><\/div><\/div><\/div><\/div><\/div><\/section><section id=\"bt_bb_section69d99279339f4\"  class=\"bt_bb_section bt_bb_bottom_spacing_medium bt_bb_layout_boxed_1200 bt_bb_vertical_align_top bt_bb_section_show_left_boxed_content\" ><div class=\"bt_bb_port\"><div class=\"bt_bb_cell\"><div class=\"bt_bb_cell_inner\"><div class=\"bt_bb_row_wrapper\"><div  class=\"bt_bb_row\"  data-bt-override-class=\"{}\"><div  class=\"bt_bb_column col-xl-6 bt_bb_align_left bt_bb_vertical_align_middle bt_bb_animation_fade_in animate bt_bb_padding_normal bt_bb_animation_fade_in animate\"  data-width=\"6\" data-bt-override-class=\"{}\"><div class=\"bt_bb_column_content\"><header class=\"bt_bb_headline bt_bb_font_weight_900 bt_bb_dash_top bt_bb_size_normal bt_bb_align_inherit\" data-bt-override-class=\"{&quot;bt_bb_size_&quot;:{&quot;current_class&quot;:&quot;bt_bb_size_normal&quot;,&quot;xxl&quot;:&quot;normal&quot;,&quot;xl&quot;:&quot;normal&quot;},&quot;bt_bb_align_&quot;:{&quot;current_class&quot;:&quot;bt_bb_align_inherit&quot;,&quot;xxl&quot;:&quot;inherit&quot;,&quot;xl&quot;:&quot;inherit&quot;}}\"><h2 class=\"bt_bb_headline_tag\"><span class=\"bt_bb_headline_content\"><span><u>The problem that SANKOF AI will solve<\/u><\/span><\/span><\/h2><\/header><div class=\"bt_bb_separator bt_bb_border_style_none bt_bb_bottom_spacing_normal\" data-bt-override-class=\"null\"><\/div><div  class=\"bt_bb_text\" ><p style=\"text-align: justify;\">In the medical field, medical imaging (MI) is widely used for the diagnosis and monitoring of numerous diseases (many types of cancers, certain gastrointestinal diseases, etc.), pregnancy monitoring, etc. However, MI equipment is expensive and expertise in clinical analysis of these images is quite rare. This has an impact on the entire health system in terms of duration, cost and effectiveness of care. The problem is general but more pronounced in vulnerable areas, remote areas and developing countries.<br \/>\nAccording to the World Health Organization, around 830 women die every day from preventable causes linked to pregnancy and childbirth. Most of these deaths (99%) occur in developing countries (Maternal mortality report &#8211; World Health Organization &#8211; WHO).<\/p>\n<p>At YULCOM Technologies we are convinced that SANKOF AI which draws on medical imaging by linking it to AI contributes to solving some of the most pressing challenges facing the Canadian health system as well as other systems of global health. Indeed, the need for medical imaging diagnosis is significant in certain regions of Canada, particularly in remote or underserved regions in terms of specialized medical personnel.<\/p>\n<\/div><div class=\"bt_bb_separator bt_bb_border_style_none bt_bb_bottom_spacing_medium\" data-bt-override-class=\"null\"><\/div><\/div><\/div><div  class=\"bt_bb_column col-xl-6 bt_bb_align_left bt_bb_vertical_align_middle bt_bb_animation_fade_in animate bt_bb_padding_normal bt_bb_mobile_align_to_both_edges bt_bb_animation_fade_in animate\" style=\"position: relative;\" data-width=\"6\" data-bt-override-class=\"{}\"><div class=\"bt_bb_column_content\"><div class=\"bt_bb_separator bt_bb_border_style_none bt_bb_bottom_spacing_normal\" data-bt-override-class=\"null\"><\/div><\/div><\/div><\/div><\/div><\/div><\/div><\/div><\/section><section id=\"bt_bb_section69d9927933db4\"  class=\"bt_bb_section bt_bb_bottom_spacing_medium bt_bb_layout_boxed_1200 bt_bb_vertical_align_top bt_bb_section_show_right_boxed_content\" style=\";background-color:rgb(245,245,245);\"><div class=\"bt_bb_port\"><div class=\"bt_bb_cell\"><div class=\"bt_bb_cell_inner\"><div class=\"bt_bb_row_wrapper\"><div  class=\"bt_bb_row\"  data-bt-override-class=\"{}\"><div  class=\"bt_bb_column col-xl-7 bt_bb_align_right bt_bb_vertical_align_middle bt_bb_animation_fade_in animate bt_bb_padding_double bt_bb_column_background_image bt_bb_mobile_align_to_both_edges bt_bb_animation_fade_in animate\" style=\"position: relative;background-image:url(&#039;&#039;);background-position:6% 78%;background-size:auto;\" data-width=\"7\" data-bt-override-class=\"{}\"><div class=\"bt_bb_column_content\"><div class=\"bt_bb_separator bt_bb_border_style_none bt_bb_bottom_spacing_normal\" data-bt-override-class=\"null\"><\/div><div class=\"bt_bb_separator bt_bb_border_style_none bt_bb_bottom_spacing_normal bt_bb_hidden_md bt_bb_hidden_lg\" data-bt-override-class=\"null\"><\/div><\/div><\/div><div  class=\"bt_bb_column col-xl-5 bt_bb_align_left bt_bb_vertical_align_middle bt_bb_animation_fade_in animate bt_bb_padding_normal bt_bb_animation_fade_in animate\" style=\"position: relative;\" data-width=\"5\" data-bt-override-class=\"{}\"><div class=\"bt_bb_column_content\"><div class=\"bt_bb_separator bt_bb_border_style_none bt_bb_top_spacing_medium bt_bb_bottom_spacing_normal\" data-bt-override-class=\"null\"><\/div><header class=\"bt_bb_headline bt_bb_font_weight_900 bt_bb_dash_top bt_bb_size_normal bt_bb_align_inherit\" data-bt-override-class=\"{&quot;bt_bb_size_&quot;:{&quot;current_class&quot;:&quot;bt_bb_size_normal&quot;,&quot;xxl&quot;:&quot;normal&quot;,&quot;xl&quot;:&quot;normal&quot;},&quot;bt_bb_align_&quot;:{&quot;current_class&quot;:&quot;bt_bb_align_inherit&quot;,&quot;xxl&quot;:&quot;inherit&quot;,&quot;xl&quot;:&quot;inherit&quot;}}\"><h2 class=\"bt_bb_headline_tag\"><span class=\"bt_bb_headline_content\"><span><u>Our solution<\/u><\/span><\/span><\/h2><\/header><div class=\"bt_bb_separator bt_bb_border_style_none bt_bb_bottom_spacing_normal\" data-bt-override-class=\"null\"><\/div><div  class=\"bt_bb_text\" ><h4>SANKOF AI is a PACS-integrated software designed to assist radiologists in their clinical workflow.<\/h4>\n<p>SANKOF.AI offers a paradigm that combines:<br \/>\n\u25aa Proven portable IoT equipment from IM (less expensive and very efficient) in multimodal mode<br \/>\n\u25aa AI models (Edge &amp; Cloud) for image processing, optimization and analysis.<br \/>\n\u25aa Applications (Edge &amp; Cloud) is a decision support system usable by clinicians and will be equipped with innovative AI models for the treatment of MI to make it possible to establish precise and\/or earlier diagnoses and take related clinical decisions. Also, to better monitor and manage\/treat already diagnosed diseases, and to identify patients at risk for specific diseases\/conditions &#8211; which allows proactive prevention.<\/p>\n<\/div><div class=\"bt_bb_separator bt_bb_border_style_none bt_bb_bottom_spacing_medium bt_bb_hidden_md bt_bb_hidden_lg\" data-bt-override-class=\"null\"><\/div><\/div><\/div><\/div><\/div><\/div><\/div><\/div><\/section><section id=\"bt_bb_section69d992793412d\"  class=\"bt_bb_section bt_bb_top_spacing_medium bt_bb_bottom_spacing_medium bt_bb_layout_boxed_1300 bt_bb_vertical_align_top\" ><div class=\"bt_bb_port\"><div class=\"bt_bb_cell\"><div class=\"bt_bb_cell_inner\"><div class=\"bt_bb_row_wrapper\"><div  class=\"bt_bb_row\"  data-bt-override-class=\"{}\"><div  class=\"bt_bb_column col-xl-12 bt_bb_align_left bt_bb_vertical_align_top bt_bb_padding_normal\"  data-width=\"12\" data-bt-override-class=\"{}\"><div class=\"bt_bb_column_content\"><header class=\"bt_bb_headline bt_bb_font_weight_900 bt_bb_dash_bottom bt_bb_size_medium bt_bb_align_center\" data-bt-override-class=\"{&quot;bt_bb_size_&quot;:{&quot;current_class&quot;:&quot;bt_bb_size_medium&quot;,&quot;xxl&quot;:&quot;medium&quot;,&quot;xl&quot;:&quot;medium&quot;},&quot;bt_bb_align_&quot;:{&quot;current_class&quot;:&quot;bt_bb_align_center&quot;,&quot;xxl&quot;:&quot;center&quot;,&quot;xl&quot;:&quot;center&quot;}}\"><h2 class=\"bt_bb_headline_tag\"><span class=\"bt_bb_headline_content\"><span><u>Our products<\/u><\/span><\/span><\/h2><\/header><div class=\"bt_bb_separator bt_bb_border_style_none bt_bb_top_spacing_normal bt_bb_bottom_spacing_normal\" data-bt-override-class=\"null\"><\/div><div class=\"bt_bb_content_slider bt_bb_gap_large bt_bb_arrows_size_normal bt_bb_show_dots_hide bt_bb_height_auto bt_bb_animation_slide bt_bb_multiple_slides bt_bb_animation_slide animate bt_bb_dots_style_accent_dot bt_bb_arrows_style_transparent_dark bt_bb_arrows_position_outside\" data-bt-override-class=\"{}\"><div class=\"slick-slider\"  data-slick='{ \"lazyLoad\": \"progressive\", \"cssEase\": \"ease-out\", \"speed\": \"600\", \"accessibility\": false, \"prevArrow\": \"&lt;button type=\\\"button\\\" class=\\\"slick-prev\\\" aria-label=\\\"Previous\\\" tabindex=\\\"0\\\" role=\\\"button\\\"&gt;&lt;\/button&gt;\", \"nextArrow\": \"&lt;button type=\\\"button\\\" class=\\\"slick-next\\\" aria-label=\\\"Next\\\" tabindex=\\\"0\\\" role=\\\"button\\\"&gt;&lt;\/button&gt;\", \"adaptiveHeight\": true,\"slidesToShow\": 4,\"autoplay\": true, \"autoplaySpeed\": 2500,\"pauseOnHover\": false, \"responsive\": [{ \"breakpoint\": 480, \"settings\": { \"slidesToShow\": 1, \"slidesToScroll\": 1 } },{ \"breakpoint\": 768, \"settings\": { \"slidesToShow\": 2, \"slidesToScroll\": 2 } },{ \"breakpoint\": 920, \"settings\": { \"slidesToShow\": 3, \"slidesToScroll\": 3 } }]}' ><div class=\"bt_bb_content_slider_item\"><div class=\"bt_bb_content_slider_item_content content\"><div class=\"bt_bb_service bt_bb_color_scheme_6 bt_bb_style_filled bt_bb_size_large bt_bb_shape_circle bt_bb_align_inherit bt_bb_font_weight_900 bt_bb_vertical_align_center\"><a href=\"https:\/\/yulcom-technologies.com\/en\/dev\/yulcom\/yulbooks-contracts-management\/\"  target=\"_self\"    data-ico-humanresources=\"&#xe934;\" class=\"bt_bb_icon_holder\"><\/a><div class=\"bt_bb_service_content\"><div class=\"bt_bb_service_content_title\"><a href=\"https:\/\/yulcom-technologies.com\/en\/dev\/yulcom\/yulbooks-contracts-management\/\" target=\"_self\">Yulbooks Contracts Management<\/a><\/div><\/div><\/div><\/div><\/div><div class=\"bt_bb_content_slider_item\"><div class=\"bt_bb_content_slider_item_content content\"><div class=\"bt_bb_service bt_bb_color_scheme_6 bt_bb_style_filled bt_bb_size_large bt_bb_shape_circle bt_bb_align_inherit bt_bb_font_weight_900 bt_bb_vertical_align_center\"><a href=\"https:\/\/yulcom-technologies.com\/en\/dev\/yulcom\/yulbooks-assets-management-inventory\/\"  target=\"_self\"    data-ico-economy=\"&#xe900;\" class=\"bt_bb_icon_holder\"><\/a><div class=\"bt_bb_service_content\"><div class=\"bt_bb_service_content_title\"><a href=\"https:\/\/yulcom-technologies.com\/en\/dev\/yulcom\/yulbooks-assets-management-inventory\/\" target=\"_self\">Yulbooks Assets management &amp; Inventory<\/a><\/div><\/div><\/div><\/div><\/div><div class=\"bt_bb_content_slider_item\"><div class=\"bt_bb_content_slider_item_content content\"><div class=\"bt_bb_service bt_bb_color_scheme_6 bt_bb_style_filled bt_bb_size_large bt_bb_shape_circle bt_bb_align_inherit bt_bb_font_weight_900 bt_bb_vertical_align_center\"><a href=\"https:\/\/yulcom-technologies.com\/en\/dev\/yulcom\/yulbooks-real-estate\/\"  target=\"_self\"    data-ico-essential=\"&#xe98d;\" class=\"bt_bb_icon_holder\"><\/a><div class=\"bt_bb_service_content\"><div class=\"bt_bb_service_content_title\"><a href=\"https:\/\/yulcom-technologies.com\/en\/dev\/yulcom\/yulbooks-real-estate\/\" target=\"_self\">Yulbooks Real Estate<\/a><\/div><\/div><\/div><\/div><\/div><div class=\"bt_bb_content_slider_item\"><div class=\"bt_bb_content_slider_item_content content\"><div class=\"bt_bb_service bt_bb_color_scheme_6 bt_bb_style_filled bt_bb_size_large bt_bb_shape_circle bt_bb_align_inherit bt_bb_font_weight_900 bt_bb_vertical_align_center\"><a href=\"https:\/\/yulcom-technologies.com\/en\/dev\/yulcom\/yulbooks-stocks-management\/\"  target=\"_self\"    data-ico-business=\"&#xf11f;\" class=\"bt_bb_icon_holder\"><\/a><div class=\"bt_bb_service_content\"><div class=\"bt_bb_service_content_title\"><a href=\"https:\/\/yulcom-technologies.com\/en\/dev\/yulcom\/yulbooks-stocks-management\/\" target=\"_self\">Yulbooks Stocks management<\/a><\/div><\/div><\/div><\/div><\/div><div class=\"bt_bb_content_slider_item\"><div class=\"bt_bb_content_slider_item_content content\"><div class=\"bt_bb_service bt_bb_color_scheme_6 bt_bb_style_filled bt_bb_size_large bt_bb_shape_circle bt_bb_align_inherit bt_bb_font_weight_900 bt_bb_vertical_align_center\"><a href=\"https:\/\/yulcom-technologies.com\/en\/dev\/yulcom\/yulbooks-sales-management\/\"  target=\"_self\"    data-ico-analyticsandinvestment=\"&#xe907;\" class=\"bt_bb_icon_holder\"><\/a><div class=\"bt_bb_service_content\"><div class=\"bt_bb_service_content_title\"><a href=\"https:\/\/yulcom-technologies.com\/en\/dev\/yulcom\/yulbooks-sales-management\/\" target=\"_self\">Yulbooks Sales Management<\/a><\/div><\/div><\/div><\/div><\/div><div class=\"bt_bb_content_slider_item\"><div class=\"bt_bb_content_slider_item_content content\"><div class=\"bt_bb_service bt_bb_color_scheme_6 bt_bb_style_filled bt_bb_size_large bt_bb_shape_circle bt_bb_align_inherit bt_bb_font_weight_900 bt_bb_vertical_align_center\"><a href=\"https:\/\/yulcom-technologies.com\/en\/dev\/yulcom\/yulsante-en\/\"  target=\"_self\"    data-ico-fontawesome=\"&#xf21e;\" class=\"bt_bb_icon_holder\"><\/a><div class=\"bt_bb_service_content\"><div class=\"bt_bb_service_content_title\"><a href=\"https:\/\/yulcom-technologies.com\/en\/dev\/yulcom\/yulsante-en\/\" target=\"_self\">Yulsante<\/a><\/div><\/div><\/div><\/div><\/div><div class=\"bt_bb_content_slider_item\"><div class=\"bt_bb_content_slider_item_content content\"><div class=\"bt_bb_service bt_bb_color_scheme_6 bt_bb_style_filled bt_bb_size_large bt_bb_shape_circle bt_bb_align_inherit bt_bb_font_weight_900 bt_bb_vertical_align_center\"><a href=\"https:\/\/yulcom-technologies.com\/en\/dev\/yulcom\/votepad-en\/\"  target=\"_self\"    data-ico-businessandfinance=\"&#xe911;\" class=\"bt_bb_icon_holder\"><\/a><div class=\"bt_bb_service_content\"><div class=\"bt_bb_service_content_title\"><a href=\"https:\/\/yulcom-technologies.com\/en\/dev\/yulcom\/votepad-en\/\" target=\"_self\">Votepad<\/a><\/div><\/div><\/div><\/div><\/div><div class=\"bt_bb_content_slider_item\"><div class=\"bt_bb_content_slider_item_content content\"><div class=\"bt_bb_service bt_bb_color_scheme_6 bt_bb_style_filled bt_bb_size_large bt_bb_shape_circle bt_bb_align_inherit bt_bb_font_weight_900 bt_bb_vertical_align_center\"><a href=\"https:\/\/yulcom-technologies.com\/en\/dev\/yulcom\/yulpay-online-payment-solutions-aggregator\/\"  target=\"_self\"    data-ico-business=\"&#xf145;\" class=\"bt_bb_icon_holder\"><\/a><div class=\"bt_bb_service_content\"><div class=\"bt_bb_service_content_title\"><a href=\"https:\/\/yulcom-technologies.com\/en\/dev\/yulcom\/yulpay-online-payment-solutions-aggregator\/\" target=\"_self\">Yulpay<\/a><\/div><\/div><\/div><\/div><\/div><div class=\"bt_bb_content_slider_item\"><div class=\"bt_bb_content_slider_item_content content\"><div class=\"bt_bb_service bt_bb_color_scheme_6 bt_bb_style_filled bt_bb_size_large bt_bb_shape_circle bt_bb_align_inherit bt_bb_font_weight_900 bt_bb_vertical_align_center\"><a href=\"https:\/\/yulcom-technologies.com\/en\/dev\/yulcom\/seatfinder-en\/\"  target=\"_self\"    data-ico-productivity=\"&#xf131;\" class=\"bt_bb_icon_holder\"><\/a><div class=\"bt_bb_service_content\"><div class=\"bt_bb_service_content_title\"><a href=\"https:\/\/yulcom-technologies.com\/en\/dev\/yulcom\/seatfinder-en\/\" target=\"_self\">Seatfinder<\/a><\/div><\/div><\/div><\/div><\/div><\/div><\/div><\/div><\/div><\/div><\/div><\/div><\/div><\/div><\/section>","protected":false},"excerpt":{"rendered":"","protected":false},"author":7,"featured_media":0,"parent":0,"menu_order":0,"comment_status":"closed","ping_status":"closed","template":"","meta":{"footnotes":""},"class_list":["post-16172","page","type-page","status-publish","hentry"],"yoast_head":"<!-- This site is optimized with the Yoast SEO plugin v21.5 - https:\/\/yoast.com\/wordpress\/plugins\/seo\/ -->\n<title>SANKOF AI - YULCOM<\/title>\n<meta name=\"description\" content=\"YULCOM Technologies est une firme multinationale canadienne sp\u00e9cialis\u00e9e dans l\u2019ing\u00e9nierie informatique, la strat\u00e9gie num\u00e9rique, l\u2019acquisition et l\u2019installation d\u2019outils de technologies de l\u2019information.\" \/>\n<meta name=\"robots\" content=\"index, follow, max-snippet:-1, max-image-preview:large, max-video-preview:-1\" \/>\n<link rel=\"canonical\" href=\"https:\/\/yulcom-technologies.com\/en\/sankof-ai\/\" \/>\n<meta property=\"og:locale\" content=\"en_US\" \/>\n<meta property=\"og:type\" content=\"article\" \/>\n<meta property=\"og:title\" content=\"SANKOF AI - YULCOM\" \/>\n<meta property=\"og:description\" content=\"YULCOM Technologies est une firme multinationale canadienne sp\u00e9cialis\u00e9e dans l\u2019ing\u00e9nierie informatique, la strat\u00e9gie num\u00e9rique, l\u2019acquisition et l\u2019installation d\u2019outils de technologies de l\u2019information.\" \/>\n<meta property=\"og:url\" content=\"https:\/\/yulcom-technologies.com\/en\/sankof-ai\/\" \/>\n<meta property=\"og:site_name\" content=\"YULCOM\" \/>\n<meta property=\"article:modified_time\" content=\"2023-12-16T18:18:03+00:00\" \/>\n<meta name=\"twitter:card\" content=\"summary_large_image\" \/>\n<meta name=\"twitter:label1\" content=\"Est. reading time\" \/>\n\t<meta name=\"twitter:data1\" content=\"12 minutes\" \/>\n<script type=\"application\/ld+json\" class=\"yoast-schema-graph\">{\"@context\":\"https:\/\/schema.org\",\"@graph\":[{\"@type\":\"WebPage\",\"@id\":\"https:\/\/yulcom-technologies.com\/en\/sankof-ai\/\",\"url\":\"https:\/\/yulcom-technologies.com\/en\/sankof-ai\/\",\"name\":\"SANKOF AI - YULCOM\",\"isPartOf\":{\"@id\":\"https:\/\/yulcom-technologies.com\/en\/#website\"},\"datePublished\":\"2023-12-16T18:15:01+00:00\",\"dateModified\":\"2023-12-16T18:18:03+00:00\",\"description\":\"YULCOM Technologies est une firme multinationale canadienne sp\u00e9cialis\u00e9e dans l\u2019ing\u00e9nierie informatique, la strat\u00e9gie num\u00e9rique, l\u2019acquisition et l\u2019installation d\u2019outils de technologies de l\u2019information.\",\"breadcrumb\":{\"@id\":\"https:\/\/yulcom-technologies.com\/en\/sankof-ai\/#breadcrumb\"},\"inLanguage\":\"en-CA\",\"potentialAction\":[{\"@type\":\"ReadAction\",\"target\":[\"https:\/\/yulcom-technologies.com\/en\/sankof-ai\/\"]}]},{\"@type\":\"BreadcrumbList\",\"@id\":\"https:\/\/yulcom-technologies.com\/en\/sankof-ai\/#breadcrumb\",\"itemListElement\":[{\"@type\":\"ListItem\",\"position\":1,\"name\":\"Accueil\",\"item\":\"https:\/\/yulcom-technologies.com\/en\/\"},{\"@type\":\"ListItem\",\"position\":2,\"name\":\"SANKOF AI\"}]},{\"@type\":\"WebSite\",\"@id\":\"https:\/\/yulcom-technologies.com\/en\/#website\",\"url\":\"https:\/\/yulcom-technologies.com\/en\/\",\"name\":\"YULCOM\",\"description\":\"\",\"publisher\":{\"@id\":\"https:\/\/yulcom-technologies.com\/en\/#organization\"},\"potentialAction\":[{\"@type\":\"SearchAction\",\"target\":{\"@type\":\"EntryPoint\",\"urlTemplate\":\"https:\/\/yulcom-technologies.com\/en\/?s={search_term_string}\"},\"query-input\":\"required name=search_term_string\"}],\"inLanguage\":\"en-CA\"},{\"@type\":\"Organization\",\"@id\":\"https:\/\/yulcom-technologies.com\/en\/#organization\",\"name\":\"YULCOM\",\"url\":\"https:\/\/yulcom-technologies.com\/en\/\",\"logo\":{\"@type\":\"ImageObject\",\"inLanguage\":\"en-CA\",\"@id\":\"https:\/\/yulcom-technologies.com\/en\/#\/schema\/logo\/image\/\",\"url\":\"https:\/\/yulcom-technologies.com\/wp-content\/uploads\/2021\/07\/logo.png\",\"contentUrl\":\"https:\/\/yulcom-technologies.com\/wp-content\/uploads\/2021\/07\/logo.png\",\"width\":1500,\"height\":514,\"caption\":\"YULCOM\"},\"image\":{\"@id\":\"https:\/\/yulcom-technologies.com\/en\/#\/schema\/logo\/image\/\"}}]}<\/script>\n<!-- \/ Yoast SEO plugin. -->","yoast_head_json":{"title":"SANKOF AI - YULCOM","description":"YULCOM Technologies est une firme multinationale canadienne sp\u00e9cialis\u00e9e dans l\u2019ing\u00e9nierie informatique, la strat\u00e9gie num\u00e9rique, l\u2019acquisition et l\u2019installation d\u2019outils de technologies de l\u2019information.","robots":{"index":"index","follow":"follow","max-snippet":"max-snippet:-1","max-image-preview":"max-image-preview:large","max-video-preview":"max-video-preview:-1"},"canonical":"https:\/\/yulcom-technologies.com\/en\/sankof-ai\/","og_locale":"en_US","og_type":"article","og_title":"SANKOF AI - YULCOM","og_description":"YULCOM Technologies est une firme multinationale canadienne sp\u00e9cialis\u00e9e dans l\u2019ing\u00e9nierie informatique, la strat\u00e9gie num\u00e9rique, l\u2019acquisition et l\u2019installation d\u2019outils de technologies de l\u2019information.","og_url":"https:\/\/yulcom-technologies.com\/en\/sankof-ai\/","og_site_name":"YULCOM","article_modified_time":"2023-12-16T18:18:03+00:00","twitter_card":"summary_large_image","twitter_misc":{"Est. reading time":"12 minutes"},"schema":{"@context":"https:\/\/schema.org","@graph":[{"@type":"WebPage","@id":"https:\/\/yulcom-technologies.com\/en\/sankof-ai\/","url":"https:\/\/yulcom-technologies.com\/en\/sankof-ai\/","name":"SANKOF AI - YULCOM","isPartOf":{"@id":"https:\/\/yulcom-technologies.com\/en\/#website"},"datePublished":"2023-12-16T18:15:01+00:00","dateModified":"2023-12-16T18:18:03+00:00","description":"YULCOM Technologies est une firme multinationale canadienne sp\u00e9cialis\u00e9e dans l\u2019ing\u00e9nierie informatique, la strat\u00e9gie num\u00e9rique, l\u2019acquisition et l\u2019installation d\u2019outils de technologies de l\u2019information.","breadcrumb":{"@id":"https:\/\/yulcom-technologies.com\/en\/sankof-ai\/#breadcrumb"},"inLanguage":"en-CA","potentialAction":[{"@type":"ReadAction","target":["https:\/\/yulcom-technologies.com\/en\/sankof-ai\/"]}]},{"@type":"BreadcrumbList","@id":"https:\/\/yulcom-technologies.com\/en\/sankof-ai\/#breadcrumb","itemListElement":[{"@type":"ListItem","position":1,"name":"Accueil","item":"https:\/\/yulcom-technologies.com\/en\/"},{"@type":"ListItem","position":2,"name":"SANKOF AI"}]},{"@type":"WebSite","@id":"https:\/\/yulcom-technologies.com\/en\/#website","url":"https:\/\/yulcom-technologies.com\/en\/","name":"YULCOM","description":"","publisher":{"@id":"https:\/\/yulcom-technologies.com\/en\/#organization"},"potentialAction":[{"@type":"SearchAction","target":{"@type":"EntryPoint","urlTemplate":"https:\/\/yulcom-technologies.com\/en\/?s={search_term_string}"},"query-input":"required name=search_term_string"}],"inLanguage":"en-CA"},{"@type":"Organization","@id":"https:\/\/yulcom-technologies.com\/en\/#organization","name":"YULCOM","url":"https:\/\/yulcom-technologies.com\/en\/","logo":{"@type":"ImageObject","inLanguage":"en-CA","@id":"https:\/\/yulcom-technologies.com\/en\/#\/schema\/logo\/image\/","url":"https:\/\/yulcom-technologies.com\/wp-content\/uploads\/2021\/07\/logo.png","contentUrl":"https:\/\/yulcom-technologies.com\/wp-content\/uploads\/2021\/07\/logo.png","width":1500,"height":514,"caption":"YULCOM"},"image":{"@id":"https:\/\/yulcom-technologies.com\/en\/#\/schema\/logo\/image\/"}}]}},"_links":{"self":[{"href":"https:\/\/yulcom-technologies.com\/en\/wp-json\/wp\/v2\/pages\/16172","targetHints":{"allow":["GET"]}}],"collection":[{"href":"https:\/\/yulcom-technologies.com\/en\/wp-json\/wp\/v2\/pages"}],"about":[{"href":"https:\/\/yulcom-technologies.com\/en\/wp-json\/wp\/v2\/types\/page"}],"author":[{"embeddable":true,"href":"https:\/\/yulcom-technologies.com\/en\/wp-json\/wp\/v2\/users\/7"}],"replies":[{"embeddable":true,"href":"https:\/\/yulcom-technologies.com\/en\/wp-json\/wp\/v2\/comments?post=16172"}],"version-history":[{"count":5,"href":"https:\/\/yulcom-technologies.com\/en\/wp-json\/wp\/v2\/pages\/16172\/revisions"}],"predecessor-version":[{"id":16634,"href":"https:\/\/yulcom-technologies.com\/en\/wp-json\/wp\/v2\/pages\/16172\/revisions\/16634"}],"wp:attachment":[{"href":"https:\/\/yulcom-technologies.com\/en\/wp-json\/wp\/v2\/media?parent=16172"}],"curies":[{"name":"wp","href":"https:\/\/api.w.org\/{rel}","templated":true}]}}