{"id":15006,"date":"2023-03-27T18:59:20","date_gmt":"2023-03-27T16:59:20","guid":{"rendered":"https:\/\/yulcom-technologies.com\/?page_id=15006"},"modified":"2023-03-27T19:06:12","modified_gmt":"2023-03-27T17:06:12","slug":"privacy-policy","status":"publish","type":"page","link":"https:\/\/yulcom-technologies.com\/en\/privacy-policy\/","title":{"rendered":"Privacy Policy"},"content":{"rendered":"<section id=\"bt_bb_section69ee67974ac0e\"  class=\"bt_bb_section bt_bb_top_spacing_medium bt_bb_bottom_spacing_medium bt_bb_layout_boxed_1000 bt_bb_vertical_align_top\" ><div class=\"bt_bb_port\"><div class=\"bt_bb_cell\"><div class=\"bt_bb_cell_inner\"><div class=\"bt_bb_row_wrapper\"><div  class=\"bt_bb_row\"  data-bt-override-class=\"{}\"><div  class=\"bt_bb_column col-xl-12 col-xs-12 col-sm-12 col-md-12 col-lg-12 bt_bb_align_left bt_bb_vertical_align_top bt_bb_padding_normal\"  data-width=\"12\" data-bt-override-class=\"{}\"><div class=\"bt_bb_column_content\"><div  class=\"bt_bb_text\" ><h3 style=\"text-align: justify;\">YULCOM&rsquo;S PRIVACY STATEMENT<\/h3>\n<p style=\"text-align: justify;\">The YULCOM Privacy Policy describes our privacy practices.<br \/>\nIt applies solely to information collected by this website: <a href=\"https:\/\/yulcom-technologies.com\/en\/\">https:\/\/yulcom-technologies.com<\/a><\/p>\n<h4 style=\"text-align: justify;\"><span style=\"color: #145d96;\">Information collection and use<\/span><\/h4>\n<p style=\"text-align: justify;\">We may collect the information you voluntarily provide to us when:<\/p>\n<p style=\"text-align: justify;\">&#8211; You request information about our services ;<br \/>\n&#8211; You send us questions ;<br \/>\n&#8211; You subscribe to our services; and<br \/>\n&#8211; You submit your resume in response to a job posting on our website.<\/p>\n<p style=\"text-align: justify;\">Information provided to YULCOM Technologies may be used to contact you to respond to your inquiries, to follow up on your subscriptions or to evaluate your application for employment. This data will be kept for the length of time established according to the reason for which it was collected.<\/p>\n<h4 style=\"text-align: justify;\"><span style=\"color: #145d96;\">Information access and control<\/span><\/h4>\n<p style=\"text-align: justify;\">You may at any time choose not to be contacted by us. You may do so at any time by contacting us at the email address or phone number listed on our website:<\/p>\n<p style=\"text-align: justify;\">&#8211; View the data we hold about you, if any<br \/>\n&#8211; Amend\/correct the data we hold about you.<br \/>\n&#8211; Ask us to delete the data we hold about you.<br \/>\n&#8211; Express any concerns about our use of your data.<\/p>\n<h4 style=\"text-align: justify;\"><span style=\"color: #145d96;\">Use of cookies<\/span><\/h4>\n<p style=\"text-align: justify;\">We may collect data using cookies when you visit our website. Cookies are identifiers that are transferred to your computer&rsquo;s hard drive through your web browser to enable our systems to recognize your computer. We may also collect data that your browser transmits to us, including your IP address, browser type, location, language, date and time of access, and referring Web site addresses.<\/p>\n<p style=\"text-align: justify;\">This data can be used to analyze trends, administer the site, monitor visitor traffic patterns and gather demographic information about our visitors. The data collected by these cookies is aggregated and remains anonymous.<\/p>\n<h4 style=\"text-align: justify;\"><span style=\"color: #145d96;\">Data protection and security measures<\/span><\/h4>\n<p style=\"text-align: justify;\">We take reasonable physical, technical and administrative security measures to protect against unauthorized access to and use or disclosure of confidential data voluntarily provided to YULCOM Technologies. When you submit sensitive information via the website, it is protected both online and offline.<\/p>\n<p style=\"text-align: justify;\">In addition, YULCOM Technologies is not responsible for the information you post in public areas, including our blogs. All visitors to our website have access to these public areas and, as such, they are not covered by the scope of this Policy.<\/p>\n<h4 style=\"text-align: justify;\"><span style=\"color: #145d96;\">Links to other sites<\/span><\/h4>\n<p style=\"text-align: justify;\">The YULCOM Technologies website may contain links to websites and applications of third-party companies not affiliated with YULCOM Technologies. We accept no responsibility and can offer no guarantee for these third-party websites and applications.<\/p>\n<p style=\"text-align: justify;\">Therefore, YULCOM Technologies is not responsible for the privacy practices of such websites and applications, which are subject to their own privacy policies. If you choose to use these links, you are advised to review the privacy policies of these third-party sites before submitting any information about yourself to them.<\/p>\n<h4 style=\"text-align: justify;\"><span style=\"color: #145d96;\">Notice<\/span><\/h4>\n<p style=\"text-align: left;\">YULCOM Technologies makes every effort to ensure that the information on its site is as accurate and up-to-date as possible. However, the site could, despite the diligence made, contain errors. YULCOM Technologies cannot be held responsible for these errors and does not guarantee the integrity, durability or non-infringement of its web content.<\/p>\n<p style=\"text-align: justify;\">The user therefore chooses to use this information at his\/her own risk.<\/p>\n<p style=\"text-align: justify;\">Furthermore, although YULCOM Technologies provides information on its web site, YULCOM Technologies does not in any way grant a license to its intellectual property rights, or those of any third party whose information, or an external link to its information, may be found on this site.<\/p>\n<h4 style=\"text-align: justify;\"><span style=\"color: #145d96;\">Changes<\/span><\/h4>\n<p style=\"text-align: justify;\">YULCOM Technologies reserves the right to change this Policy at any time without notice.<\/p>\n<h4 style=\"text-align: justify;\"><span style=\"color: #145d96;\"><strong>Data Privacy Concerns<\/strong><\/span><\/h4>\n<p style=\"text-align: justify;\">If you feel that we are not abiding by this privacy policy, you should contact us immediately by email at :\u00a0 <a href=\"mailto:info@yulcom.ca\">info@yulcom.ca<\/a><\/p>\n<\/div><\/div><\/div><\/div><\/div><\/div><\/div><\/div><\/section>","protected":false},"excerpt":{"rendered":"","protected":false},"author":5,"featured_media":0,"parent":0,"menu_order":0,"comment_status":"closed","ping_status":"closed","template":"","meta":{"footnotes":""},"class_list":["post-15006","page","type-page","status-publish","hentry"],"yoast_head":"<!-- This site is optimized with the Yoast SEO plugin v21.5 - https:\/\/yoast.com\/wordpress\/plugins\/seo\/ -->\n<title>Privacy Policy - YULCOM<\/title>\n<meta name=\"description\" content=\"YULCOM Technologies est une firme multinationale canadienne sp\u00e9cialis\u00e9e dans l\u2019ing\u00e9nierie informatique, la strat\u00e9gie num\u00e9rique, l\u2019acquisition et l\u2019installation d\u2019outils de technologies de l\u2019information.\" \/>\n<meta name=\"robots\" content=\"index, follow, max-snippet:-1, max-image-preview:large, max-video-preview:-1\" \/>\n<link rel=\"canonical\" href=\"https:\/\/yulcom-technologies.com\/en\/privacy-policy\/\" \/>\n<meta property=\"og:locale\" content=\"en_US\" \/>\n<meta property=\"og:type\" content=\"article\" \/>\n<meta property=\"og:title\" content=\"Privacy Policy - YULCOM\" \/>\n<meta property=\"og:description\" content=\"YULCOM Technologies est une firme multinationale canadienne sp\u00e9cialis\u00e9e dans l\u2019ing\u00e9nierie informatique, la strat\u00e9gie num\u00e9rique, l\u2019acquisition et l\u2019installation d\u2019outils de technologies de l\u2019information.\" \/>\n<meta property=\"og:url\" content=\"https:\/\/yulcom-technologies.com\/en\/privacy-policy\/\" \/>\n<meta property=\"og:site_name\" content=\"YULCOM\" \/>\n<meta property=\"article:modified_time\" content=\"2023-03-27T17:06:12+00:00\" \/>\n<meta name=\"twitter:card\" content=\"summary_large_image\" \/>\n<meta name=\"twitter:label1\" content=\"Est. reading time\" \/>\n\t<meta name=\"twitter:data1\" content=\"4 minutes\" \/>\n<script type=\"application\/ld+json\" class=\"yoast-schema-graph\">{\"@context\":\"https:\/\/schema.org\",\"@graph\":[{\"@type\":\"WebPage\",\"@id\":\"https:\/\/yulcom-technologies.com\/en\/privacy-policy\/\",\"url\":\"https:\/\/yulcom-technologies.com\/en\/privacy-policy\/\",\"name\":\"Privacy Policy - YULCOM\",\"isPartOf\":{\"@id\":\"https:\/\/yulcom-technologies.com\/en\/#website\"},\"datePublished\":\"2023-03-27T16:59:20+00:00\",\"dateModified\":\"2023-03-27T17:06:12+00:00\",\"description\":\"YULCOM Technologies est une firme multinationale canadienne sp\u00e9cialis\u00e9e dans l\u2019ing\u00e9nierie informatique, la strat\u00e9gie num\u00e9rique, l\u2019acquisition et l\u2019installation d\u2019outils de technologies de l\u2019information.\",\"breadcrumb\":{\"@id\":\"https:\/\/yulcom-technologies.com\/en\/privacy-policy\/#breadcrumb\"},\"inLanguage\":\"en-CA\",\"potentialAction\":[{\"@type\":\"ReadAction\",\"target\":[\"https:\/\/yulcom-technologies.com\/en\/privacy-policy\/\"]}]},{\"@type\":\"BreadcrumbList\",\"@id\":\"https:\/\/yulcom-technologies.com\/en\/privacy-policy\/#breadcrumb\",\"itemListElement\":[{\"@type\":\"ListItem\",\"position\":1,\"name\":\"Accueil\",\"item\":\"https:\/\/yulcom-technologies.com\/en\/\"},{\"@type\":\"ListItem\",\"position\":2,\"name\":\"Privacy Policy\"}]},{\"@type\":\"WebSite\",\"@id\":\"https:\/\/yulcom-technologies.com\/en\/#website\",\"url\":\"https:\/\/yulcom-technologies.com\/en\/\",\"name\":\"YULCOM\",\"description\":\"\",\"publisher\":{\"@id\":\"https:\/\/yulcom-technologies.com\/en\/#organization\"},\"potentialAction\":[{\"@type\":\"SearchAction\",\"target\":{\"@type\":\"EntryPoint\",\"urlTemplate\":\"https:\/\/yulcom-technologies.com\/en\/?s={search_term_string}\"},\"query-input\":\"required name=search_term_string\"}],\"inLanguage\":\"en-CA\"},{\"@type\":\"Organization\",\"@id\":\"https:\/\/yulcom-technologies.com\/en\/#organization\",\"name\":\"YULCOM\",\"url\":\"https:\/\/yulcom-technologies.com\/en\/\",\"logo\":{\"@type\":\"ImageObject\",\"inLanguage\":\"en-CA\",\"@id\":\"https:\/\/yulcom-technologies.com\/en\/#\/schema\/logo\/image\/\",\"url\":\"https:\/\/yulcom-technologies.com\/wp-content\/uploads\/2021\/07\/logo.png\",\"contentUrl\":\"https:\/\/yulcom-technologies.com\/wp-content\/uploads\/2021\/07\/logo.png\",\"width\":1500,\"height\":514,\"caption\":\"YULCOM\"},\"image\":{\"@id\":\"https:\/\/yulcom-technologies.com\/en\/#\/schema\/logo\/image\/\"}}]}<\/script>\n<!-- \/ Yoast SEO plugin. -->","yoast_head_json":{"title":"Privacy Policy - YULCOM","description":"YULCOM Technologies est une firme multinationale canadienne sp\u00e9cialis\u00e9e dans l\u2019ing\u00e9nierie informatique, la strat\u00e9gie num\u00e9rique, l\u2019acquisition et l\u2019installation d\u2019outils de technologies de l\u2019information.","robots":{"index":"index","follow":"follow","max-snippet":"max-snippet:-1","max-image-preview":"max-image-preview:large","max-video-preview":"max-video-preview:-1"},"canonical":"https:\/\/yulcom-technologies.com\/en\/privacy-policy\/","og_locale":"en_US","og_type":"article","og_title":"Privacy Policy - YULCOM","og_description":"YULCOM Technologies est une firme multinationale canadienne sp\u00e9cialis\u00e9e dans l\u2019ing\u00e9nierie informatique, la strat\u00e9gie num\u00e9rique, l\u2019acquisition et l\u2019installation d\u2019outils de technologies de l\u2019information.","og_url":"https:\/\/yulcom-technologies.com\/en\/privacy-policy\/","og_site_name":"YULCOM","article_modified_time":"2023-03-27T17:06:12+00:00","twitter_card":"summary_large_image","twitter_misc":{"Est. reading time":"4 minutes"},"schema":{"@context":"https:\/\/schema.org","@graph":[{"@type":"WebPage","@id":"https:\/\/yulcom-technologies.com\/en\/privacy-policy\/","url":"https:\/\/yulcom-technologies.com\/en\/privacy-policy\/","name":"Privacy Policy - YULCOM","isPartOf":{"@id":"https:\/\/yulcom-technologies.com\/en\/#website"},"datePublished":"2023-03-27T16:59:20+00:00","dateModified":"2023-03-27T17:06:12+00:00","description":"YULCOM Technologies est une firme multinationale canadienne sp\u00e9cialis\u00e9e dans l\u2019ing\u00e9nierie informatique, la strat\u00e9gie num\u00e9rique, l\u2019acquisition et l\u2019installation d\u2019outils de technologies de l\u2019information.","breadcrumb":{"@id":"https:\/\/yulcom-technologies.com\/en\/privacy-policy\/#breadcrumb"},"inLanguage":"en-CA","potentialAction":[{"@type":"ReadAction","target":["https:\/\/yulcom-technologies.com\/en\/privacy-policy\/"]}]},{"@type":"BreadcrumbList","@id":"https:\/\/yulcom-technologies.com\/en\/privacy-policy\/#breadcrumb","itemListElement":[{"@type":"ListItem","position":1,"name":"Accueil","item":"https:\/\/yulcom-technologies.com\/en\/"},{"@type":"ListItem","position":2,"name":"Privacy Policy"}]},{"@type":"WebSite","@id":"https:\/\/yulcom-technologies.com\/en\/#website","url":"https:\/\/yulcom-technologies.com\/en\/","name":"YULCOM","description":"","publisher":{"@id":"https:\/\/yulcom-technologies.com\/en\/#organization"},"potentialAction":[{"@type":"SearchAction","target":{"@type":"EntryPoint","urlTemplate":"https:\/\/yulcom-technologies.com\/en\/?s={search_term_string}"},"query-input":"required name=search_term_string"}],"inLanguage":"en-CA"},{"@type":"Organization","@id":"https:\/\/yulcom-technologies.com\/en\/#organization","name":"YULCOM","url":"https:\/\/yulcom-technologies.com\/en\/","logo":{"@type":"ImageObject","inLanguage":"en-CA","@id":"https:\/\/yulcom-technologies.com\/en\/#\/schema\/logo\/image\/","url":"https:\/\/yulcom-technologies.com\/wp-content\/uploads\/2021\/07\/logo.png","contentUrl":"https:\/\/yulcom-technologies.com\/wp-content\/uploads\/2021\/07\/logo.png","width":1500,"height":514,"caption":"YULCOM"},"image":{"@id":"https:\/\/yulcom-technologies.com\/en\/#\/schema\/logo\/image\/"}}]}},"_links":{"self":[{"href":"https:\/\/yulcom-technologies.com\/en\/wp-json\/wp\/v2\/pages\/15006","targetHints":{"allow":["GET"]}}],"collection":[{"href":"https:\/\/yulcom-technologies.com\/en\/wp-json\/wp\/v2\/pages"}],"about":[{"href":"https:\/\/yulcom-technologies.com\/en\/wp-json\/wp\/v2\/types\/page"}],"author":[{"embeddable":true,"href":"https:\/\/yulcom-technologies.com\/en\/wp-json\/wp\/v2\/users\/5"}],"replies":[{"embeddable":true,"href":"https:\/\/yulcom-technologies.com\/en\/wp-json\/wp\/v2\/comments?post=15006"}],"version-history":[{"count":4,"href":"https:\/\/yulcom-technologies.com\/en\/wp-json\/wp\/v2\/pages\/15006\/revisions"}],"predecessor-version":[{"id":15014,"href":"https:\/\/yulcom-technologies.com\/en\/wp-json\/wp\/v2\/pages\/15006\/revisions\/15014"}],"wp:attachment":[{"href":"https:\/\/yulcom-technologies.com\/en\/wp-json\/wp\/v2\/media?parent=15006"}],"curies":[{"name":"wp","href":"https:\/\/api.w.org\/{rel}","templated":true}]}}