{"id":13147,"date":"2022-11-29T22:05:30","date_gmt":"2022-11-29T21:05:30","guid":{"rendered":"https:\/\/yulcom-technologies.com\/?page_id=13147"},"modified":"2022-11-29T22:14:03","modified_gmt":"2022-11-29T21:14:03","slug":"radio-jeunesse-sahel","status":"publish","type":"page","link":"https:\/\/yulcom-technologies.com\/en\/case-studies\/radio-jeunesse-sahel\/","title":{"rendered":"Radio Jeunesse Sahel"},"content":{"rendered":"<section id=\"bt_bb_section69de294b389e3\"  class=\"bt_bb_section bt_bb_top_spacing_medium bt_bb_bottom_spacing_large bt_bb_layout_boxed_1200 bt_bb_vertical_align_top\" ><div class=\"bt_bb_port\"><div class=\"bt_bb_cell\"><div class=\"bt_bb_cell_inner\"><div class=\"bt_bb_row_wrapper\"><div  class=\"bt_bb_row\"  data-bt-override-class=\"{}\"><div  class=\"bt_bb_column col-xl-8 col-xs-12 col-sm-12 col-md-12 col-lg-8 bt_bb_align_left bt_bb_vertical_align_top bt_bb_padding_normal\"  data-width=\"8\" data-bt-override-class=\"{}\"><div class=\"bt_bb_column_content\"><header class=\"bt_bb_headline bt_bb_dash_none bt_bb_size_inherit bt_bb_align_inherit\" style=\";color:rgb(29,157,216);border-color:rgb(29,157,216);\" data-bt-override-class=\"{&quot;bt_bb_size_&quot;:{&quot;current_class&quot;:&quot;bt_bb_size_inherit&quot;,&quot;xxl&quot;:&quot;inherit&quot;,&quot;xl&quot;:&quot;inherit&quot;},&quot;bt_bb_align_&quot;:{&quot;current_class&quot;:&quot;bt_bb_align_inherit&quot;,&quot;xxl&quot;:&quot;inherit&quot;,&quot;xl&quot;:&quot;inherit&quot;}}\"><h3 class=\"bt_bb_headline_tag\"><span class=\"bt_bb_headline_content\"><span>Radio Jeunesse Sahel<\/span><\/span><\/h3><\/header><div class=\"bt_bb_separator bt_bb_border_style_none bt_bb_top_spacing_none bt_bb_bottom_spacing_normal\" data-bt-override-class=\"{&quot;bt_bb_top_spacing_&quot;:{&quot;current_class&quot;:&quot;bt_bb_top_spacing_none&quot;,&quot;xxl&quot;:&quot;none&quot;,&quot;xl&quot;:&quot;none&quot;},&quot;bt_bb_bottom_spacing_&quot;:{&quot;current_class&quot;:&quot;bt_bb_bottom_spacing_normal&quot;,&quot;xxl&quot;:&quot;normal&quot;,&quot;xl&quot;:&quot;normal&quot;}}\"><\/div><header class=\"bt_bb_headline btPeopleProfileDash  bt_bb_font_weight_900 bt_bb_dash_bottom bt_bb_subheadline bt_bb_size_normal bt_bb_align_left btPeopleProfileDash\" style=\";color:rgb(19,94,151);border-color:rgb(19,94,151);\" data-bt-override-class=\"{&quot;bt_bb_size_&quot;:{&quot;current_class&quot;:&quot;bt_bb_size_normal&quot;,&quot;xxl&quot;:&quot;normal&quot;,&quot;xl&quot;:&quot;normal&quot;},&quot;bt_bb_align_&quot;:{&quot;current_class&quot;:&quot;bt_bb_align_left&quot;,&quot;xxl&quot;:&quot;left&quot;,&quot;xl&quot;:&quot;left&quot;}}\"><div class=\"bt_bb_headline_subheadline\">Implementation of a radio website and its mobile application<\/div><\/header><div class=\"bt_bb_separator bt_bb_border_style_none bt_bb_top_spacing_none bt_bb_bottom_spacing_small\" data-bt-override-class=\"{&quot;bt_bb_top_spacing_&quot;:{&quot;current_class&quot;:&quot;bt_bb_top_spacing_none&quot;,&quot;xxl&quot;:&quot;none&quot;,&quot;xl&quot;:&quot;none&quot;},&quot;bt_bb_bottom_spacing_&quot;:{&quot;current_class&quot;:&quot;bt_bb_bottom_spacing_small&quot;,&quot;xxl&quot;:&quot;small&quot;,&quot;xl&quot;:&quot;small&quot;}}\"><\/div><div class=\"bt_bb_button bt_bb_icon_position_left bt_bb_style_clean bt_bb_size_small bt_bb_width_inline bt_bb_shape_inherit bt_bb_target_self bt_bb_font_weight_bold bt_bb_align_inherit\" data-bt-override-class=\"{&quot;bt_bb_size_&quot;:{&quot;current_class&quot;:&quot;bt_bb_size_small&quot;,&quot;xxl&quot;:&quot;small&quot;,&quot;xl&quot;:&quot;small&quot;},&quot;bt_bb_align_&quot;:{&quot;current_class&quot;:&quot;bt_bb_align_inherit&quot;,&quot;xxl&quot;:&quot;inherit&quot;,&quot;xl&quot;:&quot;inherit&quot;}}\"><a href=\"#\" target=\"_self\" class=\"bt_bb_link\" ><span class=\"bt_bb_button_text\" >France<\/span><span  data-ico-essential=\"&#xea43;\" class=\"bt_bb_icon_holder\"><\/span><\/a><\/div><\/div><\/div><div  class=\"bt_bb_column col-xl-4 col-xs-12 col-sm-12 col-md-12 col-lg-4 bt_bb_align_left bt_bb_vertical_align_top bt_bb_padding_normal\"  data-width=\"4\" data-bt-override-class=\"{}\"><div class=\"bt_bb_column_content\"><\/div><\/div><\/div><\/div><div class=\"bt_bb_row_wrapper\"><div  class=\"bt_bb_row bt_bb_hidden_xs bt_bb_hidden_ms bt_bb_hidden_sm\"  data-bt-override-class=\"{}\"><div  class=\"bt_bb_column col-xl-6 col-xs-12 col-sm-6 col-md-6 col-lg-6 bt_bb_align_left bt_bb_vertical_align_top bt_bb_padding_normal\"  data-width=\"6\" data-bt-override-class=\"{}\"><div class=\"bt_bb_column_content\"><div class=\"bt_bb_separator bt_bb_border_style_none bt_bb_top_spacing_normal bt_bb_bottom_spacing_none\" data-bt-override-class=\"{&quot;bt_bb_top_spacing_&quot;:{&quot;current_class&quot;:&quot;bt_bb_top_spacing_normal&quot;,&quot;xxl&quot;:&quot;normal&quot;,&quot;xl&quot;:&quot;normal&quot;},&quot;bt_bb_bottom_spacing_&quot;:{&quot;current_class&quot;:&quot;bt_bb_bottom_spacing_none&quot;,&quot;xxl&quot;:&quot;none&quot;,&quot;xl&quot;:&quot;none&quot;}}\"><\/div><div  class=\"bt_bb_text\" ><p>The G5 Sahel covers a region composed of five eminently young states, with approximately 50 million young people under the age of 30, or 65% of the total population of these countries. The objective of Radio Jeunesse Sahel (RJS) is to foster a constructive vision of the future by offering young people a sense of ownership of their future, a reflection of their reality, and authentic, credible, reliable and inspiring content.<\/p>\n<ul>\n<li>\u00a0Functional and technical specifications file<\/li>\n<li>\u00a0Web portal for hosting and use of content<\/li>\n<li>Procedures manual<\/li>\n<li>Operating file (backup \/ restoration plan,<br \/>\nuser guide by profile, reversibility plan, maintenance contract for the<br \/>\nmaintenance contract for the warranty period) + commissioning report<br \/>\ncommissioning report and provisional acceptance report<\/li>\n<li>\u00a0Technical test files, test and qualification strategy<br \/>\nqualification, unit test file, system and integration,<br \/>\nfunctional test file<\/li>\n<li>\u00a0Training report (administrators and web editors),<br \/>\nplatform<\/li>\n<\/ul>\n<\/div><\/div><\/div><div  class=\"bt_bb_column col-xl-6 col-xs-12 col-sm-6 col-md-6 col-lg-6 bt_bb_align_left bt_bb_vertical_align_top bt_bb_padding_normal\"  data-width=\"6\" data-bt-override-class=\"{}\"><div class=\"bt_bb_column_content\"><div class=\"bt_bb_image bt_bb_shape_square bt_bb_target_self bt_bb_align_right bt_bb_hover_style_simple bt_bb_content_display_always bt_bb_content_align_middle bt_bb_fill_background_color_full\" data-bt-override-class=\"{&quot;bt_bb_align_&quot;:{&quot;current_class&quot;:&quot;bt_bb_align_right&quot;,&quot;xxl&quot;:&quot;right&quot;,&quot;xl&quot;:&quot;right&quot;}}\"><span><img fetchpriority=\"high\" decoding=\"async\" width=\"500\" height=\"503\" src=\"https:\/\/yulcom-technologies.com\/wp-content\/uploads\/2022\/11\/mockup-radio-js.png\" class=\"attachment-medium size-medium\" alt=\"https:\/\/yulcom-technologies.com\/wp-content\/uploads\/2022\/11\/mockup-radio-js.png\" data-full_image_src=\"https:\/\/yulcom-technologies.com\/wp-content\/uploads\/2022\/11\/mockup-radio-js.png\"  srcset=\"https:\/\/yulcom-technologies.com\/wp-content\/uploads\/2022\/11\/mockup-radio-js.png 500w, https:\/\/yulcom-technologies.com\/wp-content\/uploads\/2022\/11\/mockup-radio-js-160x160.png 160w, https:\/\/yulcom-technologies.com\/wp-content\/uploads\/2022\/11\/mockup-radio-js-12x12.png 12w, https:\/\/yulcom-technologies.com\/wp-content\/uploads\/2022\/11\/mockup-radio-js-320x322.png 320w\" sizes=\"(max-width: 500px) 100vw, 500px\" \/><\/span><\/div><\/div><\/div><\/div><\/div><div class=\"bt_bb_row_wrapper\"><div  class=\"bt_bb_row bt_bb_hidden_md bt_bb_hidden_lg\"  data-bt-override-class=\"{}\"><div  class=\"bt_bb_column col-xl-12 col-xs-12 col-sm-12 col-md-12 col-lg-12 bt_bb_align_left bt_bb_vertical_align_top bt_bb_padding_normal\"  data-width=\"12\" data-bt-override-class=\"{}\"><div class=\"bt_bb_column_content\"><div class=\"bt_bb_separator bt_bb_border_style_none bt_bb_top_spacing_normal bt_bb_bottom_spacing_none\" data-bt-override-class=\"{&quot;bt_bb_top_spacing_&quot;:{&quot;current_class&quot;:&quot;bt_bb_top_spacing_normal&quot;,&quot;xxl&quot;:&quot;normal&quot;,&quot;xl&quot;:&quot;normal&quot;},&quot;bt_bb_bottom_spacing_&quot;:{&quot;current_class&quot;:&quot;bt_bb_bottom_spacing_none&quot;,&quot;xxl&quot;:&quot;none&quot;,&quot;xl&quot;:&quot;none&quot;}}\"><\/div><div  class=\"bt_bb_text\" ><p>The G5 Sahel covers a region composed of five eminently young states, with approximately 50 million young people under the age of 30, or 65% of the total population of these countries. The objective of Radio Jeunesse Sahel (RJS) is to foster a constructive vision of the future by offering young people a sense of ownership of their future, a reflection of their reality, and authentic, credible, reliable and inspiring content.<\/p>\n<ul>\n<li>\u00a0Functional and technical specifications file<\/li>\n<li>\u00a0Web portal for hosting and use of content<\/li>\n<li>Procedures manual<\/li>\n<li>Operating file (backup \/ restoration plan,<br \/>\nuser guide by profile, reversibility plan, maintenance contract for the<br \/>\nmaintenance contract for the warranty period) + commissioning report<br \/>\ncommissioning report and provisional acceptance report<\/li>\n<li>\u00a0Technical test files, test and qualification strategy<br \/>\nqualification, unit test file, system and integration,<br \/>\nfunctional test file<\/li>\n<li>\u00a0Training report (administrators and web editors),<br \/>\nplatform<\/li>\n<\/ul>\n<\/div><\/div><\/div><\/div><\/div><div class=\"bt_bb_row_wrapper\"><div  class=\"bt_bb_row\"  data-bt-override-class=\"{}\"><div  class=\"bt_bb_column col-xl-12 col-xs-12 col-sm-12 col-md-12 col-lg-12 bt_bb_align_left bt_bb_vertical_align_top bt_bb_padding_normal\"  data-width=\"12\" data-bt-override-class=\"{}\"><div class=\"bt_bb_column_content\"><div class=\"bt_bb_image bt_bb_shape_square bt_bb_target_self bt_bb_align_right bt_bb_hover_style_simple bt_bb_content_display_always bt_bb_content_align_middle bt_bb_hidden_md bt_bb_hidden_lg bt_bb_fill_background_color_full\" data-bt-override-class=\"{&quot;bt_bb_align_&quot;:{&quot;current_class&quot;:&quot;bt_bb_align_right&quot;,&quot;xxl&quot;:&quot;right&quot;,&quot;xl&quot;:&quot;right&quot;}}\"><span><img fetchpriority=\"high\" decoding=\"async\" width=\"500\" height=\"503\" src=\"https:\/\/yulcom-technologies.com\/wp-content\/uploads\/2022\/11\/mockup-radio-js.png\" class=\"attachment-medium size-medium\" alt=\"https:\/\/yulcom-technologies.com\/wp-content\/uploads\/2022\/11\/mockup-radio-js.png\" data-full_image_src=\"https:\/\/yulcom-technologies.com\/wp-content\/uploads\/2022\/11\/mockup-radio-js.png\"  srcset=\"https:\/\/yulcom-technologies.com\/wp-content\/uploads\/2022\/11\/mockup-radio-js.png 500w, https:\/\/yulcom-technologies.com\/wp-content\/uploads\/2022\/11\/mockup-radio-js-160x160.png 160w, https:\/\/yulcom-technologies.com\/wp-content\/uploads\/2022\/11\/mockup-radio-js-12x12.png 12w, https:\/\/yulcom-technologies.com\/wp-content\/uploads\/2022\/11\/mockup-radio-js-320x322.png 320w\" sizes=\"(max-width: 500px) 100vw, 500px\" \/><\/span><\/div><\/div><\/div><\/div><\/div><div class=\"bt_bb_row_wrapper\"><div  class=\"bt_bb_row\"  data-bt-override-class=\"{}\"><div  class=\"bt_bb_column col-xl-6 col-xs-12 col-sm-6 col-md-6 col-lg-6 bt_bb_align_left bt_bb_vertical_align_top bt_bb_padding_normal\"  data-width=\"6\" data-bt-override-class=\"{}\"><div class=\"bt_bb_column_content\"><\/div><\/div><div  class=\"bt_bb_column col-xl-6 col-xs-12 col-sm-6 col-md-6 col-lg-6 bt_bb_align_left bt_bb_vertical_align_top bt_bb_padding_normal\"  data-width=\"6\" data-bt-override-class=\"{}\"><div class=\"bt_bb_column_content\"><div class=\"bt_bb_image bt_bb_shape_square bt_bb_target_self bt_bb_align_right bt_bb_hover_style_simple bt_bb_content_display_always bt_bb_content_align_middle bt_bb_fill_background_color_full\" data-bt-override-class=\"{&quot;bt_bb_align_&quot;:{&quot;current_class&quot;:&quot;bt_bb_align_right&quot;,&quot;xxl&quot;:&quot;right&quot;,&quot;xl&quot;:&quot;right&quot;}}\"><span><img decoding=\"async\" width=\"293\" height=\"172\" src=\"https:\/\/yulcom-technologies.com\/wp-content\/uploads\/2022\/11\/index.png\" class=\"attachment-boldthemes_small size-boldthemes_small\" alt=\"https:\/\/yulcom-technologies.com\/wp-content\/uploads\/2022\/11\/index.png\" data-full_image_src=\"https:\/\/yulcom-technologies.com\/wp-content\/uploads\/2022\/11\/index.png\"  srcset=\"https:\/\/yulcom-technologies.com\/wp-content\/uploads\/2022\/11\/index.png 293w, https:\/\/yulcom-technologies.com\/wp-content\/uploads\/2022\/11\/index-18x12.png 18w\" sizes=\"(max-width: 293px) 100vw, 293px\" \/><\/span><\/div><\/div><\/div><\/div><\/div><\/div><\/div><\/div><\/section>","protected":false},"excerpt":{"rendered":"","protected":false},"author":14,"featured_media":12836,"parent":13139,"menu_order":0,"comment_status":"closed","ping_status":"closed","template":"","meta":{"footnotes":""},"class_list":["post-13147","page","type-page","status-publish","has-post-thumbnail","hentry"],"yoast_head":"<!-- This site is optimized with the Yoast SEO plugin v21.5 - https:\/\/yoast.com\/wordpress\/plugins\/seo\/ -->\n<title>Radio Jeunesse Sahel - YULCOM<\/title>\n<meta name=\"description\" content=\"YULCOM Technologies est une firme multinationale canadienne sp\u00e9cialis\u00e9e dans l\u2019ing\u00e9nierie informatique, la strat\u00e9gie num\u00e9rique, l\u2019acquisition et l\u2019installation d\u2019outils de technologies de l\u2019information.\" \/>\n<meta name=\"robots\" content=\"index, follow, max-snippet:-1, max-image-preview:large, max-video-preview:-1\" \/>\n<link rel=\"canonical\" href=\"https:\/\/yulcom-technologies.com\/en\/case-studies\/radio-jeunesse-sahel\/\" \/>\n<meta property=\"og:locale\" content=\"en_US\" \/>\n<meta property=\"og:type\" content=\"article\" \/>\n<meta property=\"og:title\" content=\"Radio Jeunesse Sahel - YULCOM\" \/>\n<meta property=\"og:description\" content=\"YULCOM Technologies est une firme multinationale canadienne sp\u00e9cialis\u00e9e dans l\u2019ing\u00e9nierie informatique, la strat\u00e9gie num\u00e9rique, l\u2019acquisition et l\u2019installation d\u2019outils de technologies de l\u2019information.\" \/>\n<meta property=\"og:url\" content=\"https:\/\/yulcom-technologies.com\/en\/case-studies\/radio-jeunesse-sahel\/\" \/>\n<meta property=\"og:site_name\" content=\"YULCOM\" \/>\n<meta property=\"article:modified_time\" content=\"2022-11-29T21:14:03+00:00\" \/>\n<meta property=\"og:image\" content=\"https:\/\/yulcom-technologies.com\/wp-content\/uploads\/2022\/11\/realisation5.jpg\" \/>\n\t<meta property=\"og:image:width\" content=\"500\" \/>\n\t<meta property=\"og:image:height\" content=\"300\" \/>\n\t<meta property=\"og:image:type\" content=\"image\/jpeg\" \/>\n<meta name=\"twitter:card\" content=\"summary_large_image\" \/>\n<meta name=\"twitter:label1\" content=\"Est. reading time\" \/>\n\t<meta name=\"twitter:data1\" content=\"6 minutes\" \/>\n<script type=\"application\/ld+json\" class=\"yoast-schema-graph\">{\"@context\":\"https:\/\/schema.org\",\"@graph\":[{\"@type\":\"WebPage\",\"@id\":\"https:\/\/yulcom-technologies.com\/en\/case-studies\/radio-jeunesse-sahel\/\",\"url\":\"https:\/\/yulcom-technologies.com\/en\/case-studies\/radio-jeunesse-sahel\/\",\"name\":\"Radio Jeunesse Sahel - YULCOM\",\"isPartOf\":{\"@id\":\"https:\/\/yulcom-technologies.com\/en\/#website\"},\"datePublished\":\"2022-11-29T21:05:30+00:00\",\"dateModified\":\"2022-11-29T21:14:03+00:00\",\"description\":\"YULCOM Technologies est une firme multinationale canadienne sp\u00e9cialis\u00e9e dans l\u2019ing\u00e9nierie informatique, la strat\u00e9gie num\u00e9rique, l\u2019acquisition et l\u2019installation d\u2019outils de technologies de l\u2019information.\",\"breadcrumb\":{\"@id\":\"https:\/\/yulcom-technologies.com\/en\/case-studies\/radio-jeunesse-sahel\/#breadcrumb\"},\"inLanguage\":\"en-CA\",\"potentialAction\":[{\"@type\":\"ReadAction\",\"target\":[\"https:\/\/yulcom-technologies.com\/en\/case-studies\/radio-jeunesse-sahel\/\"]}]},{\"@type\":\"BreadcrumbList\",\"@id\":\"https:\/\/yulcom-technologies.com\/en\/case-studies\/radio-jeunesse-sahel\/#breadcrumb\",\"itemListElement\":[{\"@type\":\"ListItem\",\"position\":1,\"name\":\"Accueil\",\"item\":\"https:\/\/yulcom-technologies.com\/en\/\"},{\"@type\":\"ListItem\",\"position\":2,\"name\":\"Case studies\",\"item\":\"https:\/\/yulcom-technologies.com\/en\/case-studies\/\"},{\"@type\":\"ListItem\",\"position\":3,\"name\":\"Radio Jeunesse Sahel\"}]},{\"@type\":\"WebSite\",\"@id\":\"https:\/\/yulcom-technologies.com\/en\/#website\",\"url\":\"https:\/\/yulcom-technologies.com\/en\/\",\"name\":\"YULCOM\",\"description\":\"\",\"publisher\":{\"@id\":\"https:\/\/yulcom-technologies.com\/en\/#organization\"},\"potentialAction\":[{\"@type\":\"SearchAction\",\"target\":{\"@type\":\"EntryPoint\",\"urlTemplate\":\"https:\/\/yulcom-technologies.com\/en\/?s={search_term_string}\"},\"query-input\":\"required name=search_term_string\"}],\"inLanguage\":\"en-CA\"},{\"@type\":\"Organization\",\"@id\":\"https:\/\/yulcom-technologies.com\/en\/#organization\",\"name\":\"YULCOM\",\"url\":\"https:\/\/yulcom-technologies.com\/en\/\",\"logo\":{\"@type\":\"ImageObject\",\"inLanguage\":\"en-CA\",\"@id\":\"https:\/\/yulcom-technologies.com\/en\/#\/schema\/logo\/image\/\",\"url\":\"https:\/\/yulcom-technologies.com\/wp-content\/uploads\/2021\/07\/logo.png\",\"contentUrl\":\"https:\/\/yulcom-technologies.com\/wp-content\/uploads\/2021\/07\/logo.png\",\"width\":1500,\"height\":514,\"caption\":\"YULCOM\"},\"image\":{\"@id\":\"https:\/\/yulcom-technologies.com\/en\/#\/schema\/logo\/image\/\"}}]}<\/script>\n<!-- \/ Yoast SEO plugin. -->","yoast_head_json":{"title":"Radio Jeunesse Sahel - YULCOM","description":"YULCOM Technologies est une firme multinationale canadienne sp\u00e9cialis\u00e9e dans l\u2019ing\u00e9nierie informatique, la strat\u00e9gie num\u00e9rique, l\u2019acquisition et l\u2019installation d\u2019outils de technologies de l\u2019information.","robots":{"index":"index","follow":"follow","max-snippet":"max-snippet:-1","max-image-preview":"max-image-preview:large","max-video-preview":"max-video-preview:-1"},"canonical":"https:\/\/yulcom-technologies.com\/en\/case-studies\/radio-jeunesse-sahel\/","og_locale":"en_US","og_type":"article","og_title":"Radio Jeunesse Sahel - YULCOM","og_description":"YULCOM Technologies est une firme multinationale canadienne sp\u00e9cialis\u00e9e dans l\u2019ing\u00e9nierie informatique, la strat\u00e9gie num\u00e9rique, l\u2019acquisition et l\u2019installation d\u2019outils de technologies de l\u2019information.","og_url":"https:\/\/yulcom-technologies.com\/en\/case-studies\/radio-jeunesse-sahel\/","og_site_name":"YULCOM","article_modified_time":"2022-11-29T21:14:03+00:00","og_image":[{"width":500,"height":300,"url":"https:\/\/yulcom-technologies.com\/wp-content\/uploads\/2022\/11\/realisation5.jpg","type":"image\/jpeg"}],"twitter_card":"summary_large_image","twitter_misc":{"Est. reading time":"6 minutes"},"schema":{"@context":"https:\/\/schema.org","@graph":[{"@type":"WebPage","@id":"https:\/\/yulcom-technologies.com\/en\/case-studies\/radio-jeunesse-sahel\/","url":"https:\/\/yulcom-technologies.com\/en\/case-studies\/radio-jeunesse-sahel\/","name":"Radio Jeunesse Sahel - YULCOM","isPartOf":{"@id":"https:\/\/yulcom-technologies.com\/en\/#website"},"datePublished":"2022-11-29T21:05:30+00:00","dateModified":"2022-11-29T21:14:03+00:00","description":"YULCOM Technologies est une firme multinationale canadienne sp\u00e9cialis\u00e9e dans l\u2019ing\u00e9nierie informatique, la strat\u00e9gie num\u00e9rique, l\u2019acquisition et l\u2019installation d\u2019outils de technologies de l\u2019information.","breadcrumb":{"@id":"https:\/\/yulcom-technologies.com\/en\/case-studies\/radio-jeunesse-sahel\/#breadcrumb"},"inLanguage":"en-CA","potentialAction":[{"@type":"ReadAction","target":["https:\/\/yulcom-technologies.com\/en\/case-studies\/radio-jeunesse-sahel\/"]}]},{"@type":"BreadcrumbList","@id":"https:\/\/yulcom-technologies.com\/en\/case-studies\/radio-jeunesse-sahel\/#breadcrumb","itemListElement":[{"@type":"ListItem","position":1,"name":"Accueil","item":"https:\/\/yulcom-technologies.com\/en\/"},{"@type":"ListItem","position":2,"name":"Case studies","item":"https:\/\/yulcom-technologies.com\/en\/case-studies\/"},{"@type":"ListItem","position":3,"name":"Radio Jeunesse Sahel"}]},{"@type":"WebSite","@id":"https:\/\/yulcom-technologies.com\/en\/#website","url":"https:\/\/yulcom-technologies.com\/en\/","name":"YULCOM","description":"","publisher":{"@id":"https:\/\/yulcom-technologies.com\/en\/#organization"},"potentialAction":[{"@type":"SearchAction","target":{"@type":"EntryPoint","urlTemplate":"https:\/\/yulcom-technologies.com\/en\/?s={search_term_string}"},"query-input":"required name=search_term_string"}],"inLanguage":"en-CA"},{"@type":"Organization","@id":"https:\/\/yulcom-technologies.com\/en\/#organization","name":"YULCOM","url":"https:\/\/yulcom-technologies.com\/en\/","logo":{"@type":"ImageObject","inLanguage":"en-CA","@id":"https:\/\/yulcom-technologies.com\/en\/#\/schema\/logo\/image\/","url":"https:\/\/yulcom-technologies.com\/wp-content\/uploads\/2021\/07\/logo.png","contentUrl":"https:\/\/yulcom-technologies.com\/wp-content\/uploads\/2021\/07\/logo.png","width":1500,"height":514,"caption":"YULCOM"},"image":{"@id":"https:\/\/yulcom-technologies.com\/en\/#\/schema\/logo\/image\/"}}]}},"_links":{"self":[{"href":"https:\/\/yulcom-technologies.com\/en\/wp-json\/wp\/v2\/pages\/13147","targetHints":{"allow":["GET"]}}],"collection":[{"href":"https:\/\/yulcom-technologies.com\/en\/wp-json\/wp\/v2\/pages"}],"about":[{"href":"https:\/\/yulcom-technologies.com\/en\/wp-json\/wp\/v2\/types\/page"}],"author":[{"embeddable":true,"href":"https:\/\/yulcom-technologies.com\/en\/wp-json\/wp\/v2\/users\/14"}],"replies":[{"embeddable":true,"href":"https:\/\/yulcom-technologies.com\/en\/wp-json\/wp\/v2\/comments?post=13147"}],"version-history":[{"count":3,"href":"https:\/\/yulcom-technologies.com\/en\/wp-json\/wp\/v2\/pages\/13147\/revisions"}],"predecessor-version":[{"id":13151,"href":"https:\/\/yulcom-technologies.com\/en\/wp-json\/wp\/v2\/pages\/13147\/revisions\/13151"}],"up":[{"embeddable":true,"href":"https:\/\/yulcom-technologies.com\/en\/wp-json\/wp\/v2\/pages\/13139"}],"wp:featuredmedia":[{"embeddable":true,"href":"https:\/\/yulcom-technologies.com\/en\/wp-json\/wp\/v2\/media\/12836"}],"wp:attachment":[{"href":"https:\/\/yulcom-technologies.com\/en\/wp-json\/wp\/v2\/media?parent=13147"}],"curies":[{"name":"wp","href":"https:\/\/api.w.org\/{rel}","templated":true}]}}